{"id":1019,"date":"2015-10-16T18:13:45","date_gmt":"2015-10-16T21:13:45","guid":{"rendered":"https:\/\/sacod.ufpr.br\/comunicacao\/?page_id=1019"},"modified":"2017-05-22T11:32:34","modified_gmt":"2017-05-22T14:32:34","slug":"jornalismo-2","status":"publish","type":"page","link":"https:\/\/sacod.ufpr.br\/comunicacao\/curso-de-comunicacao-social-2\/jornalismo-2\/","title":{"rendered":"Jornalismo"},"content":{"rendered":"<p><a href=\"https:\/\/sacod.ufpr.br\/comunicacao\/wp-content\/uploads\/sites\/9\/2015\/10\/OC115-Imprensa-Segmentada-.pdf\">OC115 &#8211; Imprensa Segmentada<\/a><\/p>\n<p><a href=\"https:\/\/sacod.ufpr.br\/comunicacao\/wp-content\/uploads\/sites\/9\/2015\/10\/OC116-Laborat\u00f3rio-de-Jornalismo-I-.pdf\">OC116 &#8211; Laborat\u00f3rio de Jornalismo I<\/a><\/p>\n<p><a href=\"https:\/\/sacod.ufpr.br\/comunicacao\/wp-content\/uploads\/sites\/9\/2015\/10\/OC117-laborat\u00f3rio-de-jornalismo-II.pdf\">OC117 &#8211; laborat\u00f3rio de jornalismo II<\/a><\/p>\n<p><a href=\"https:\/\/sacod.ufpr.br\/comunicacao\/wp-content\/uploads\/sites\/9\/2015\/10\/OC120-Fotojornalismo.pdf\">OC120 &#8211; Fotojornalismo<\/a><\/p>\n<p><a href=\"https:\/\/sacod.ufpr.br\/comunicacao\/wp-content\/uploads\/sites\/9\/2015\/10\/OC121-Reda\u00e7\u00e3o-Jornalistica-I-.pdf\">OC121 &#8211; Reda\u00e7\u00e3o Jornalistica I<\/a><\/p>\n<p><a href=\"https:\/\/sacod.ufpr.br\/comunicacao\/wp-content\/uploads\/sites\/9\/2015\/10\/OC122-Reda\u00e7\u00e3o-Jornal\u00edstica-II-.pdf\">OC122 &#8211; Reda\u00e7\u00e3o Jornal\u00edstica II<\/a><\/p>\n<p><a href=\"https:\/\/sacod.ufpr.br\/comunicacao\/wp-content\/uploads\/sites\/9\/2015\/10\/OC123-Reda\u00e7\u00e3o-Jornalistica-III.pdf\">OC123 &#8211; Reda\u00e7\u00e3o Jornalistica III<\/a><\/p>\n<p><a href=\"https:\/\/sacod.ufpr.br\/comunicacao\/wp-content\/uploads\/sites\/9\/2015\/10\/OC124-Planejamento-e-Produ\u00e7\u00e3o-Editorial-.pdf\">OC124 &#8211; Planejamento e Produ\u00e7\u00e3o Editorial<\/a><\/p>\n<p><a href=\"https:\/\/sacod.ufpr.br\/comunicacao\/wp-content\/uploads\/sites\/9\/2015\/10\/OC125-Planejamento-e-Produ\u00e7\u00e3o-Gr\u00e1fica-em-Jormalismo.pdf\">OC125 &#8211; Planejamento e Produ\u00e7\u00e3o Gr\u00e1fica em Jormalismo<\/a><\/p>\n<p><a href=\"https:\/\/sacod.ufpr.br\/comunicacao\/wp-content\/uploads\/sites\/9\/2015\/10\/OC140-Reda\u00e7\u00e3o-e-Produ\u00e7\u00e3o-em-Radiojornalismo.pdf\">OC140- Reda\u00e7\u00e3o e Produ\u00e7\u00e3o em Radiojornalismo<\/a><\/p>\n<p><a href=\"https:\/\/sacod.ufpr.br\/comunicacao\/wp-content\/uploads\/sites\/9\/2015\/10\/OC141-Redacao-e-Produ\u00e7\u00e3o-em-Telejornalismo-.pdf\">OC141 &#8211; Redacao e Produ\u00e7\u00e3o em Telejornalismo<\/a><\/p>\n<p><a href=\"https:\/\/sacod.ufpr.br\/comunicacao\/wp-content\/uploads\/sites\/9\/2015\/10\/OC190-\u00c9tica-e-Legisla\u00e7\u00e3o-em-Jornalismo.pdf\">OC190 &#8211; \u00c9tica e Legisla\u00e7\u00e3o em Jornalismo<\/a><\/p>\n<p><a href=\"https:\/\/sacod.ufpr.br\/comunicacao\/wp-content\/uploads\/sites\/9\/2015\/10\/OC191-Laborat\u00f3rio-de-Radiojornalismo.pdf\">OC191 &#8211; Laborat\u00f3rio de Radiojornalismo<\/a><\/p>\n<p><a href=\"https:\/\/sacod.ufpr.br\/comunicacao\/wp-content\/uploads\/sites\/9\/2015\/10\/OC192-Laborat\u00f3rio-de-Telejornalismo.pdf\">OC192 &#8211; Laborat\u00f3rio de Telejornalismo<\/a><\/p>\n<p><a href=\"https:\/\/sacod.ufpr.br\/comunicacao\/wp-content\/uploads\/sites\/9\/2015\/10\/OC193-Trabalho-de-conclus\u00e3o-de-Curso-em-Jornalismo-I.pdf\">OC193 &#8211; Trabalho de conclus\u00e3o de Curso em Jornalismo I<\/a><\/p>\n<p><a href=\"https:\/\/sacod.ufpr.br\/comunicacao\/wp-content\/uploads\/sites\/9\/2015\/10\/OC194-Trabalho-de-Conclus\u00e3o-de-Curso-em-Jornalismo-II.pdf\">OC194 &#8211; Trabalho de Conclus\u00e3o de Curso em Jornalismo II<\/a> <a href=\"https:\/\/sacod.ufpr.br\/comunicacao\/wp-content\/uploads\/sites\/9\/2015\/10\/OC195-Teoria-do-Jornalismo.pdf\">OC195 &#8211; Teoria do Jornalismo<\/a><\/p>\n","protected":false},"excerpt":{"rendered":"<p>OC115 &#8211; Imprensa Segmentada OC116 &#8211; Laborat\u00f3rio de Jornalismo I OC117 &#8211; laborat\u00f3rio de jornalismo II OC120 &#8211; Fotojornalismo OC121 &#8211; Reda\u00e7\u00e3o Jornalistica I OC122 &#8211; Reda\u00e7\u00e3o Jornal\u00edstica II OC123 &#8211; Reda\u00e7\u00e3o Jornalistica III OC124 &#8211; Planejamento e Produ\u00e7\u00e3o Editorial OC125 &#8211; Planejamento e Produ\u00e7\u00e3o Gr\u00e1fica em Jormalismo OC140- Reda\u00e7\u00e3o e Produ\u00e7\u00e3o em Radiojornalismo OC141 [&hellip;]<\/p>\n","protected":false},"author":7,"featured_media":0,"parent":1656,"menu_order":0,"comment_status":"open","ping_status":"open","template":"","meta":{"_acf_changed":false,"ngg_post_thumbnail":0,"footnotes":""},"class_list":["post-1019","page","type-page","status-publish","hentry"],"acf":[],"_links":{"self":[{"href":"https:\/\/sacod.ufpr.br\/comunicacao\/wp-json\/wp\/v2\/pages\/1019","targetHints":{"allow":["GET"]}}],"collection":[{"href":"https:\/\/sacod.ufpr.br\/comunicacao\/wp-json\/wp\/v2\/pages"}],"about":[{"href":"https:\/\/sacod.ufpr.br\/comunicacao\/wp-json\/wp\/v2\/types\/page"}],"author":[{"embeddable":true,"href":"https:\/\/sacod.ufpr.br\/comunicacao\/wp-json\/wp\/v2\/users\/7"}],"replies":[{"embeddable":true,"href":"https:\/\/sacod.ufpr.br\/comunicacao\/wp-json\/wp\/v2\/comments?post=1019"}],"version-history":[{"count":3,"href":"https:\/\/sacod.ufpr.br\/comunicacao\/wp-json\/wp\/v2\/pages\/1019\/revisions"}],"predecessor-version":[{"id":1067,"href":"https:\/\/sacod.ufpr.br\/comunicacao\/wp-json\/wp\/v2\/pages\/1019\/revisions\/1067"}],"up":[{"embeddable":true,"href":"https:\/\/sacod.ufpr.br\/comunicacao\/wp-json\/wp\/v2\/pages\/1656"}],"wp:attachment":[{"href":"https:\/\/sacod.ufpr.br\/comunicacao\/wp-json\/wp\/v2\/media?parent=1019"}],"curies":[{"name":"wp","href":"https:\/\/api.w.org\/{rel}","templated":true}]}}