{"id":90,"date":"2011-05-13T16:52:46","date_gmt":"2011-05-13T16:52:46","guid":{"rendered":"https:\/\/sacod.ufpr.br\/artes\/?page_id=90"},"modified":"2024-10-10T13:43:36","modified_gmt":"2024-10-10T16:43:36","slug":"musica-2","status":"publish","type":"page","link":"https:\/\/sacod.ufpr.br\/artes\/musica-2\/","title":{"rendered":"M\u00fasica"},"content":{"rendered":"<p>&nbsp;<\/p>\n<table>\n<tbody>\n<tr>\n<td width=\"349\">\n<h3><a href=\"https:\/\/sacod.ufpr.br\/artes\/musica-licenciatura-e-bacharelado\/\"><strong>Apresenta\u00e7\u00e3o do curso de m\u00fasica<\/strong><\/a><\/h3>\n<p>&nbsp;<\/p>\n<p><span style=\"color: #000080\"><a style=\"color: #000080\" href=\"https:\/\/sacod.ufpr.br\/artes\/vestibular\/\">Ingresso via <strong>vestibular<\/strong><\/a><\/span><\/p>\n<p>&nbsp;<\/p>\n<p><span style=\"color: #000080\"><a style=\"color: #000080\" href=\"https:\/\/sacod.ufpr.br\/artes\/provar\/\">Ingresso via <strong>PROVAR<\/strong><\/a><\/span><\/p>\n<p>&nbsp;<\/p>\n<p><span style=\"color: #000080\"><a style=\"color: #000080\" href=\"https:\/\/sacod.ufpr.br\/artes\/eletivas-e-isoladas\/\">Disciplinas<strong> eletivas e isoladas<\/strong><\/a><\/span><\/td>\n<td width=\"349\"><a href=\"https:\/\/sacod.ufpr.br\/artes\/\"><strong>NOT\u00cdCIAS<\/strong><br \/>\nDO DEPARTAMENTO DE ARTES<\/a>&nbsp;<\/p>\n<p><a href=\"https:\/\/ufpr.br\/wp-content\/uploads\/2022\/11\/Plano-de-Desenvolvimento-Institucional-UFPR-2022-2026.pdf\">PDI da UFPR<\/a><\/p>\n<p>&nbsp;<\/p>\n<p><a href=\"https:\/\/sacod.ufpr.br\/artes\/regimentos\/\">Regimentos da UFPR e do setor<\/a><\/p>\n<p>&nbsp;<\/p>\n<p><a href=\"https:\/\/sacod.ufpr.br\/artes\/wp-content\/uploads\/sites\/8\/2024\/03\/planejamento_estrategico_do_curso_de_musica_2023_2026.pdf\">Plano de a\u00e7\u00e3o da coordena\u00e7\u00e3o<\/a><\/td>\n<\/tr>\n<tr>\n<td width=\"349\"><\/td>\n<td width=\"349\"><\/td>\n<\/tr>\n<tr>\n<td width=\"349\">Coordenador: HUGO DE SOUZA MELO <a href=\"mailto:hugomelo@ufpr.br\">hugomelo@ufpr.br<\/a><br \/>\nVice-coordenador: FRANCISCO GONCALVES DE AZEVEDO <a href=\"mailto:fgazevedo@ufpr.br\">fgazevedo@ufpr.br<\/a>Secret\u00e1rio ALLAN CESIO NEVES DA SILVA <a href=\"mailto:secretariacmus@ufpr.br\">secretariacmus@ufpr.br<\/a><\/p>\n<p>A secretaria atende pessoalmente no hor\u00e1rio das aulas, 13:30 \u00e0s 19:30. O coordenador atende, fora do hor\u00e1rio das aulas de suas turmas, todos os dias, pelo grupo de WhatsApp do curso.<\/p>\n<p><strong><a href=\"https:\/\/sacod.ufpr.br\/artes\/docentes\/\">Contatos e curr\u00edculos dos docentes<\/a><\/strong><\/td>\n<td width=\"349\"><span style=\"color: #008000\">CPC do curso: 4<\/span><\/p>\n<p><span style=\"color: #008000\">ENADE: o bacharelado n\u00e3o \u00e9 avaliado pelo ENADE, s\u00f3 a licenciatura<\/span><br \/>\n<a href=\"https:\/\/www.gov.br\/inep\/pt-br\/acesso-a-informacao\/dados-abertos\/indicadores-educacionais\/indicadores-de-qualidade-da-educacao-superior\">https:\/\/www.gov.br\/inep\/pt-br\/acesso-a-informacao\/dados-abertos\/indicadores-educacionais\/indicadores-de-qualidade-da-educacao-superior<\/a><\/p>\n<p><a href=\"https:\/\/sacod.ufpr.br\/artes\/wp-content\/uploads\/sites\/8\/2024\/04\/renovacao_2012_bac.pdf\">Renova\u00e7\u00e3o 2012 do bacharelado<\/a> (Portaria n\u00ba 191, de 01 de outubro de 2012)<\/p>\n<p><a href=\"https:\/\/sacod.ufpr.br\/artes\/wp-content\/uploads\/sites\/8\/2024\/04\/renovacao_2017_bac.pdf\">Renova\u00e7\u00e3o 2017 do bacharelado<\/a> (Portaria N\u00b0 846 de 04 de agosto de 2017)<\/p>\n<p><a href=\"https:\/\/sacod.ufpr.br\/artes\/wp-content\/uploads\/sites\/8\/2024\/04\/renovacao_2018_lic.pdf\">Renova\u00e7\u00e3o 2018 da licenciatura<\/a> (Portaria N\u00b0 922 de 27 de dezembro de 2018)<\/td>\n<\/tr>\n<tr>\n<td width=\"349\"><\/td>\n<td width=\"349\"><\/td>\n<\/tr>\n<tr>\n<td width=\"349\"><a href=\"https:\/\/sacod.ufpr.br\/artes\/musica-grades-horarias\/\"><span style=\"color: #993300\"><strong><span style=\"color: #ff00ff\">Disciplinas do semestre, ensalamento e docentes<\/span><\/strong><\/span><\/a>&nbsp;<\/p>\n<p><span style=\"color: #993300\">Nesta p\u00e1gina tamb\u00e9m est\u00e3o os planos de ensino detalhados e as grades anteriores<\/span><\/p>\n<p>&nbsp;<\/p>\n<p><strong><span style=\"color: #993300\"><a style=\"color: #993300\" href=\"https:\/\/sacod.ufpr.br\/artes\/musica-grades-horarias\/\">Datas principais do calend\u00e1rio acad\u00eamico<\/a><\/span><\/strong><\/p>\n<p><span style=\"color: #993300\"><a style=\"color: #993300\" href=\"https:\/\/sacod.ufpr.br\/artes\/calendarios-academicos\/\"><strong>Calend\u00e1rio acad\u00eamico completo<\/strong><\/a><\/span><\/p>\n<p>&nbsp;<\/td>\n<td width=\"349\"><a href=\"https:\/\/sacod.ufpr.br\/artes\/wp-content\/uploads\/sites\/8\/2024\/10\/66fbf1d1233b86-39718441novo_ppc__musica_licenciatura_2023_2024.pdf\">PROJETO PEDAG\u00d3GICO de Licenciatura em M\u00fasica 2023\/2024<\/a>&nbsp;<\/p>\n<p><a href=\"https:\/\/sacod.ufpr.br\/artes\/wp-content\/uploads\/sites\/8\/2024\/10\/66fbf1d11f6c88-19195221novo_ppc__musica_bacharelado_2023_2024.pdf\">PROJETO PEDAG\u00d3GICO do Bacharelado em M\u00fasica 2023\/2024<\/a><\/p>\n<p>&nbsp;<\/p>\n<p><a href=\"https:\/\/sacod.ufpr.br\/artes\/musica-licenciatura-e-bacharelado\/\">Periodiza\u00e7\u00e3o, pr\u00e9-requisitos, equival\u00eancias, optativas, ementas e programas<\/a><\/p>\n<p>&nbsp;<\/p>\n<p><span style=\"color: #993300\"><a style=\"color: #993300\" href=\"http:\/\/www.prograd.ufpr.br\/portal\/copap\/formularios\/\">Formul\u00e1rios diversos<\/a><\/span><\/td>\n<\/tr>\n<tr>\n<td width=\"349\"><\/td>\n<td width=\"349\"><\/td>\n<\/tr>\n<tr>\n<td width=\"349\"><strong><a href=\"https:\/\/sacod.ufpr.br\/artes\/musica-estagio\/\">EST\u00c1GIOS<\/a><\/strong><br \/>\n<strong><a href=\"https:\/\/sacod.ufpr.br\/artes\/atividades-formativas\/\">Atividades formativas complementares<\/a><\/strong><br \/>\nA UFPR tem <a href=\"https:\/\/sacod.ufpr.br\/artes\/intercambio\/\">conv\u00eanio com 80 universidades para <strong>Interc\u00e2mbio estudantil<\/strong><\/a>&nbsp;<\/p>\n<p><strong><a href=\"https:\/\/sacod.ufpr.br\/artes\/extensao-musica\/\">EXTENS\u00c3O<\/a><\/strong><\/p>\n<p>&nbsp;<\/p>\n<p><strong><a href=\"https:\/\/sacod.ufpr.br\/artes\/iniciacao-cientifica-musica\/\">INICIA\u00c7\u00c3O CIENT\u00cdFICA<\/a><\/strong><\/p>\n<p>&nbsp;<\/p>\n<p><a href=\"https:\/\/sacod.ufpr.br\/artes\/monitoria\/\"><strong>MONITORIA<\/strong> (remunerada ou volunt\u00e1ria)<\/a><\/td>\n<td width=\"349\"><strong>TCC<\/strong>:<br \/>\nS\u00e3o duas disciplinas de 60 h de TCC,<br \/>\ncursadas no 7\u00ba e 8\u00ba semestres.Normas do <a href=\"https:\/\/sacod.ufpr.br\/artes\/tcc-musica\/\">TCC (trabalho de conclus\u00e3o de curso)<\/a><\/p>\n<p><strong><span style=\"color: #ff0000\">\u00cdntegra dos TCCs:<\/span><\/strong><\/p>\n<p>Em <a href=\"https:\/\/acervo.ufpr.br\/\">https:\/\/acervo.ufpr.br\/<\/a><\/p>\n<p>No alto \u00e0 direita selecionar: AM-Batel<br \/>\nEm todos os campos, selecione: M\u00fasica ou a palavra de interesse<br \/>\nEm Material, selecione: TCC \u2013 Gradua\u00e7\u00e3o digital<br \/>\nClique em Buscar<\/td>\n<\/tr>\n<tr>\n<td width=\"349\"><\/td>\n<td width=\"349\"><\/td>\n<\/tr>\n<tr>\n<td width=\"349\"><strong><a href=\"https:\/\/siga.ufpr.br\/portal\/\"><span style=\"color: #ff0000\">PORTAL DO ALUNO (SIGA)<\/span><\/a><\/strong><span style=\"color: #ff0000\"><strong>\u00a0<\/strong><\/span><strong><span style=\"color: #ff0000\"><a style=\"color: #ff0000\" href=\"https:\/\/sacod.ufpr.br\/artes\/bolsas\/\">Bolsas de aux\u00edlio<\/a><\/span><\/strong><\/p>\n<p><span style=\"color: #ff0000\"><a style=\"color: #ff0000\" href=\"http:\/\/www.prae.ufpr.br\/prae\/\">Site da <strong>PRAE<\/strong><\/a><\/span><\/p>\n<p><span style=\"color: #ff0000\"><a style=\"color: #ff0000\" href=\"https:\/\/sacod.ufpr.br\/artes\/wp-content\/uploads\/sites\/8\/2023\/03\/apres_prae_2023.pdf\">Apresenta\u00e7\u00e3o da PRAE<\/a><\/span><\/p>\n<p>&nbsp;<\/p>\n<p><span style=\"color: #ff0000\"><a style=\"color: #ff0000\" href=\"https:\/\/pra.ufpr.br\/centran\/sobre\/onibus-intercampi\/\">Hor\u00e1rios dos <strong>\u00f4nibus intercampi<\/strong><\/a><\/span><\/p>\n<p>&nbsp;<\/p>\n<p><span style=\"color: #ff0000\"><a style=\"color: #ff0000\" href=\"https:\/\/pra.ufpr.br\/ru\/\"><strong>Restaurantes universit\u00e1rios<\/strong><\/a><\/span><\/td>\n<td width=\"349\">A <strong><a href=\"https:\/\/ufprvirtual.ufpr.br\/\">UFPR Virtual<\/a><\/strong> \u00e9 um ambiente virtual de apoio ao curso. Foi muito utilizada durante o per\u00edodo da pandemia, e continua em uso para disponibilizar aos discentes, na maioria das disciplinas, os conte\u00fados de documentos, \u00e1udio e v\u00eddeos, complementando o apresentado nas aulas presenciais. A partir de 2023 somente seis disciplinas (tr\u00eas por semestre) n\u00e3o t\u00eam todas as aulas presenciais, as disciplinas de Aprecia\u00e7\u00e3o Musical 1 a 6.\u00a0 S\u00e3o listas de m\u00fasicas, complementando as m\u00fasicas que comp\u00f5em outras disciplinas do mesmo semestre, que os discentes devem ouvir e reconhecer suas principais caracter\u00edsticas: forma, estilo, compositor, \u00e9poca.<\/td>\n<\/tr>\n<tr>\n<td width=\"349\"><\/td>\n<td width=\"349\"><\/td>\n<\/tr>\n<tr>\n<td width=\"349\"><a href=\"https:\/\/sacod.ufpr.br\/artes\/grupos-de-pesquisa-de-musica\/\"><strong>Grupos de pesquisa<\/strong> <strong>de m\u00fasica<\/strong><\/a><\/p>\n<p><strong><a href=\"https:\/\/sacod.ufpr.br\/artes\/laboratorios\/\">Laborat\u00f3rios do curso<\/a><\/strong><\/td>\n<td width=\"349\"><strong><a href=\"https:\/\/www.instagram.com\/amplificar.ej\/\"><span style=\"color: #993366\">Empresa Jr. de M\u00fasica<\/span><\/a><\/strong><span style=\"color: #993366\">\u00a0<\/span><\/p>\n<p><span style=\"color: #993366\"><strong><a style=\"color: #993366\" href=\"https:\/\/sacod.ufpr.br\/artes\/centros-academicos\/\">Centro Acad\u00eamico<\/a><\/strong><\/span><\/td>\n<\/tr>\n<tr>\n<td width=\"349\"><\/td>\n<td width=\"349\"><\/td>\n<\/tr>\n<tr>\n<td width=\"349\"><strong>LABORAT\u00d3RIO DE INFORM\u00c1TICA E BIBLIOTECA<\/strong>&nbsp;<\/p>\n<p>H\u00e1 computadores para uso dos discentes na sala de estudos e na biblioteca, al\u00e9m do laborat\u00f3rio de produ\u00e7\u00e3o, com 20 computadores, que pode ser utilizado nos hor\u00e1rios em que n\u00e3o h\u00e1 aulas no mesmo.<\/td>\n<td width=\"349\">As informa\u00e7\u00f5es gerais aos discentes, sobre o curso, as bibliotecas e a UFPR, est\u00e3o em:<a href=\"https:\/\/sacod.ufpr.br\/artes\/informacoes-gerais\/\">https:\/\/sacod.ufpr.br\/artes\/informacoes-gerais\/<\/a><\/td>\n<\/tr>\n<tr>\n<td width=\"349\"><\/td>\n<td width=\"349\"><\/td>\n<\/tr>\n<tr>\n<td width=\"349\">O <strong>NDE<\/strong> \u00e9 composto pelo coordenador, prof Hugo Melo, e pelos professores, Clayton Rosa Mamedes, Francisco Gon\u00e7alves de Azevedo, Rafael Stefanichen Ferronato e Viviane Alves Kubo. O <strong>Colegiado<\/strong> \u00e9 formado pelo coordenador, prof Hugo Melo, e pelos professores do curso de m\u00fasica, Agla\u00ea Machado Frigeri, \u00c1lvaro Luiz Ribeiro da Silva Carlini, Clayton Rosa Mamedes, Danilo Ramos, Edwin Ricardo Pitre-V\u00e1squez, Francisco Gon\u00e7alves de Azevedo, Indioney Carneiro Rodrigues, Jos\u00e9 Estevam Gava, Juliane Cristina Larsen, Rafael Stefanichen Ferronato, Rosane Cardoso de Ara\u00fajo, Silvana Ruffier Scarinci e Viviane Alves Kubo, todos doutores em regime DE. Al\u00e9m disso o Colegiado tem um professor representante do Departamento de Fundamentos da Educa\u00e7\u00e3o e representantes discentes. As <strong>atas<\/strong> est\u00e3o em: <a href=\"https:\/\/sacod.ufpr.br\/artes\/atas\/\">https:\/\/sacod.ufpr.br\/artes\/atas\/<\/a><\/td>\n<td width=\"349\">O <strong>Programa de Orienta\u00e7\u00e3o Acad\u00eamica<\/strong> visa orientar a estudante e o estudante em sua trajet\u00f3ria acad\u00eamica no curso de M\u00fasica, no intuito de identificar preventivamente e criar solu\u00e7\u00f5es para a supera\u00e7\u00e3o de obst\u00e1culos ao processo de ensino aprendizagem, reduzindo a reten\u00e7\u00e3o e a evas\u00e3o. Al\u00e9m disso, os alunos s\u00e3o acompanhados pela coordena\u00e7\u00e3o do curso, que tamb\u00e9m orienta os alunos na escolha de disciplinas optativas e solicita ao departamento a abertura de algumas turmas de disciplinas que tenham apresentado muitos alunos reprovados, mesmo fora do semestre regular, para n\u00e3o prejudicar a integraliza\u00e7\u00e3o. H\u00e1 uma aten\u00e7\u00e3o espec\u00edfica aos alunos de 3\u00ba e 4\u00ba ano, quanto \u00e0 integraliza\u00e7\u00e3o, principalmente para aqueles que, por motivo de trabalho, n\u00e3o conseguirem concluir o curso em quatro anos, orientando-os quanto \u00e0s matr\u00edculas. O Colegiado indica os docentes respons\u00e1veis. Atualmente h\u00e1 um presidente, o prof Hugo Melo, e tr\u00eas membros: prof Francisco Azevedo, prof Clayton Mamede e Prof\u00aa Viviane Kubo. H\u00e1 tamb\u00e9m integra\u00e7\u00e3o entre coordena\u00e7\u00e3o do curso e centro acad\u00eamico, realizada de maneira permanente em reuni\u00f5es regulares, no sentido de atenderem-se as demandas emergentes dos alunos de maneira j\u00e1 contextualizada.<\/td>\n<\/tr>\n<\/tbody>\n<\/table>\n","protected":false},"excerpt":{"rendered":"<p>&nbsp; Apresenta\u00e7\u00e3o do curso de m\u00fasica &nbsp; Ingresso via vestibular &nbsp; Ingresso via PROVAR &nbsp; Disciplinas eletivas e isoladas NOT\u00cdCIAS DO DEPARTAMENTO DE ARTES&nbsp; PDI da UFPR &nbsp; Regimentos da UFPR e do setor &nbsp; Plano de a\u00e7\u00e3o da coordena\u00e7\u00e3o Coordenador: HUGO DE SOUZA MELO hugomelo@ufpr.br Vice-coordenador: FRANCISCO GONCALVES DE AZEVEDO fgazevedo@ufpr.brSecret\u00e1rio ALLAN CESIO NEVES [&hellip;]<\/p>\n","protected":false},"author":10,"featured_media":0,"parent":0,"menu_order":0,"comment_status":"open","ping_status":"open","template":"","meta":{"_acf_changed":false,"footnotes":""},"class_list":["post-90","page","type-page","status-publish","hentry"],"acf":[],"_links":{"self":[{"href":"https:\/\/sacod.ufpr.br\/artes\/wp-json\/wp\/v2\/pages\/90","targetHints":{"allow":["GET"]}}],"collection":[{"href":"https:\/\/sacod.ufpr.br\/artes\/wp-json\/wp\/v2\/pages"}],"about":[{"href":"https:\/\/sacod.ufpr.br\/artes\/wp-json\/wp\/v2\/types\/page"}],"author":[{"embeddable":true,"href":"https:\/\/sacod.ufpr.br\/artes\/wp-json\/wp\/v2\/users\/10"}],"replies":[{"embeddable":true,"href":"https:\/\/sacod.ufpr.br\/artes\/wp-json\/wp\/v2\/comments?post=90"}],"version-history":[{"count":183,"href":"https:\/\/sacod.ufpr.br\/artes\/wp-json\/wp\/v2\/pages\/90\/revisions"}],"predecessor-version":[{"id":9685,"href":"https:\/\/sacod.ufpr.br\/artes\/wp-json\/wp\/v2\/pages\/90\/revisions\/9685"}],"wp:attachment":[{"href":"https:\/\/sacod.ufpr.br\/artes\/wp-json\/wp\/v2\/media?parent=90"}],"curies":[{"name":"wp","href":"https:\/\/api.w.org\/{rel}","templated":true}]}}