{"id":812,"date":"2012-01-27T20:17:06","date_gmt":"2012-01-27T20:17:06","guid":{"rendered":"https:\/\/sacod.ufpr.br\/artes\/?page_id=812"},"modified":"2016-05-04T11:15:38","modified_gmt":"2016-05-04T14:15:38","slug":"eventos","status":"publish","type":"page","link":"https:\/\/sacod.ufpr.br\/artes\/eventos\/","title":{"rendered":"Eventos\/ Produ\u00e7\u00f5es"},"content":{"rendered":"<p><b>Musicaos<\/b>, um programa de r\u00e1dio sobre m\u00fasicas dos mais variados estilos e \u00e9pocas, produzido por professores e alunos do Departamento de Artes da UFPR.<\/p>\n<p><a href=\"http:\/\/programa-musicaos-sintonize.blogspot.com.br\/\"><img loading=\"lazy\" decoding=\"async\" class=\"alignnone wp-image-5234 size-medium\" src=\"https:\/\/sacod.ufpr.br\/artes\/wp-content\/uploads\/sites\/8\/2012\/01\/radio-300x175.png\" alt=\"radio\" width=\"300\" height=\"175\" srcset=\"https:\/\/sacod.ufpr.br\/artes\/wp-content\/uploads\/sites\/8\/2012\/01\/radio-300x175.png 300w, https:\/\/sacod.ufpr.br\/artes\/wp-content\/uploads\/sites\/8\/2012\/01\/radio-768x447.png 768w, https:\/\/sacod.ufpr.br\/artes\/wp-content\/uploads\/sites\/8\/2012\/01\/radio-429x250.png 429w, https:\/\/sacod.ufpr.br\/artes\/wp-content\/uploads\/sites\/8\/2012\/01\/radio.png 910w\" sizes=\"auto, (max-width: 300px) 100vw, 300px\" \/><\/a><\/p>\n<p>&nbsp;<\/p>\n<p>&nbsp;<\/p>\n<p>&nbsp;<\/p>\n<p>&nbsp;<\/p>\n<p>&nbsp;<\/p>\n<p>&nbsp;<\/p>\n<p>&nbsp;<\/p>\n<p>A cada semana um novo programa, ou\u00e7a<u> <a href=\"http:\/\/programa-musicaos-sintonize.blogspot.com.br\/\">aqui.<\/a><\/u><\/p>\n<p>&nbsp;<\/p>\n<p>Saiba mais sobre o projeto Musicaos, d\u00ea sua opini\u00e3o, participe:<br \/>\n<a href=\"http:\/\/programa-musicaos.blogspot.com.br\/\" target=\"_blank\">http:\/\/programa-musicaos.blogspot.com.br\/<\/a><\/p>\n<p>&nbsp;<\/p>\n","protected":false},"excerpt":{"rendered":"<p>Musicaos, um programa de r\u00e1dio sobre m\u00fasicas dos mais variados estilos e \u00e9pocas, produzido por professores e alunos do Departamento de Artes da UFPR. &nbsp; &nbsp; &nbsp; &nbsp; &nbsp; &nbsp; &nbsp; A cada semana um novo programa, ou\u00e7a aqui. &nbsp; Saiba mais sobre o projeto Musicaos, d\u00ea sua opini\u00e3o, participe: http:\/\/programa-musicaos.blogspot.com.br\/ &nbsp;<\/p>\n","protected":false},"author":10,"featured_media":0,"parent":0,"menu_order":0,"comment_status":"open","ping_status":"open","template":"","meta":{"_acf_changed":false,"footnotes":""},"class_list":["post-812","page","type-page","status-publish","hentry"],"acf":[],"_links":{"self":[{"href":"https:\/\/sacod.ufpr.br\/artes\/wp-json\/wp\/v2\/pages\/812","targetHints":{"allow":["GET"]}}],"collection":[{"href":"https:\/\/sacod.ufpr.br\/artes\/wp-json\/wp\/v2\/pages"}],"about":[{"href":"https:\/\/sacod.ufpr.br\/artes\/wp-json\/wp\/v2\/types\/page"}],"author":[{"embeddable":true,"href":"https:\/\/sacod.ufpr.br\/artes\/wp-json\/wp\/v2\/users\/10"}],"replies":[{"embeddable":true,"href":"https:\/\/sacod.ufpr.br\/artes\/wp-json\/wp\/v2\/comments?post=812"}],"version-history":[{"count":39,"href":"https:\/\/sacod.ufpr.br\/artes\/wp-json\/wp\/v2\/pages\/812\/revisions"}],"predecessor-version":[{"id":5350,"href":"https:\/\/sacod.ufpr.br\/artes\/wp-json\/wp\/v2\/pages\/812\/revisions\/5350"}],"wp:attachment":[{"href":"https:\/\/sacod.ufpr.br\/artes\/wp-json\/wp\/v2\/media?parent=812"}],"curies":[{"name":"wp","href":"https:\/\/api.w.org\/{rel}","templated":true}]}}