{"id":7741,"date":"2019-04-23T15:13:16","date_gmt":"2019-04-23T18:13:16","guid":{"rendered":"https:\/\/sacod.ufpr.br\/artes\/?page_id=7741"},"modified":"2025-10-02T11:13:19","modified_gmt":"2025-10-02T14:13:19","slug":"atividades-formativas","status":"publish","type":"page","link":"https:\/\/sacod.ufpr.br\/artes\/atividades-formativas\/","title":{"rendered":"Atividades Formativas"},"content":{"rendered":"<p>&nbsp;<\/p>\n<p><strong>ATIVIDADES FORMATIVAS DO CURSO DE ARTES VISUAIS<\/strong><\/p>\n<p>&nbsp;<\/p>\n<p><strong>Clique no link a seguir para ser direcionado ao sistema de cadastramento de Atividades Formativas do curso de Artes Visuais:<\/strong><\/p>\n<ul>\n<li style=\"list-style-type: none\">\n<ul>\n<li><a href=\"http:\/\/200.236.3.198:28080\/formativasdeartes\/Home\" target=\"_blank\" rel=\"noopener\">Licenciatura e Bacharelado.<\/a><\/li>\n<\/ul>\n<\/li>\n<\/ul>\n<p>&nbsp;<\/p>\n<p><a href=\"https:\/\/sacod.ufpr.br\/artes\/wp-content\/uploads\/sites\/8\/2020\/07\/regulamento-atividades-formativas-2020.pdf\">Regulamento das Atividades Formativas &#8211; Artes Visuais (GRR a partir de 2020)<\/a><\/p>\n<p><a href=\"https:\/\/sacod.ufpr.br\/artes\/wp-content\/uploads\/sites\/8\/2019\/04\/regulamento-de-atividades-formativas-2019-1-2.pdf\">Regulamento das Atividades Formativas &#8211; Artes Visuais (GRR anterior a 2020)\u00a0 <\/a><\/p>\n<p><a href=\"https:\/\/sacod.ufpr.br\/artes\/wp-content\/uploads\/sites\/8\/2025\/08\/regulamento-de-atividades-de-extensao-curricular.pdf\">REGULAMENTO DE ATIVIDADES DE EXTENS\u00c3O CURRICULAR<\/a><\/p>\n<p>&nbsp;<\/p>\n<hr \/>\n<p>&nbsp;<\/p>\n<p><strong>ATIVIDADES FORMATIVAS DO CURSO DE M\u00daSICA<\/strong><\/p>\n<p>&nbsp;<\/p>\n<p><strong>Alunos GRR at\u00e9 2018 (curr\u00edculo 2014) devem apresentar comprovantes de 300 horas<\/strong><\/p>\n<p><strong>Alunos GRR a partir de 2019 devem apresentar comprovantes de 200 horas<\/strong><\/p>\n<p><strong>Apresentem os comprovantes na Secretaria at\u00e9 o final do s\u00e9timo semestre do curso<\/strong><\/p>\n<p><strong>Atividades de extens\u00e3o s\u00e3o contadas como horas de extens\u00e3o OU como atividades formativas. N\u00e3o h\u00e1 bipontua\u00e7\u00e3o.<\/strong><\/p>\n<p>&nbsp;<\/p>\n<p><strong>Artigo 1\u00b0.<\/strong> S\u00e3o consideradas Atividades Complementares Formativas as realizadas <strong>enquanto o discente estiver regularmente matriculado e cursando a UFPR <\/strong>(<em>ou seja, atividades iniciadas a partir da matr\u00edcula no curso<\/em>), cumpridas <strong>no m\u00ednimo em tr\u00eas atividades distintas<\/strong>, dentre as seguintes modalidades:<\/p>\n<ol>\n<li style=\"list-style-type: none\">\n<ol>\n<li style=\"list-style-type: none\">\n<ol>\n<li>Disciplinas oferecidas por institui\u00e7\u00f5es de Ensino Superior \u2013 reconhecidas como tal \u2013 relacionadas a algum aspecto da forma\u00e7\u00e3o musical do aluno;<\/li>\n<li>Participa\u00e7\u00e3o em semin\u00e1rios, jornadas, congressos, eventos, simp\u00f3sios, cursos, realizados em institui\u00e7\u00f5es de Ensino Superior;<\/li>\n<li>Atividades de extens\u00e3o realizadas no \u00e2mbito do DeArtes;<\/li>\n<li>Atividades de extens\u00e3o realizadas fora do \u00e2mbito do DeArtes;<\/li>\n<li>Atividades de monitoria;<\/li>\n<li>Atividades de inicia\u00e7\u00e3o cient\u00edfica;<\/li>\n<li>Atividades de representa\u00e7\u00e3o acad\u00eamica;<\/li>\n<li>Participa\u00e7\u00e3o em Empresa J\u00fanior reconhecida formalmente pela UFPR;<\/li>\n<li>At\u00e9 60 (sessenta) horas de aula de idiomas estrangeiros;<\/li>\n<li>Est\u00e1gios n\u00e3o obrigat\u00f3rios;<\/li>\n<li>Aulas de execu\u00e7\u00e3o instrumental, ministradas por profissional com capacidade musical reconhecida;<\/li>\n<li>Participa\u00e7\u00e3o como volunt\u00e1rios em estudos desenvolvidos por grupos de pesquisa dos professores do DeArtes;<\/li>\n<li>Disciplinas transversais do semestre zero em 2022 (s\u00f3 para GRR2022);<\/li>\n<li>Participa\u00e7\u00e3o como mes\u00e1rio em elei\u00e7\u00f5es municipais, estaduais e\/ou federais).<\/li>\n<\/ol>\n<\/li>\n<\/ol>\n<\/li>\n<\/ol>\n<p>&nbsp;<\/p>\n<p><strong>Artigo 2\u00b0.<\/strong> Para que estas atividades sejam consideradas na carga hor\u00e1ria dos discentes,\u00a0\u00e9 necess\u00e1rio fornecer declara\u00e7\u00e3o, certificado e\/ou hist\u00f3rico escolar de cada curso ou atividade.<\/p>\n<p>Nesses documentos dever\u00e3o constar necessariamente:<\/p>\n<ol>\n<li style=\"list-style-type: none\">\n<ol>\n<li style=\"list-style-type: none\">\n<ol>\n<li>Nome completo do discente<\/li>\n<li>Curso, congresso ou outra atividade<\/li>\n<li>Per\u00edodo de realiza\u00e7\u00e3o da atividade e carga hor\u00e1ria total<\/li>\n<li>Institui\u00e7\u00e3o\/pessoa f\u00edsica que forneceu o certificado e\/ou hist\u00f3rico escolar<\/li>\n<\/ol>\n<\/li>\n<\/ol>\n<\/li>\n<\/ol>\n<p>&nbsp;<\/p>\n<p><strong>Artigo 3\u00b0.<\/strong> (s\u00f3 para Bacharelado) &#8211; As disciplinas abaixo poder\u00e3o ser cursadas por discentes do Bacharelado, para permitir que os interessados em perman\u00eancia (ingressantes at\u00e9 2022) possam cursar as <strong>disciplinas restantes da Licenciatura do 9\u00ba ao 12\u00ba semestres, nos dois anos restantes da integraliza\u00e7\u00e3o. Elas n\u00e3o s\u00e3o consideradas na soma de horas de optativas. Elas n\u00e3o s\u00e3o aceitas como Atividades Complementares Formativas<\/strong>, pois a finalidade das Atividades Formativas s\u00e3o pr\u00e1ticas na \u00e1rea de Bacharelado em M\u00fasica:<\/p>\n<ul>\n<li style=\"list-style-type: none\">\n<ul>\n<li style=\"list-style-type: none\">\n<ul>\n<li>OA873 Cogni\u00e7\u00e3o musical I<\/li>\n<li>OA884 Cogni\u00e7\u00e3o musical II<\/li>\n<li>OA826 Fundamentos da educa\u00e7\u00e3o musical I<\/li>\n<li>OA848 Fundamentos da educa\u00e7\u00e3o musical II<\/li>\n<li>OA856 Fundamentos da educa\u00e7\u00e3o musical III<\/li>\n<li>OA883 Reg\u00eancia aplicada \u00e0 educa\u00e7\u00e3o musical<\/li>\n<li>EM204 Did\u00e1tica<\/li>\n<li>ET084 Psicologia da educa\u00e7\u00e3o<\/li>\n<li>EP124 Pol\u00edtica e planejamento da educa\u00e7\u00e3o brasileira<\/li>\n<li>EP126 Organiza\u00e7\u00e3o do trabalho pedag\u00f3gico na escola<\/li>\n<li>ET175 T\u00f3picos Especiais em Fundamentos da Educa\u00e7\u00e3o I<\/li>\n<\/ul>\n<\/li>\n<\/ul>\n<\/li>\n<\/ul>\n<p>As cinco seguintes s\u00f3 podem ser cursadas por matriculados na Licenciatura:<\/p>\n<ul>\n<li style=\"list-style-type: none\">\n<ul>\n<li style=\"list-style-type: none\">\n<ul>\n<li>OA857 Pr\u00e1ticas pedag\u00f3gicas I<\/li>\n<li>OA867 Pr\u00e1ticas pedag\u00f3gicas II<\/li>\n<li>EM282 Metodologia do ensino de m\u00fasica<\/li>\n<li>EM280 Pr\u00e1tica de doc\u00eancia e ensino de m\u00fasica I<\/li>\n<li>EM281 Pr\u00e1tica de doc\u00eancia e ensino de m\u00fasica II<\/li>\n<\/ul>\n<\/li>\n<\/ul>\n<\/li>\n<\/ul>\n<p>&nbsp;<\/p>\n<hr \/>\n<p>&nbsp;<\/p>\n<p><strong>EST\u00c1GIOS<\/strong>: veja em: <a href=\"https:\/\/sacod.ufpr.br\/artes\/artes-visuais-estagio\/\">SECRETARIA &gt; EST\u00c1GIO&gt;Artes visuais<\/a> ou <a href=\"https:\/\/sacod.ufpr.br\/artes\/musica-estagio\/\">SECRETARIA &gt; EST\u00c1GIO&gt;M\u00fasica<\/a><\/p>\n<p>&nbsp;<\/p>\n","protected":false},"excerpt":{"rendered":"<p>&nbsp; ATIVIDADES FORMATIVAS DO CURSO DE ARTES VISUAIS &nbsp; Clique no link a seguir para ser direcionado ao sistema de cadastramento de Atividades Formativas do curso de Artes Visuais: Licenciatura e Bacharelado. &nbsp; Regulamento das Atividades Formativas &#8211; Artes Visuais (GRR a partir de 2020) Regulamento das Atividades Formativas &#8211; Artes Visuais (GRR anterior a [&hellip;]<\/p>\n","protected":false},"author":1759,"featured_media":0,"parent":0,"menu_order":0,"comment_status":"closed","ping_status":"closed","template":"","meta":{"_acf_changed":false,"footnotes":""},"class_list":["post-7741","page","type-page","status-publish","hentry"],"acf":[],"_links":{"self":[{"href":"https:\/\/sacod.ufpr.br\/artes\/wp-json\/wp\/v2\/pages\/7741","targetHints":{"allow":["GET"]}}],"collection":[{"href":"https:\/\/sacod.ufpr.br\/artes\/wp-json\/wp\/v2\/pages"}],"about":[{"href":"https:\/\/sacod.ufpr.br\/artes\/wp-json\/wp\/v2\/types\/page"}],"author":[{"embeddable":true,"href":"https:\/\/sacod.ufpr.br\/artes\/wp-json\/wp\/v2\/users\/1759"}],"replies":[{"embeddable":true,"href":"https:\/\/sacod.ufpr.br\/artes\/wp-json\/wp\/v2\/comments?post=7741"}],"version-history":[{"count":15,"href":"https:\/\/sacod.ufpr.br\/artes\/wp-json\/wp\/v2\/pages\/7741\/revisions"}],"predecessor-version":[{"id":9790,"href":"https:\/\/sacod.ufpr.br\/artes\/wp-json\/wp\/v2\/pages\/7741\/revisions\/9790"}],"wp:attachment":[{"href":"https:\/\/sacod.ufpr.br\/artes\/wp-json\/wp\/v2\/media?parent=7741"}],"curies":[{"name":"wp","href":"https:\/\/api.w.org\/{rel}","templated":true}]}}