{"id":7486,"date":"2019-01-22T08:25:23","date_gmt":"2019-01-22T11:25:23","guid":{"rendered":"https:\/\/sacod.ufpr.br\/artes\/?page_id=7486"},"modified":"2026-02-10T07:52:39","modified_gmt":"2026-02-10T10:52:39","slug":"informacoes-gerais","status":"publish","type":"page","link":"https:\/\/sacod.ufpr.br\/artes\/informacoes-gerais\/","title":{"rendered":"Informa\u00e7\u00f5es Gerais"},"content":{"rendered":"<h3><a href=\"https:\/\/sacod.ufpr.br\/artes\/wp-content\/uploads\/sites\/8\/2026\/02\/apresentacao_curso_de_musica_2026.pdf\">O curso de m\u00fasica &#8211; informa\u00e7\u00f5es de 2026<\/a><\/h3>\n<p>Esta apresenta\u00e7\u00e3o resume as ofertas de disciplinas, apresenta os docentes e ensina como acessar os sistemas on-line usados pela UFPR. E tamb\u00e9m inclui todas as datas para corre\u00e7\u00e3o de matr\u00edculas, pedidos de adiantamento, equival\u00eancias, trancamento etc.<\/p>\n<p>Assine a ficha de confirma\u00e7\u00e3o de matr\u00edcula, na secretaria do curso, nos dias 23, 24 ou 25 de fevereiro. Sem essa confirma\u00e7\u00e3o n\u00e3o h\u00e1 ingresso na UFPR.<\/p>\n<p>OBS: calouros n\u00e3o podem trancar o curso<\/p>\n<h4><a href=\"https:\/\/prae.ufpr.br\/\">Pr\u00f3-reitoria de Pertencimento e Pol\u00edticas de Perman\u00eancia Estudantil \u2013 P4E<\/a><\/h4>\n<p>Conhe\u00e7a os programas de assist\u00eancia estudantil, bolsas de aux\u00edlio, atendimento social, pedag\u00f3gico, psicol\u00f3gico, empr\u00e9stimo de notebooks e tudo que a\u00a0<strong>P4E<\/strong>\u00a0oferece.<\/p>\n<p>&nbsp;<\/p>\n<h4><a href=\"https:\/\/acervo.ufpr.br\/\">Acesso ao sistema de Bibliotecas (SIBI)<\/a><\/h4>\n<p>&nbsp;<\/p>\n<p><a href=\"http:\/\/www.prograd.ufpr.br\/blog\/informativo\/duvidas-mais-frequentes-sobre-o-semestre-zero\/\"><strong>Semestre zero<\/strong>\u00a0<strong><em>s\u00f3 para ingressantes em 2022<\/em><\/strong><\/a><\/p>\n<p>Mas s\u00e3o aulas com conte\u00fados interessantes para todos<\/p>\n<ul>\n<li style=\"list-style-type: none\">\n<ul>\n<li><a href=\"https:\/\/www.youtube.com\/watch?v=omjj-U5Gpkg\">AULA 1 | Produ\u00e7\u00e3o de textos acad\u00eamicos em l\u00edngua portuguesa<\/a><\/li>\n<li><a href=\"https:\/\/www.youtube.com\/watch?v=AxaB00TlONA\">AULA 2 | Produ\u00e7\u00e3o de textos acad\u00eamicos em l\u00edngua portuguesa<\/a><\/li>\n<li><a href=\"https:\/\/www.youtube.com\/watch?v=zPjA-H7iIXM\">AULA 3 |\u00a0Produ\u00e7\u00e3o de textos acad\u00eamicos em l\u00edngua portuguesa<\/a><\/li>\n<li><a href=\"https:\/\/www.youtube.com\/watch?v=S7ARbLcERME\">AULA 4 |\u00a0Produ\u00e7\u00e3o de textos acad\u00eamicos em l\u00edngua portuguesa<\/a><\/li>\n<li><a href=\"https:\/\/www.youtube.com\/watch?v=94pncGu5mS4\">AULA 5 |\u00a0Produ\u00e7\u00e3o de textos acad\u00eamicos em l\u00edngua portuguesa<\/a><\/li>\n<\/ul>\n<\/li>\n<\/ul>\n<p>&nbsp;<\/p>\n<ul>\n<li style=\"list-style-type: none\">\n<ul>\n<li><a href=\"https:\/\/www.youtube.com\/watch?v=OkSkcI-ufc0\">AULA 1 | Leitura de textos acad\u00eamicos em l\u00edngua inglesa<\/a><\/li>\n<li><a href=\"https:\/\/www.youtube.com\/watch?v=OcENPsas-zs\">AULA 2 | Leitura de textos acad\u00eamicos em l\u00edngua inglesa<\/a><\/li>\n<li><a href=\"https:\/\/www.youtube.com\/watch?v=AoL8Agbhlvo\">AULA 3 | Leitura de textos acad\u00eamicos em l\u00edngua inglesa<\/a><\/li>\n<li><a href=\"https:\/\/www.youtube.com\/watch?v=WOcXwnwSVBA\">AULA 4 | Leitura de textos acad\u00eamicos em l\u00edngua inglesa<\/a><\/li>\n<li><a href=\"https:\/\/www.youtube.com\/watch?v=3BfOUHOl8fM\">AULA 5 | Leitura de textos acad\u00eamicos em l\u00edngua inglesa<\/a><\/li>\n<\/ul>\n<\/li>\n<\/ul>\n<p>&nbsp;<\/p>\n<ul>\n<li style=\"list-style-type: none\">\n<ul>\n<li><a href=\"https:\/\/www.youtube.com\/watch?v=0b7Ql5WeA50\">AULA 1 | Direitos humanos: di\u00e1logos transversais<\/a><\/li>\n<li><a href=\"https:\/\/www.youtube.com\/watch?v=fpN4lpUjj_E\">AULA 2 | Direitos humanos: di\u00e1logos transversais<\/a><\/li>\n<li><a href=\"https:\/\/www.youtube.com\/watch?v=LL12O3j_Uwc&amp;list=PLYegZUmBSkeblKoQxV2lcRWLGVS8353Hm&amp;index=3\">AULA 3 | Direitos humanos: di\u00e1logos transversais<\/a><\/li>\n<li><a href=\"https:\/\/www.youtube.com\/watch?v=I0GTdP-D5ZQ\">AULA 4 | Direitos humanos: di\u00e1logos transversais<\/a><\/li>\n<li><a href=\"https:\/\/www.youtube.com\/watch?v=3pzwn8F5nO8\">AULA 5 | Direitos humanos: di\u00e1logos transversais<\/a><\/li>\n<li><a href=\"https:\/\/www.youtube.com\/watch?v=H1GcH5dIEWQ\">AULA 6 | Direitos humanos: di\u00e1logos transversais<\/a><\/li>\n<\/ul>\n<\/li>\n<\/ul>\n<p>&nbsp;<\/p>\n<p>Para cursos de exatas:<\/p>\n<ul>\n<li style=\"list-style-type: none\">\n<ul>\n<li><a href=\"https:\/\/www.youtube.com\/watch?v=5u2VpI9YWug\">AULA 1 | Ideias Fundamentais da Matem\u00e1tica e Estat\u00edstica<\/a><\/li>\n<li><a href=\"https:\/\/www.youtube.com\/watch?v=uU9lPkyZHTM\">AULA 2 | Ideias Fundamentais da Matem\u00e1tica e Estat\u00edstica<\/a><\/li>\n<li><a href=\"https:\/\/www.youtube.com\/watch?v=Hcsl1PbnXXk\">AULA 3 | Ideias Fundamentais da Matem\u00e1tica e Estat\u00edstica<\/a><\/li>\n<li><a href=\"https:\/\/www.youtube.com\/watch?v=4KUksiI6kK8\">AULA 4 | Ideias Fundamentais da Matem\u00e1tica e Estat\u00edstica<\/a><\/li>\n<li><a href=\"https:\/\/www.youtube.com\/watch?v=R721ClujEzQ\">AULA 5 | Ideias Fundamentais da Matem\u00e1tica e Estat\u00edstica<\/a><\/li>\n<\/ul>\n<\/li>\n<\/ul>\n<p>&nbsp;<\/p>\n<ul>\n<li style=\"list-style-type: none\">\n<ul>\n<li><a href=\"https:\/\/sacod.ufpr.br\/artes\/wp-content\/uploads\/sites\/8\/2024\/03\/manual-para-estudantes-da-ufpr-2024.pdf\">Manual do Estudante 2024<\/a><\/li>\n<\/ul>\n<\/li>\n<\/ul>\n<p>Alunos em d\u00e9bito com as bibliotecas (livros n\u00e3o devolvidos at\u00e9 o prazo final) n\u00e3o podem fazer matr\u00edcula em disciplinas.<\/p>\n<hr \/>\n<p>&nbsp;<\/p>\n<h3>2\u00aa via de diploma<\/h3>\n<p>&nbsp;<\/p>\n<div>\n<p>A emiss\u00e3o de segunda via do diploma \u00e9 especificada pela <a href=\"https:\/\/sacod.ufpr.br\/artes\/wp-content\/uploads\/sites\/8\/2024\/04\/res-16-17-coplad-taxas-diplomas.pdf\">Resolu\u00e7\u00e3o 16 2017-COPLAD<\/a>.<\/p>\n<p><a href=\"https:\/\/sacod.ufpr.br\/artes\/wp-content\/uploads\/sites\/8\/2021\/04\/requerimento-2-via-diploma.pdf\">Requerimento-2-via-diploma<\/a><\/p>\n<p>O custo para emiss\u00e3o de 2\u00aa via de diploma \u00e9 de R$ 275,00 (duzentos e setenta e cinco reais) conforme Resolu\u00e7\u00e3o n\u00ba 16\/2017- COPLAD.<\/p>\n<p><strong>PROCEDIMENTOS PARA EMISS\u00c3O DE 2\u00aa VIA DO DIPLOMA<\/strong><\/p>\n<ol>\n<li style=\"list-style-type: none\">\n<ol>\n<li>Pagar a taxa de emiss\u00e3o de 2\u00aa via do diploma atrav\u00e9s de GRU conforme instru\u00e7\u00f5es do requerimento.<\/li>\n<li>Preencher o requerimento de 2\u00aa via do diploma.<\/li>\n<li>Providenciar c\u00f3pia autenticada dos seguintes documentos:<\/li>\n<li>C\u00f3pia autenticada da Certid\u00e3o de Nascimento ou Casamento.<\/li>\n<li>C\u00f3pia autenticada da Carteira de Identidade (RG).<\/li>\n<li>Em caso de roubo anexar o Boletim de Ocorr\u00eancia<\/li>\n<li>Entregar na secretaria da Coordena\u00e7\u00e3o do Curso a GRU paga, requerimento preenchido e c\u00f3pia autenticada dos documentos.<\/li>\n<\/ol>\n<\/li>\n<\/ol>\n<\/div>\n<p>&nbsp;<\/p>\n<hr \/>\n<p><strong>ATIVIDADES FORMATIVAS DO CURSO DE ARTES VISUAIS<\/strong><\/p>\n<p>Aten\u00e7\u00e3o: O anexo II dever\u00e1 ser enviado \u00e0\u00a0secretaria do Curso de Artes Visuais, com c\u00f3pias dos comprovantes em PDF.<\/p>\n<p><a href=\"https:\/\/sacod.ufpr.br\/artes\/wp-content\/uploads\/sites\/8\/2019\/04\/regulamento-de-atividades-formativas-2019-1-2.pdf\">REGULAMENTO DE ATIVIDADES FORMATIVAS ARTES VISUAIS &#8211; 2019 <\/a><\/p>\n<p>&nbsp;<\/p>\n<p><a href=\"https:\/\/sacod.ufpr.br\/artes\/wp-content\/uploads\/sites\/8\/2019\/04\/anexo-ii-atividades-formativas-1.docx\">ANEXO II atividades formativas ARTES VISUAIS<\/a><\/p>\n<p>&nbsp;<\/p>\n<hr \/>\n<p><strong>ATIVIDADES FORMATIVAS DO CURSO DE M\u00daSICA<\/strong><\/p>\n<p>Para GRR2018 ou anterior s\u00e3o 300 horas, para GRR2019 em diante s\u00e3o 200 horas.<\/p>\n<p>Junte os comprovantes ao longo do curso e entregue na secretaria quando estiver no s\u00e9timo semestre. A secretaria vai digitalizar os comprovantes e devolv\u00ea-los.<\/p>\n<p>Em conson\u00e2ncia com a resolu\u00e7\u00e3o 70\/04 CEPE que disp\u00f5e sobre a mat\u00e9ria, ou outra que venha a substitu\u00ed-la, ser\u00e3o consideradas Atividades Complementares Formativas as realizadas enquanto o aluno estiver regularmente matriculado e cursando a UFPR, cumpridas no m\u00ednimo em <strong>tr\u00eas<\/strong> atividades distintas, dentre as seguintes modalidades:<\/p>\n<ol>\n<li style=\"list-style-type: none\">\n<ol>\n<li>Disciplinas oferecidas por institui\u00e7\u00f5es de Ensino Superior \u2013 reconhecidas como tal \u2013 relacionadas a algum aspecto da forma\u00e7\u00e3o musical do aluno;<\/li>\n<li>Participa\u00e7\u00e3o em semin\u00e1rios, jornadas, congressos, eventos, simp\u00f3sios, cursos, realizados em institui\u00e7\u00f5es de Ensino Superior;<\/li>\n<li>Atividades de extens\u00e3o realizadas no \u00e2mbito do DeArtes;<\/li>\n<li>Atividades de extens\u00e3o realizadas fora do \u00e2mbito do DeArtes;<\/li>\n<li>Atividades de monitoria;<\/li>\n<li>Atividades de inicia\u00e7\u00e3o cient\u00edfica;<\/li>\n<li>Atividades de representa\u00e7\u00e3o acad\u00eamica;<\/li>\n<li>Participa\u00e7\u00e3o em Empresa J\u00fanior reconhecida formalmente pela UFPR;<\/li>\n<li>At\u00e9 60 (sessenta) horas de aula de idiomas estrangeiros;<\/li>\n<li>Est\u00e1gios n\u00e3o obrigat\u00f3rios;<\/li>\n<li>Aulas de execu\u00e7\u00e3o instrumental, ministradas por profissional com capacidade musical reconhecida;<\/li>\n<li>Participa\u00e7\u00e3o como volunt\u00e1rios em estudos desenvolvidos por grupos de pesquisa dos professores do DeArtes;<\/li>\n<li>Disciplinas do semestre zero 2022 (s\u00f3 para GRR2022).<\/li>\n<\/ol>\n<\/li>\n<\/ol>\n<p>&nbsp;<\/p>\n<p>Para que estas atividades sejam consideradas na carga hor\u00e1ria dos alunos, \u00e9 necess\u00e1rio fornecer declara\u00e7\u00e3o, certificado e\/ou hist\u00f3rico escolar de cada curso ou atividade. Nesses documentos dever\u00e3o constar necessariamente.<\/p>\n<ol>\n<li style=\"list-style-type: none\">\n<ol>\n<li>Nome completo do aluno;<\/li>\n<li>Curso, congresso ou outra atividade;<\/li>\n<li>Per\u00edodo de realiza\u00e7\u00e3o da atividade e carga hor\u00e1ria total;<\/li>\n<li>Institui\u00e7\u00e3o\/pessoa f\u00edsica que forneceu o certificado e\/ou hist\u00f3rico escolar.<\/li>\n<\/ol>\n<\/li>\n<\/ol>\n<hr \/>\n<p>&nbsp;<\/p>\n<p><strong>EST\u00c1GIOS<\/strong>: veja em SECRETARIA \/ EST\u00c1GIO<\/p>\n","protected":false},"excerpt":{"rendered":"<p>O curso de m\u00fasica &#8211; informa\u00e7\u00f5es de 2026 Esta apresenta\u00e7\u00e3o resume as ofertas de disciplinas, apresenta os docentes e ensina como acessar os sistemas on-line usados pela UFPR. E tamb\u00e9m inclui todas as datas para corre\u00e7\u00e3o de matr\u00edculas, pedidos de adiantamento, equival\u00eancias, trancamento etc. Assine a ficha de confirma\u00e7\u00e3o de matr\u00edcula, na secretaria do curso, [&hellip;]<\/p>\n","protected":false},"author":1759,"featured_media":0,"parent":0,"menu_order":0,"comment_status":"closed","ping_status":"closed","template":"","meta":{"_acf_changed":false,"footnotes":""},"class_list":["post-7486","page","type-page","status-publish","hentry"],"acf":[],"_links":{"self":[{"href":"https:\/\/sacod.ufpr.br\/artes\/wp-json\/wp\/v2\/pages\/7486","targetHints":{"allow":["GET"]}}],"collection":[{"href":"https:\/\/sacod.ufpr.br\/artes\/wp-json\/wp\/v2\/pages"}],"about":[{"href":"https:\/\/sacod.ufpr.br\/artes\/wp-json\/wp\/v2\/types\/page"}],"author":[{"embeddable":true,"href":"https:\/\/sacod.ufpr.br\/artes\/wp-json\/wp\/v2\/users\/1759"}],"replies":[{"embeddable":true,"href":"https:\/\/sacod.ufpr.br\/artes\/wp-json\/wp\/v2\/comments?post=7486"}],"version-history":[{"count":46,"href":"https:\/\/sacod.ufpr.br\/artes\/wp-json\/wp\/v2\/pages\/7486\/revisions"}],"predecessor-version":[{"id":9954,"href":"https:\/\/sacod.ufpr.br\/artes\/wp-json\/wp\/v2\/pages\/7486\/revisions\/9954"}],"wp:attachment":[{"href":"https:\/\/sacod.ufpr.br\/artes\/wp-json\/wp\/v2\/media?parent=7486"}],"curies":[{"name":"wp","href":"https:\/\/api.w.org\/{rel}","templated":true}]}}