{"id":6766,"date":"2018-11-09T10:01:00","date_gmt":"2018-11-09T13:01:00","guid":{"rendered":"https:\/\/sacod.ufpr.br\/artes\/?page_id=6766"},"modified":"2025-10-21T14:17:24","modified_gmt":"2025-10-21T17:17:24","slug":"contato-2","status":"publish","type":"page","link":"https:\/\/sacod.ufpr.br\/artes\/contato-2\/","title":{"rendered":"#Contato"},"content":{"rendered":"<p><span style=\"font-weight: 400\">O Departamento de Artes est\u00e1 \u00e0 disposi\u00e7\u00e3o dos interessados em obter informa\u00e7\u00f5es referentes a procedimentos regimentais, conte\u00fado program\u00e1tico dos cursos, normas para elabora\u00e7\u00e3o de monografias e corpo docente. A maioria das informa\u00e7\u00f5es est\u00e3o dispon\u00edveis neste site.<br \/>\n<\/span><\/p>\n<p><span style=\"font-weight: 400\">Quest\u00f5es espec\u00edficas relativas Artes Visuais, M\u00fasica e Produ\u00e7\u00e3o Cultural poder\u00e3o tamb\u00e9m ser dirigidas ao Departamento, que ser\u00e3o encaminhadas aos respectivos professores de acordo com sua \u00e1rea de atua\u00e7\u00e3o.<\/span><\/p>\n<p>&nbsp;<\/p>\n<p><i><span style=\"font-weight: 400\">Endere\u00e7o<\/span><\/i><span style=\"font-weight: 400\">: Rua Coronel Dulc\u00eddio, 638 \u2013 Bairro Batel, CEP 80420-170 \u2013 Curitiba, PR \u2013 Brasil<\/span><\/p>\n<p>(Bacharelado em Produ\u00e7\u00e3o Cultural: Rua Bom Jesus, 650 \u2013 Juvev\u00ea, CEP 80035-010 \u2013 Curitiba, PR \u2013 Brasil)<\/p>\n<p><strong><i>Chefe do departamento<\/i><\/strong><span style=\"font-weight: 400\">: <\/span><span style=\"font-weight: 400\">Prof\u00aa Fabr\u00edcia Cabral de Lira Jord\u00e3o &#8211; <a href=\"mailto:fcljordao@ufpr.br\">fcljordao@ufpr.br<\/a><\/span><\/p>\n<p><strong><i>Secretaria<\/i><\/strong><span style=\"font-weight: 400\">:\u00a0<a href=\"deartes@ufpr.br\">deartes@ufpr.br<\/a><\/span><\/p>\n<p><span style=\"font-weight: 400\">(041) 3307 7303 &#8211; inoperante<\/span><\/p>\n<p>&nbsp;<\/p>\n<p><strong><i>Coordena\u00e7\u00f5es<\/i><\/strong><\/p>\n<p><strong>Artes Visuais<\/strong><\/p>\n<p><strong>Coordena\u00e7\u00e3o:<\/strong> Professora Luana Marchiori Veiga \u2013 <a href=\"mailto:luanaveiga@ufpr.br\">luanaveiga@ufpr.br<\/a><\/p>\n<p>(041) 3307 7302 \/ 3307 7305<span style=\"font-weight: 400\"> &#8211; inoperante<\/span><\/p>\n<p>&nbsp;<\/p>\n<p><strong>M\u00fasica<\/strong><\/p>\n<p><span style=\"font-weight: 400\"><strong>Coordena\u00e7\u00e3o:<\/strong> Prof. Hugo de Souza Melo &#8211; <\/span><a href=\"mailto:hugomelo@ufpr.br\"><span style=\"font-weight: 400\">hugomelo@ufpr.br<\/span><\/a><\/p>\n<p><span style=\"font-weight: 400\">(041) 3307 7301 &#8211; inoperante<\/span><\/p>\n<p>&nbsp;<\/p>\n<p><strong>Produ\u00e7\u00e3o Cultural<\/strong><\/p>\n<p><strong>Coordena\u00e7\u00e3o:<\/strong> Prof. Allan Valenza da Silveira &#8211; <a href=\"mailto:allanvalenza@ufpr.br\">allanvalenza@ufpr.br<\/a><\/p>\n<p>&nbsp;<\/p>\n<p><strong><i>Secretarias<\/i><\/strong><\/p>\n<p><strong>Artes Visuais<\/strong><\/p>\n<p><span style=\"font-weight: 400\">Sandra Rota da Purifica\u00e7\u00e3o &#8211;\u00a0<\/span><a href=\"mailto:artesvisuais@ufpr.br\"><span style=\"font-weight: 400\">artesvisuais@ufpr.br<\/span><\/a><\/p>\n<p><span style=\"font-weight: 400\">(041) 3307 7302 &#8211; inoperante<\/span><\/p>\n<p>&nbsp;<\/p>\n<p><strong>M\u00fasica<\/strong><\/p>\n<p>Allan Cesio Neves da Silva &#8211;\u00a0<a href=\"mailto:cmus@ufpr.br\"><span style=\"font-weight: 400\">cmus@ufpr.br<\/span><\/a><\/p>\n<p><span style=\"font-weight: 400\">(041) 3307 7301 &#8211; inoperante<\/span><\/p>\n<p>&nbsp;<\/p>\n<p><strong>Produ\u00e7\u00e3o Cultural<\/strong><\/p>\n<p>Gleuce Pinho Neckel &#8211;\u00a0<a href=\"mailto:producaocultural@ufpr.br\">producaocultural@ufpr.br<\/a><\/p>\n<p>&nbsp;<\/p>\n<p><strong>Programa de P\u00f3s Gradua\u00e7\u00e3o em M\u00fasica<\/strong><\/p>\n<p>Secret\u00e1ria: Sheila Macari<\/p>\n<p><a href=\"mailto:secretaria.ppgmusica@ufpr.br\" target=\"_blank\" rel=\"noopener\">secretaria.ppgmusica@ufpr.br<\/a><\/p>\n<p>(041) 3307 7306<span style=\"font-weight: 400\"> &#8211; inoperante<\/span><\/p>\n<p><a href=\"https:\/\/www.prppg.ufpr.br\/site\/ppgmusica\/pb\/\">https:\/\/www.prppg.ufpr.br\/site\/ppgmusica\/pb\/<\/a><\/p>\n<p>&nbsp;<\/p>\n<p><strong>Biblioteca<\/strong><\/p>\n<p>(041) 3307 7310<span style=\"font-weight: 400\"> &#8211; inoperante<\/span><\/p>\n<p>&nbsp;<\/p>\n<p><strong>Portaria<\/strong><\/p>\n<p><span style=\"font-weight: 400\">(041) 3307 7323 &#8211; inoperante<\/span><\/p>\n<p>&nbsp;<\/p>\n<p><strong><i>Ouvidoria da UFPR<\/i><\/strong><\/p>\n<p><a href=\"http:\/\/www.ouvidoriageral.ufpr.br\/\"><span style=\"font-weight: 400\">http:\/\/www.ouvidoriageral.ufpr.br\/<\/span><\/a><\/p>\n<p>&nbsp;<\/p>\n<p><b>Centro acad\u00eamico de Artes Visuais<\/b><\/p>\n<p><a href=\"mailto:caartesvisuaisufpr@gmail.com\"><span style=\"font-weight: 400\">caartesvisuaisufpr@gmail.com<\/span><\/a><\/p>\n<p>&nbsp;<\/p>\n<p><b>Centro acad\u00eamico de M\u00fasica<\/b><\/p>\n<p><a href=\"mailto:ca.musicaufpr@gmail.com\"><span style=\"font-weight: 400\">ca.musicaufpr@gmail.com<\/span><\/a><\/p>\n<p>&nbsp;<\/p>\n<p><strong>Centro Acad\u00eamico de Produ\u00e7\u00e3o Cultural<\/strong><\/p>\n<p><a href=\"mailto:ufprprocuca@gmail.com\"><u>ufprprocuca@gmail.com<\/u><\/a><\/p>\n","protected":false},"excerpt":{"rendered":"<p>O Departamento de Artes est\u00e1 \u00e0 disposi\u00e7\u00e3o dos interessados em obter informa\u00e7\u00f5es referentes a procedimentos regimentais, conte\u00fado program\u00e1tico dos cursos, normas para elabora\u00e7\u00e3o de monografias e corpo docente. A maioria das informa\u00e7\u00f5es est\u00e3o dispon\u00edveis neste site. Quest\u00f5es espec\u00edficas relativas Artes Visuais, M\u00fasica e Produ\u00e7\u00e3o Cultural poder\u00e3o tamb\u00e9m ser dirigidas ao Departamento, que ser\u00e3o encaminhadas aos [&hellip;]<\/p>\n","protected":false},"author":1759,"featured_media":0,"parent":0,"menu_order":0,"comment_status":"closed","ping_status":"closed","template":"","meta":{"_acf_changed":false,"footnotes":""},"class_list":["post-6766","page","type-page","status-publish","hentry"],"acf":[],"_links":{"self":[{"href":"https:\/\/sacod.ufpr.br\/artes\/wp-json\/wp\/v2\/pages\/6766","targetHints":{"allow":["GET"]}}],"collection":[{"href":"https:\/\/sacod.ufpr.br\/artes\/wp-json\/wp\/v2\/pages"}],"about":[{"href":"https:\/\/sacod.ufpr.br\/artes\/wp-json\/wp\/v2\/types\/page"}],"author":[{"embeddable":true,"href":"https:\/\/sacod.ufpr.br\/artes\/wp-json\/wp\/v2\/users\/1759"}],"replies":[{"embeddable":true,"href":"https:\/\/sacod.ufpr.br\/artes\/wp-json\/wp\/v2\/comments?post=6766"}],"version-history":[{"count":25,"href":"https:\/\/sacod.ufpr.br\/artes\/wp-json\/wp\/v2\/pages\/6766\/revisions"}],"predecessor-version":[{"id":9884,"href":"https:\/\/sacod.ufpr.br\/artes\/wp-json\/wp\/v2\/pages\/6766\/revisions\/9884"}],"wp:attachment":[{"href":"https:\/\/sacod.ufpr.br\/artes\/wp-json\/wp\/v2\/media?parent=6766"}],"curies":[{"name":"wp","href":"https:\/\/api.w.org\/{rel}","templated":true}]}}