{"id":6764,"date":"2018-11-09T10:44:59","date_gmt":"2018-11-09T13:44:59","guid":{"rendered":"https:\/\/sacod.ufpr.br\/artes\/?page_id=6764"},"modified":"2024-03-25T15:34:19","modified_gmt":"2024-03-25T18:34:19","slug":"eletivas-e-isoladas","status":"publish","type":"page","link":"https:\/\/sacod.ufpr.br\/artes\/eletivas-e-isoladas\/","title":{"rendered":"Eletivas e isoladas"},"content":{"rendered":"<p><i><span style=\"font-weight: 400\">Disciplina eletiva<\/span><\/i><\/p>\n<p><span style=\"font-weight: 400\">Alunos de gradua\u00e7\u00e3o da UFPR podem se matricular em qualquer disciplina ofertada, mesmo que ela n\u00e3o fa\u00e7a parte de sua grade curricular, se houver vaga. A disciplina n\u00e3o deve pertencer ao curso do interessado, que deve cumprir os pr\u00e9-requisitos (e correquisitos) quando necess\u00e1rios. Ela n\u00e3o vale como disciplina optativa. S\u00f3 s\u00e3o optativas as que constam do PPC do curso. Pode ser aceita como atividade complementar, de acordo com o PPC do curso. O aluno n\u00e3o pode exceder oito horas di\u00e1rias e\/ou quarenta horas semanais de aula.<\/span><\/p>\n<p>&nbsp;<\/p>\n<p><i><span style=\"font-weight: 400\">Disciplina isolada<\/span><\/i><\/p>\n<p><span style=\"font-weight: 400\">Destinada a pessoas n\u00e3o integrantes do corpo discente regular da UFPR, com Ensino M\u00e9dio conclu\u00eddo (no m\u00ednimo). A cada per\u00edodo, o interessado pode cursar at\u00e9 tr\u00eas disciplinas, num total de at\u00e9 8 horas semanais. O aluno recebe um certificado de conclus\u00e3o da disciplina emitido pela <\/span><span style=\"font-weight: 400\">PROGRAD<\/span><span style=\"font-weight: 400\">.<br \/>\nAs matr\u00edculas s\u00e3o solicitadas na terceira ou quarta semana de aulas, mas compare\u00e7a na Secretaria antes do in\u00edcio das aulas, informe-se das disciplinas poss\u00edveis, converse com o docente, comece a frequentar as aulas desde a primeira aula, e pe\u00e7a a matr\u00edcula na data prevista.<br \/>\nVeja as datas em SECRETARIA \/ Calend\u00e1rios Acad\u00eamicos.<br \/>\n<\/span><\/p>\n<p>&nbsp;<\/p>\n<p><strong>Instru\u00e7\u00f5es para matr\u00edcula em disciplinas isoladas e eletivas<\/strong><\/p>\n<p>Disciplina Eletiva &#8211; Para alunos da UFPR.<br \/>\nDisciplina Isolada &#8211; Pessoas n\u00e3o integrantes do corpo discente regular da UFPR, com Ensino M\u00e9dio conclu\u00eddo.<\/p>\n<p>1- Os requerimentos de matr\u00edcula de isoladas\/eletivas devem ser realizados nos per\u00edodos previstos no calend\u00e1rio acad\u00eamico.<br \/>\n2- Os interessados das disciplinas isoladas devem levar ao NAA, al\u00e9m do formul\u00e1rio devidamente preenchido, assinado e carimbado, c\u00f3pia do documento de identifica\u00e7\u00e3o, c\u00f3pia do CPF e comprovante de conclus\u00e3o do ensino m\u00e9dio.<br \/>\n3- Os requerimentos de matr\u00edcula de isoladas\/eletivas devem ser devidamente preenchidos, carimbados e assinados, com aten\u00e7\u00e3o especial aos c\u00f3digos das disciplinas e a indica\u00e7\u00e3o das turmas, informa\u00e7\u00f5es fundamentais para a realiza\u00e7\u00e3o da matr\u00edcula.<br \/>\n4- O interessado cursar disciplina isolada pode solicitar at\u00e9 3 disciplinas por semestre\/ano.<br \/>\n5- Para as disciplinas isoladas , cursadas por interessados com ensino m\u00e9dio conclu\u00eddo, somente o chefe\/secret\u00e1rio do Departamento (autorizando a vaga) deve preencher e assinar os requerimentos.<br \/>\n6- Os Departamentos n\u00e3o podem conceder vagas de disciplinas isoladas ou eletivas \u00e0s disciplinas de Est\u00e1gio, Monografia e Trabalho de Conclus\u00e3o de Curso, bem como outras disciplinas estabelecidas pelo Colegiado de curso e constantes no Projeto Pedag\u00f3gico do curso (Projetos Avan\u00e7ados para o Curso de Artes Visuais).<br \/>\n7- A verifica\u00e7\u00e3o de pr\u00e9-requisitos e condi\u00e7\u00f5es de acompanhamento da disciplina por parte do interessado \u00e9 de responsabilidade da chefia dos Departamentos.<br \/>\n8- Para as disciplinas eletivas, cursadas por alunos da UFPR, s\u00e3o necess\u00e1rios assinatura e carimbo do chefe\/secret\u00e1rio do Departamento e do Coordenador do Curso nos requerimentos.<br \/>\n9- Os Departamentos e as Coordena\u00e7\u00f5es utilizar\u00e3o apenas os requerimentos atualizados que s\u00e3o disponibilizados no endere\u00e7o www.prograd.ufpr\/portal\/copap (formul\u00e1rios).<br \/>\n10- N\u00e3o \u00e9 permitido entregar ao interessado em cursar disciplina isolada comprovante de matr\u00edcula e\/ou hist\u00f3rico escolar. Qualquer documento que o mesmo precise, deve ser solicitado ao NAA.<br \/>\n11- As disciplinas eletivas servir\u00e3o apenas para o enriquecimento do hist\u00f3rico do<br \/>\naluno e que, de forma alguma, servir\u00e1 para equival\u00eancia ou integraliza\u00e7\u00e3o curricular, conforme Resolu\u00e7\u00e3o n \u00ba 37\/97 CEPE.<\/p>\n<p>COPAP\/NAA &#8211; Matr\u00edculas<br \/>\nContatos:<br \/>\n(41) 3310-2628<br \/>\n(41) 3310-2769<br \/>\n(41) 3310-2674<br \/>\nPra\u00e7a Santos Andrade, 50 | CEP: 80020-300 | Centro &#8211; Curitiba, PR &#8211; Brasil<\/p>\n","protected":false},"excerpt":{"rendered":"<p>Disciplina eletiva Alunos de gradua\u00e7\u00e3o da UFPR podem se matricular em qualquer disciplina ofertada, mesmo que ela n\u00e3o fa\u00e7a parte de sua grade curricular, se houver vaga. A disciplina n\u00e3o deve pertencer ao curso do interessado, que deve cumprir os pr\u00e9-requisitos (e correquisitos) quando necess\u00e1rios. Ela n\u00e3o vale como disciplina optativa. S\u00f3 s\u00e3o optativas as [&hellip;]<\/p>\n","protected":false},"author":1759,"featured_media":0,"parent":0,"menu_order":0,"comment_status":"closed","ping_status":"closed","template":"","meta":{"_acf_changed":false,"footnotes":""},"class_list":["post-6764","page","type-page","status-publish","hentry"],"acf":[],"_links":{"self":[{"href":"https:\/\/sacod.ufpr.br\/artes\/wp-json\/wp\/v2\/pages\/6764","targetHints":{"allow":["GET"]}}],"collection":[{"href":"https:\/\/sacod.ufpr.br\/artes\/wp-json\/wp\/v2\/pages"}],"about":[{"href":"https:\/\/sacod.ufpr.br\/artes\/wp-json\/wp\/v2\/types\/page"}],"author":[{"embeddable":true,"href":"https:\/\/sacod.ufpr.br\/artes\/wp-json\/wp\/v2\/users\/1759"}],"replies":[{"embeddable":true,"href":"https:\/\/sacod.ufpr.br\/artes\/wp-json\/wp\/v2\/comments?post=6764"}],"version-history":[{"count":7,"href":"https:\/\/sacod.ufpr.br\/artes\/wp-json\/wp\/v2\/pages\/6764\/revisions"}],"predecessor-version":[{"id":9441,"href":"https:\/\/sacod.ufpr.br\/artes\/wp-json\/wp\/v2\/pages\/6764\/revisions\/9441"}],"wp:attachment":[{"href":"https:\/\/sacod.ufpr.br\/artes\/wp-json\/wp\/v2\/media?parent=6764"}],"curies":[{"name":"wp","href":"https:\/\/api.w.org\/{rel}","templated":true}]}}