{"id":6760,"date":"2018-10-30T14:29:50","date_gmt":"2018-10-30T17:29:50","guid":{"rendered":"https:\/\/sacod.ufpr.br\/artes\/?page_id=6760"},"modified":"2025-06-18T14:19:40","modified_gmt":"2025-06-18T17:19:40","slug":"enade","status":"publish","type":"page","link":"https:\/\/sacod.ufpr.br\/artes\/enade\/","title":{"rendered":"ENADE"},"content":{"rendered":"<p>A prova \u00e9 importante porque a avalia\u00e7\u00e3o do curso que voc\u00ea concluiu depende tamb\u00e9m do resultado dos alunos nessa avalia\u00e7\u00e3o. Um bom desempenho na prova do ENADE aumenta a pontua\u00e7\u00e3o do curso, o que valoriza a percep\u00e7\u00e3o do seu diploma.<\/p>\n<p>E \u00e9\u00a0<strong>obrigat\u00f3ria<\/strong>, sem ela n\u00e3o h\u00e1 emiss\u00e3o de diploma. O discente escolhe o munic\u00edpio em que vai realizar a avalia\u00e7\u00e3o te\u00f3rica.<\/p>\n<p>A partir de 2024, a prova te\u00f3rica \u00e9 aplicada todos os anos aos discentes da licenciatura. Cada discente faz a prova UMA vez, quando alcan\u00e7ar mais de 75% da carga hor\u00e1ria total do curso.<\/p>\n<p>Se um discente n\u00e3o alcan\u00e7ou 75% da carga hor\u00e1ria em um ano, e concluiu o restante do curso no ano seguinte, e colou grau antes do prazo para obrigatoriedade da prova, ficar\u00e1 dispensado da avalia\u00e7\u00e3o te\u00f3rica do ENADE.<\/p>\n<p>Quem ainda n\u00e3o alcan\u00e7ou 75% da carga hor\u00e1ria mas j\u00e1 realizou todos os cinco est\u00e1gios em escola, n\u00e3o faz mais a avalia\u00e7\u00e3o pr\u00e1tica.<\/p>\n<p>No segundo semestre de cada ano, quem est\u00e1 cursando Pr\u00e1tica de Doc\u00eancia II realiza a avalia\u00e7\u00e3o pr\u00e1tica, que consiste em um planejamento de aula na escola onde est\u00e1 estagiando, na realiza\u00e7\u00e3o da aula, na reda\u00e7\u00e3o de um relat\u00f3rio sobre a aula, que ser\u00e1 avaliada pelo docente da disciplina e pelo supervisor na escola.<\/p>\n<p>No seu hist\u00f3rico constar\u00e1 quando concluiu o curso na UFPR, e \u00e9 poss\u00edvel consultar a pontua\u00e7\u00e3o do curso nesse per\u00edodo.<\/p>\n<p>As provas s\u00e3o compostas por uma parte de Forma\u00e7\u00e3o Geral, comum aos cursos de todas as \u00e1reas, e uma parte de Componente Espec\u00edfico, pr\u00f3pria de cada \u00e1rea de avalia\u00e7\u00e3o. A parte de Forma\u00e7\u00e3o Geral tem 10 quest\u00f5es, sendo duas discursivas e oito de m\u00faltipla escolha, envolvendo situa\u00e7\u00f5es-problema e estudos de casos. A concep\u00e7\u00e3o dos itens \u00e9 balizada pelos princ\u00edpios dos Direitos Humanos. As quest\u00f5es discursivas avaliam aspectos como clareza, coer\u00eancia, coes\u00e3o, estrat\u00e9gias argumentativas, utiliza\u00e7\u00e3o de vocabul\u00e1rio adequado e corre\u00e7\u00e3o gramatical do texto. J\u00e1 a parte de Componente Espec\u00edfico de cada \u00e1rea de avalia\u00e7\u00e3o tem 30 quest\u00f5es, sendo tr\u00eas discursivas e 27 de m\u00faltipla escolha, envolvendo situa\u00e7\u00f5es-problema e estudos de casos.<\/p>\n<p><a href=\"https:\/\/sacod.ufpr.br\/artes\/wp-content\/uploads\/sites\/8\/2024\/09\/edital-enade-124-2024.pdf\"><strong>Edital 2025 do ENADE<\/strong><\/a><strong>\u00a0(a prova ser\u00e1 em 26\/10\/2025 \u2013 domingo)<\/strong><\/p>\n<p>O link atual \u00e9 o seguinte:<\/p>\n<p><a href=\"https:\/\/www.in.gov.br\/en\/web\/dou\/-\/edital-n-57-de-29-de-maio-de-2025-633123690\">https:\/\/www.in.gov.br\/en\/web\/dou\/-\/edital-n-57-de-29-de-maio-de-2025-633123690<\/a><\/p>\n<p>&nbsp;<\/p>\n<p>As provas de 2024 ainda n\u00e3o foram divulgadas pelo INEP.<\/p>\n<p><strong><u>Provas e gabaritos das edi\u00e7\u00f5es anteriores<\/u><\/strong><\/p>\n<p>link:\u00a0<a href=\"https:\/\/www.gov.br\/inep\/pt-br\/areas-de-atuacao\/avaliacao-e-exames-educacionais\/enade\/provas-e-gabaritos\">https:\/\/www.gov.br\/inep\/pt-br\/areas-de-atuacao\/avaliacao-e-exames-educacionais\/enade\/provas-e-gabaritos<\/a><\/p>\n<ul>\n<li style=\"list-style-type: none\">\n<ul>\n<li class=\"x_moz-cite-prefix\"><a href=\"https:\/\/sacod.ufpr.br\/artes\/wp-content\/uploads\/sites\/8\/2024\/09\/prova_2022_enade_formacao_geral_gabarito_no_final.pdf\">Prova de forma\u00e7\u00e3o geral do ENADE 2022<\/a><\/li>\n<li class=\"x_moz-cite-prefix\"><a href=\"https:\/\/sacod.ufpr.br\/artes\/wp-content\/uploads\/sites\/8\/2024\/09\/prova_2023_enade_formacao_geral_gabarito_no_final.pdf\">Prova de forma\u00e7\u00e3o geral do ENADE 2023<\/a><\/li>\n<\/ul>\n<\/li>\n<\/ul>\n<div class=\"x_moz-cite-prefix\"><\/div>\n<div><\/div>\n<p><span style=\"font-weight: 400\"><strong>Artes Visuais\u00a0 (CONCEITO 5 em 2017 e 4 em 2021)<\/strong><\/span><i><span style=\"font-weight: 400\"><br \/>\n<\/span><\/i><\/p>\n<ul>\n<li style=\"list-style-type: none\">\n<ul>\n<li><a href=\"https:\/\/sacod.ufpr.br\/artes\/wp-content\/uploads\/sites\/8\/2024\/09\/portaria-258-artes-1.pdf\">Portaria da Matriz de Artes<\/a><\/li>\n<li><a href=\"https:\/\/sacod.ufpr.br\/artes\/wp-content\/uploads\/sites\/8\/2024\/03\/2021_pv_licenciatura_artes_visuais.pdf\">Prova do ENADE de 2021<\/a><\/li>\n<li><a href=\"https:\/\/sacod.ufpr.br\/artes\/wp-content\/uploads\/sites\/8\/2024\/03\/2021_gb_licenciatura_artes_visuais.pdf\">Gabarito da prova 2021<\/a><\/li>\n<li><a href=\"https:\/\/sacod.ufpr.br\/artes\/wp-content\/uploads\/sites\/8\/2024\/03\/2021_padrao_artes_visuais.pdf\">Padr\u00e3o de respostas de Artes Visuais ENADE 2021<\/a><\/li>\n<li><a href=\"https:\/\/sacod.ufpr.br\/artes\/wp-content\/uploads\/sites\/8\/2024\/03\/artes_visuais_enade_2021.pdf\">Relat\u00f3rio de an\u00e1lise 2021<\/a><\/li>\n<\/ul>\n<\/li>\n<\/ul>\n<p>&nbsp;<\/p>\n<p><strong>M\u00fasica (CONCEITO 4 em 2017 e em 2021)<\/strong><i><span style=\"font-weight: 400\"><br \/>\n<\/span><\/i><\/p>\n<ul>\n<li style=\"list-style-type: none\">\n<ul>\n<li><a href=\"https:\/\/sacod.ufpr.br\/artes\/wp-content\/uploads\/sites\/8\/2024\/09\/portaria-271-musica.pdf\">Portaria da Matriz de M\u00fasica<\/a><\/li>\n<li><a href=\"https:\/\/sacod.ufpr.br\/artes\/wp-content\/uploads\/sites\/8\/2024\/03\/2021_pv_licenciatura_musica.pdf\">Conte\u00fados da prova do ENADE de 2021<\/a><\/li>\n<li><a href=\"https:\/\/sacod.ufpr.br\/artes\/wp-content\/uploads\/sites\/8\/2024\/03\/2021_gb_licenciatura_musica.pdf\">Gabarito da prova 2021<\/a><\/li>\n<li><a href=\"https:\/\/sacod.ufpr.br\/artes\/wp-content\/uploads\/sites\/8\/2024\/03\/2021_padrao_licenciatura_musica.pdf\">Padr\u00e3o de respostas de M\u00fasica ENADE 2021<\/a><\/li>\n<li><a href=\"https:\/\/sacod.ufpr.br\/artes\/wp-content\/uploads\/sites\/8\/2024\/03\/musica_enade_2021.pdf\">Relat\u00f3rio de an\u00e1lise 2021<\/a><\/li>\n<\/ul>\n<\/li>\n<\/ul>\n","protected":false},"excerpt":{"rendered":"<p>A prova \u00e9 importante porque a avalia\u00e7\u00e3o do curso que voc\u00ea concluiu depende tamb\u00e9m do resultado dos alunos nessa avalia\u00e7\u00e3o. Um bom desempenho na prova do ENADE aumenta a pontua\u00e7\u00e3o do curso, o que valoriza a percep\u00e7\u00e3o do seu diploma. E \u00e9\u00a0obrigat\u00f3ria, sem ela n\u00e3o h\u00e1 emiss\u00e3o de diploma. O discente escolhe o munic\u00edpio em [&hellip;]<\/p>\n","protected":false},"author":1759,"featured_media":0,"parent":0,"menu_order":0,"comment_status":"closed","ping_status":"closed","template":"","meta":{"_acf_changed":false,"footnotes":""},"class_list":["post-6760","page","type-page","status-publish","hentry"],"acf":[],"_links":{"self":[{"href":"https:\/\/sacod.ufpr.br\/artes\/wp-json\/wp\/v2\/pages\/6760","targetHints":{"allow":["GET"]}}],"collection":[{"href":"https:\/\/sacod.ufpr.br\/artes\/wp-json\/wp\/v2\/pages"}],"about":[{"href":"https:\/\/sacod.ufpr.br\/artes\/wp-json\/wp\/v2\/types\/page"}],"author":[{"embeddable":true,"href":"https:\/\/sacod.ufpr.br\/artes\/wp-json\/wp\/v2\/users\/1759"}],"replies":[{"embeddable":true,"href":"https:\/\/sacod.ufpr.br\/artes\/wp-json\/wp\/v2\/comments?post=6760"}],"version-history":[{"count":14,"href":"https:\/\/sacod.ufpr.br\/artes\/wp-json\/wp\/v2\/pages\/6760\/revisions"}],"predecessor-version":[{"id":9737,"href":"https:\/\/sacod.ufpr.br\/artes\/wp-json\/wp\/v2\/pages\/6760\/revisions\/9737"}],"wp:attachment":[{"href":"https:\/\/sacod.ufpr.br\/artes\/wp-json\/wp\/v2\/media?parent=6760"}],"curies":[{"name":"wp","href":"https:\/\/api.w.org\/{rel}","templated":true}]}}