{"id":6758,"date":"2018-10-30T14:29:22","date_gmt":"2018-10-30T17:29:22","guid":{"rendered":"https:\/\/sacod.ufpr.br\/artes\/?page_id=6758"},"modified":"2025-10-01T09:13:41","modified_gmt":"2025-10-01T12:13:41","slug":"vestibular","status":"publish","type":"page","link":"https:\/\/sacod.ufpr.br\/artes\/vestibular\/","title":{"rendered":"Vestibular"},"content":{"rendered":"<h2><i><span style=\"font-weight: 400\">Artes Visuais<\/span><\/i><\/h2>\n<p><span style=\"font-weight: 400\">O ingresso nos cursos de gradua\u00e7\u00e3o em Bacharelado e Licenciatura em Artes Visuais da UFPR acontece de duas formas: por meio do exame de Vestibular e pelo Processo de Ocupa\u00e7\u00e3o de Vagas remanescentes (Provar).<\/span><\/p>\n<p><span style=\"font-weight: 400\">O exame Vestibular \u00e9 realizado anualmente pela UFPR. Normalmente, as inscri\u00e7\u00f5es ao processo seletivo s\u00e3o abertas em agosto e as provas s\u00e3o realizadas em outubro e dezembro.<\/span><\/p>\n<p style=\"font-weight: 400\">A prova da primeira fase (Conhecimentos Gerais) ser\u00e1 em 5\/10\/25, constitu\u00edda de 90 quest\u00f5es, e vale 90 pontos.<\/p>\n<p style=\"font-weight: 400\">Na segunda fase (domingo, 30\/11\/25) os classificados realizaram as provas de Compreens\u00e3o e Produ\u00e7\u00e3o de textos, que valem 60 pontos. Na segunda-feira (1\/12\/25) a prova de habilidade espec\u00edfica de Hist\u00f3ria.<\/p>\n<p style=\"font-weight: 400\">Mais informa\u00e7\u00f5es em:\u00a0<a href=\"http:\/\/www.nc.ufpr.br\/\">www.nc.ufpr.br<\/a><\/p>\n<p style=\"font-weight: 400\"><strong style=\"font-weight: 600\">Vestibular 2025\/2026<\/strong><\/p>\n<p style=\"font-weight: 400\"><strong style=\"font-weight: 600\">Rela\u00e7\u00e3o candidato\/vaga<\/strong><\/p>\n<p style=\"font-weight: 400\">Artes Visuais \u2013 Bacharelado: 10,8<\/p>\n<p style=\"font-weight: 400\">Artes Visuais \u2013 Licenciatura: 4,2<\/p>\n<hr \/>\n<h2><i><span style=\"font-weight: 400\">M\u00fasica<\/span><\/i><\/h2>\n<p><span style=\"font-weight: 400\">A inscri\u00e7\u00e3o \u00e9 no site do N\u00facleo de Concursos: <\/span><a href=\"http:\/\/www.nc.ufpr.br\/\"><span style=\"font-weight: 400\">http:\/\/www.nc.ufpr.br\/<\/span><\/a><\/p>\n<p><span style=\"font-weight: 400\">O curso n\u00e3o ensina a tocar instrumentos. \u00c9 necess\u00e1rio um conhecimento b\u00e1sico de teoria musical e da execu\u00e7\u00e3o de um instrumento (ou canto) para os candidatos aproveitarem adequadamente a forma\u00e7\u00e3o oferecida, tanto na Licenciatura, quanto no Bacharelado.<\/span><\/p>\n<p>N\u00e3o h\u00e1 ingresso pelo SISU, nem aproveitamento de\u00a0 nota do ENEM.<\/p>\n<p style=\"font-weight: 400\">A prova da primeira fase (Conhecimentos Gerais) ser\u00e1 em 5\/10\/25, constitu\u00edda de 90 quest\u00f5es, e vale 90 pontos.<\/p>\n<p style=\"font-weight: 400\">Na segunda fase (domingo, 30\/11\/25) os classificados realizaram as provas de Compreens\u00e3o e Produ\u00e7\u00e3o de textos, que valem 60 pontos. Na segunda-feira (1\/12\/25), a prova objetiva de m\u00fasica, com 16 quest\u00f5es.<\/p>\n<p><a href=\"https:\/\/sacod.ufpr.br\/artes\/wp-content\/uploads\/sites\/8\/2024\/03\/prova-de-conhecimentos-gerais-2024.pdf\">Prova de conhecimentos gerais 2024<\/a><\/p>\n<p><b>Provas espec\u00edficas<\/b><\/p>\n<p><span style=\"font-weight: 400\">No dia das provas espec\u00edficas os candidatos se apresentar\u00e3o nos locais e hor\u00e1rios indicados pelo N\u00facleo de Concursos da UFPR, com documento v\u00e1lido com foto.<\/span><\/p>\n<p><span style=\"font-weight: 400\">A prova espec\u00edfica Objetiva de M\u00fasica ter\u00e1 16 (dezesseis) quest\u00f5es. Cada quest\u00e3o valer\u00e1 2,5 (dois v\u00edrgula cinco) pontos. O m\u00e1ximo nessa prova s\u00e3o 40 pontos.<\/span><\/p>\n<p><b>Programa para a prova objetiva<\/b><\/p>\n<div class=\"elementToProof ContentPasted0\"><strong>Percep\u00e7\u00e3o musical<\/strong><\/div>\n<div class=\"elementToProof ContentPasted0\">Percep\u00e7\u00e3o de ritmo e m\u00e9trica em compassos simples e compostos.<\/div>\n<div class=\"elementToProof ContentPasted0\">Percep\u00e7\u00e3o de intervalos simples e compostos, mel\u00f3dicos e harm\u00f4nicos.<\/div>\n<div class=\"elementToProof ContentPasted0\">Percep\u00e7\u00e3o de escalas e melodias tonais e modais.<\/div>\n<div class=\"elementToProof ContentPasted0\">Percep\u00e7\u00e3o de contornos e estruturas mel\u00f3dicas em melodia tonal e modal.<\/div>\n<div class=\"elementToProof ContentPasted0\">Percep\u00e7\u00e3o de acordes de tr\u00eas e quatro sons e suas invers\u00f5es.<\/div>\n<div class=\"elementToProof ContentPasted0\">Percep\u00e7\u00e3o de fun\u00e7\u00f5es e progress\u00f5es harm\u00f4nicas nos modos maior e menor.<\/div>\n<div class=\"elementToProof ContentPasted0\">Percep\u00e7\u00e3o de timbres instrumentais.<\/div>\n<div class=\"elementToProof ContentPasted0\">Percep\u00e7\u00e3o de din\u00e2mica e articula\u00e7\u00e3o musical.<\/div>\n<div class=\"elementToProof ContentPasted0\">Percep\u00e7\u00e3o da forma musical.<\/div>\n<div class=\"elementToProof ContentPasted0\"><\/div>\n<div class=\"elementToProof ContentPasted0\"><strong>Teoria musical b\u00e1sica\u00a0<\/strong><\/div>\n<div class=\"elementToProof ContentPasted0\">O som e suas propriedades.<\/div>\n<div class=\"elementToProof ContentPasted0\">Nota\u00e7\u00e3o musical tradicional, r\u00edtmica e mel\u00f3dica.<\/div>\n<div class=\"elementToProof ContentPasted0\">No\u00e7\u00f5es b\u00e1sicas de ritmo, m\u00e9trica, din\u00e2mica e articula\u00e7\u00e3o musical.<\/div>\n<div class=\"elementToProof ContentPasted0\">Classifica\u00e7\u00e3o de intervalos musicais.<\/div>\n<div class=\"elementToProof ContentPasted0\">Fun\u00e7\u00f5es harm\u00f4nicas e cad\u00eancias b\u00e1sicas.<\/div>\n<div class=\"elementToProof ContentPasted0\">Tonalidade, armaduras de clave, transposi\u00e7\u00e3o, escalas e modos.<\/div>\n<div class=\"elementToProof ContentPasted0\">Acordes de tr\u00eas e quatro sons e suas invers\u00f5es.<\/div>\n<div class=\"elementToProof ContentPasted0\">Texturas, estrutura\u00e7\u00e3o formal harm\u00f4nica, mel\u00f3dica e r\u00edtmica.<\/div>\n<div class=\"elementToProof ContentPasted0\"><\/div>\n<div class=\"elementToProof ContentPasted0\"><strong>Conhecimentos gerais de m\u00fasica<\/strong><\/div>\n<div class=\"elementToProof ContentPasted0\">Per\u00edodos, principais compositores e principais formas e g\u00eaneros da Hist\u00f3ria da M\u00fasica Ocidental.<\/div>\n<div class=\"elementToProof ContentPasted0\">G\u00eaneros, principais compositores e int\u00e9rpretes da M\u00fasica Popular Brasileira na segunda metade do s\u00e9culo 20.<\/div>\n<div><\/div>\n<p><b>Bibliografia B\u00e1sica<\/b><\/p>\n<ol>\n<li>BENNETT, R. <em>Elementos b\u00e1sicos da m\u00fasica<\/em>. Rio de Janeiro: Zahar, 1990.<\/li>\n<li>BENNETT, R. <em>Forma e estrutura na m\u00fasica<\/em>. Rio de Janeiro: Zahar, 1986.<\/li>\n<li>BENNETT, R. <em>Uma breve hist\u00f3ria da m\u00fasica<\/em>. Rio de Janeiro: Zahar, 1986.<\/li>\n<li>EDLUND, L. <em>Modus Vetus<\/em>. Nova Iorque: Chester Music, 1994.<\/li>\n<li>LEMOINE, E, CARULLI, G. <em>Solfeo de los solfeos<\/em>. Volumen 1A. Editapsol.<\/li>\n<li>MED, B. <em>Teoria da M\u00fasica<\/em>. Bras\u00edlia: Musimed, 1996.<\/li>\n<li>POZZOLI, H. <em>Guia te\u00f3rico-pr\u00e1tico para o ensino do ditado musical. Partes I e II.<\/em> S\u00e3o Paulo: Ricordi do Brasil.<\/li>\n<li>SEVERIANO, J. Terceiro tempo: a transi\u00e7\u00e3o (1946-1957) e Quarto tempo: a moderniza\u00e7\u00e3o (1958-). In_. <em>Uma hist\u00f3ria\u00a0<\/em><em>da m\u00fasica popular brasileira: das origens \u00e0 modernidade<\/em>. S\u00e3o Paulo: Editora 34, 2013. p. 273 \u2013 462.<\/li>\n<li>WISNIK, Jos\u00e9 Miguel. Som, ru\u00eddo e sil\u00eancio. In_. <em>O Som e o Sentido<\/em>. S\u00e3o Paulo: Companhia das Letras, 1989.\u00a0p. 15-68.<\/li>\n<\/ol>\n<p><a href=\"https:\/\/sacod.ufpr.br\/artes\/wp-content\/uploads\/sites\/8\/2023\/12\/phe_musica_2023_2024.pdf\">PROVA OBJETIVA 23\/24<\/a><\/p>\n<p><span style=\"font-weight: 400\">Para a <\/span><b>Prova Pr\u00e1tica de M\u00fasica<\/b><span style=\"font-weight: 400\">, constar\u00e3o no site do N\u00facleo de Concursos, <\/span><span style=\"font-weight: 400\">antes<\/span><span style=\"font-weight: 400\"> do in\u00edcio da inscri\u00e7\u00e3o ao vestibular:<\/span><\/p>\n<ul>\n<li style=\"font-weight: 400\"><span style=\"font-weight: 400\">A Bibliografia B\u00e1sica;<\/span><\/li>\n<li style=\"font-weight: 400\"><b>Uma<\/b><span style=\"font-weight: 400\"> 1 (uma) partitura, ou lead sheet, em PDF, da Pe\u00e7a de Confronto com trechos de 60 a 90\u00a0segundos de pe\u00e7a musical a ser executada em voz ou em um dos seguintes instrumentos: piano\u00a0erudito, piano popular, viol\u00e3o, guitarra el\u00e9trica, contrabaixo el\u00e9trico, violino, viola, violoncelo,\u00a0contrabaixo ac\u00fastico, flauta doce, flauta transversa, clarineta, saxofone, trompete, trombone,\u00a0acorde\u00e3o, bateria e percuss\u00e3o. Observe que as partituras s\u00e3o para determinadas vers\u00f5es dos instrumentos, n\u00e3o para todas as vers\u00f5es existentes;<\/span><\/li>\n<li style=\"font-weight: 400\">O <a href=\"https:\/\/sacod.ufpr.br\/artes\/wp-content\/uploads\/sites\/8\/2024\/03\/solfejo.pdf\">solfejo<\/a> a ser avaliado;<\/li>\n<li style=\"font-weight: 400\"><span style=\"font-weight: 400\">A descri\u00e7\u00e3o detalhada do processo de avalia\u00e7\u00e3o.<\/span><\/li>\n<\/ul>\n<p>&nbsp;<\/p>\n<p><b>Inscri\u00e7\u00e3o no vestibular<\/b><\/p>\n<p><span style=\"font-weight: 400\">Para a prova Pr\u00e1tica de M\u00fasica, no ato da inscri\u00e7\u00e3o, o candidato dever\u00e1 escolher UMA das pe\u00e7as musicais (pe\u00e7a de confronto) ou uma pe\u00e7a para voz (m\u00e9dio-aguda ou m\u00e9dio-grave) dispon\u00edveis no endere\u00e7o eletr\u00f4nico do NC\/UFPR. E tamb\u00e9m uma pe\u00e7a de livre escolha.<\/span><\/p>\n<p>A Pe\u00e7a de Confronto dever\u00e1 ser escolhida no ato da inscri\u00e7\u00e3o, quando o candidato dever\u00e1 optar por\u00a0uma das pe\u00e7as instrumentais ou uma pe\u00e7a para voz (m\u00e9dio-aguda ou m\u00e9dio-grave) dispon\u00edveis no\u00a0site do NC\/UFPR.<\/p>\n<p>A Pe\u00e7a de Livre Escolha dever\u00e1 ser executada do in\u00edcio at\u00e9, no m\u00ednimo, 60 segundos, e, no m\u00e1ximo,\u00a090 segundos.<br \/>\nO Solfejo deve ser entoado vocalmente, utilizando o nome real das notas. O candidato deve realizar\u00a0a contagem dos pulsos de um compasso inteiro, na m\u00e9trica do trecho, para estabelecer o andamento\u00a0indicado ao in\u00edcio do solfejo.<br \/>\nNo per\u00edodo estabelecido conforme cronograma do Anexo I do edital do vestibular o candidato dever\u00e1 fazer o <strong>upload em\u00a0formato PDF<\/strong> de seu documento de identifica\u00e7\u00e3o, uma foto recente e da partitura da Pe\u00e7a de Livre\u00a0Escolha e que ser\u00e3o utilizados pela banca no processo de avalia\u00e7\u00e3o por meio da plataforma\u00a0OneDrive (Microsoft), conforme instru\u00e7\u00f5es a serem publicadas em link espec\u00edfico no site do\u00a0NC\/UFPR.<\/p>\n<p>A Pe\u00e7a de Confronto e a Pe\u00e7a de Livre Escolha ser\u00e3o avaliadas de acordo com os seguintes crit\u00e9rios\u00a0e sua respectiva pontua\u00e7\u00e3o:<br \/>\na) Habilidade t\u00e9cnica condizente com a pe\u00e7a escolhida (15 pontos);<br \/>\nb) Acuidade mel\u00f3dica e harm\u00f4nica (10 pontos);<br \/>\nc) Acuidade r\u00edtmica e m\u00e9trica (10 pontos);<br \/>\nd) Flu\u00eancia na execu\u00e7\u00e3o da pe\u00e7a (15 pontos).<br \/>\nO m\u00e1ximo de pontos na soma das notas da Pe\u00e7a de Confronto e da Pe\u00e7a de Livre Escolha \u00e9 igual\u00a0a 100 (cem).<\/p>\n<p>O solfejo ser\u00e1 avaliado de acordo com os seguintes crit\u00e9rios e sua respectiva pontua\u00e7\u00e3o:<br \/>\na) Acuidade na execu\u00e7\u00e3o das alturas e manuten\u00e7\u00e3o da afina\u00e7\u00e3o em rela\u00e7\u00e3o ao centro tonal (25\u00a0pontos);<br \/>\nb) Acuidade na execu\u00e7\u00e3o r\u00edtmica e manuten\u00e7\u00e3o do pulso (25 pontos);<br \/>\nc) Flu\u00eancia na execu\u00e7\u00e3o do solfejo (10 pontos).<\/p>\n<p>O m\u00e1ximo de pontos na avalia\u00e7\u00e3o do solfejo musical \u00e9 igual a 60 (sessenta).<\/p>\n<p>A soma final m\u00e1xima das notas obtidas nas provas pr\u00e1ticas de m\u00fasica (execu\u00e7\u00e3o instrumental ou\u00a0de voz e solfejo) ser\u00e1 de 160 (cento e sessenta) pontos. Esse valor ser\u00e1 dividido por 4 (quatro),\u00a0totalizando a avalia\u00e7\u00e3o at\u00e9 40 (quarenta) pontos.<\/p>\n<p>A avalia\u00e7\u00e3o da Prova Pr\u00e1tica de M\u00fasica, a ser realizada por uma banca nomeada para este fim\u00a0espec\u00edfico, ser\u00e1 realizada a partir de um v\u00eddeo enviado pelo candidato e da partitura da Pe\u00e7a de\u00a0Livre Escolha.<\/p>\n<p>Para a avalia\u00e7\u00e3o da Prova Pr\u00e1tica de M\u00fasica o candidato dever\u00e1 <strong>gravar\u00a0um v\u00eddeo<\/strong> com o conte\u00fado<\/p>\n<p style=\"font-weight: 400\">especificado no item 8.13.14 do Edital N\u00ba 28\/2025-NC\/PROGRAP.<\/p>\n<p style=\"font-weight: 400\"><strong style=\"font-weight: 600\">Vestibular 2025\/2026<\/strong><\/p>\n<p style=\"font-weight: 400\"><strong style=\"font-weight: 600\">Rela\u00e7\u00e3o candidato\/vaga<\/strong><\/p>\n<p style=\"font-weight: 400\">M\u00fasica \u2013 Bacharelado: 3,1<\/p>\n<p style=\"font-weight: 400\">M\u00fasica \u2013 Licenciatura: 0,9<\/p>\n<hr \/>\n<p style=\"font-weight: 400\"><strong style=\"font-weight: 600\">Vestibular 2025\/2026<\/strong><\/p>\n<p style=\"font-weight: 400\"><strong style=\"font-weight: 600\">Rela\u00e7\u00e3o candidato\/vaga<\/strong><\/p>\n<p style=\"font-weight: 400\">Produ\u00e7\u00e3o cultural: 2,4<\/p>\n<p>&nbsp;<\/p>\n","protected":false},"excerpt":{"rendered":"<p>Artes Visuais O ingresso nos cursos de gradua\u00e7\u00e3o em Bacharelado e Licenciatura em Artes Visuais da UFPR acontece de duas formas: por meio do exame de Vestibular e pelo Processo de Ocupa\u00e7\u00e3o de Vagas remanescentes (Provar). O exame Vestibular \u00e9 realizado anualmente pela UFPR. Normalmente, as inscri\u00e7\u00f5es ao processo seletivo s\u00e3o abertas em agosto e [&hellip;]<\/p>\n","protected":false},"author":1759,"featured_media":0,"parent":0,"menu_order":0,"comment_status":"closed","ping_status":"closed","template":"","meta":{"_acf_changed":false,"footnotes":""},"class_list":["post-6758","page","type-page","status-publish","hentry"],"acf":[],"_links":{"self":[{"href":"https:\/\/sacod.ufpr.br\/artes\/wp-json\/wp\/v2\/pages\/6758","targetHints":{"allow":["GET"]}}],"collection":[{"href":"https:\/\/sacod.ufpr.br\/artes\/wp-json\/wp\/v2\/pages"}],"about":[{"href":"https:\/\/sacod.ufpr.br\/artes\/wp-json\/wp\/v2\/types\/page"}],"author":[{"embeddable":true,"href":"https:\/\/sacod.ufpr.br\/artes\/wp-json\/wp\/v2\/users\/1759"}],"replies":[{"embeddable":true,"href":"https:\/\/sacod.ufpr.br\/artes\/wp-json\/wp\/v2\/comments?post=6758"}],"version-history":[{"count":27,"href":"https:\/\/sacod.ufpr.br\/artes\/wp-json\/wp\/v2\/pages\/6758\/revisions"}],"predecessor-version":[{"id":9787,"href":"https:\/\/sacod.ufpr.br\/artes\/wp-json\/wp\/v2\/pages\/6758\/revisions\/9787"}],"wp:attachment":[{"href":"https:\/\/sacod.ufpr.br\/artes\/wp-json\/wp\/v2\/media?parent=6758"}],"curies":[{"name":"wp","href":"https:\/\/api.w.org\/{rel}","templated":true}]}}