{"id":6750,"date":"2018-10-30T14:23:09","date_gmt":"2018-10-30T17:23:09","guid":{"rendered":"https:\/\/sacod.ufpr.br\/artes\/?page_id=6750"},"modified":"2025-07-17T08:38:25","modified_gmt":"2025-07-17T11:38:25","slug":"tcc-musica","status":"publish","type":"page","link":"https:\/\/sacod.ufpr.br\/artes\/tcc-musica\/","title":{"rendered":"TCC &#8211; M\u00fasica"},"content":{"rendered":"<ul>\n<li><a href=\"https:\/\/sacod.ufpr.br\/artes\/wp-content\/uploads\/sites\/8\/2025\/07\/apostila_do_tcc_2025.pdf\">Apostila TCC<\/a><\/li>\n<li><a href=\"https:\/\/sacod.ufpr.br\/artes\/wp-content\/uploads\/sites\/8\/2024\/09\/ata-declaracao-de-defesa-tcc-musica.docx\">Ata &#8211; declara\u00e7\u00e3o de defesa TCC m\u00fasica<\/a><\/li>\n<li><a href=\"https:\/\/sacod.ufpr.br\/artes\/wp-content\/uploads\/sites\/8\/2025\/07\/tcc-musica-ata-de-qualificacao-tcc-i.docx\">Ata \u2013 qualifica\u00e7\u00e3o TCC m\u00fasica<\/a><\/li>\n<li><a href=\"https:\/\/sacod.ufpr.br\/artes\/wp-content\/uploads\/sites\/8\/2024\/09\/normas-tecnicas-abnt-2018.pdf\">Normas T\u00e9cnicas ABNT 2018<\/a><\/li>\n<li><a href=\"https:\/\/sacod.ufpr.br\/artes\/wp-content\/uploads\/sites\/8\/2024\/09\/projeto-de-pesquisa-padrao-grafico-word.docx\">Projeto de pesquisa &#8211; padr\u00e3o gr\u00e1fico Word<\/a><\/li>\n<li><a href=\"https:\/\/sacod.ufpr.br\/artes\/wp-content\/uploads\/sites\/8\/2025\/07\/regulamento_do_tcc_2025.pdf\">Regulamento do TCC<\/a><\/li>\n<li><a href=\"https:\/\/sacod.ufpr.br\/artes\/wp-content\/uploads\/sites\/8\/2024\/09\/relatorio-de-tcc-padrao-grafico-word.docx\">Relat\u00f3rio de TCC &#8211; padr\u00e3o gr\u00e1fico word<\/a><\/li>\n<li><a href=\"https:\/\/sacod.ufpr.br\/artes\/wp-content\/uploads\/sites\/8\/2025\/07\/calendario_tcc_2025.pdf\">TCC m\u00fasica 2025 &#8211; calend\u00e1rios<\/a><\/li>\n<li><a href=\"https:\/\/sacod.ufpr.br\/artes\/wp-content\/uploads\/sites\/8\/2024\/09\/termo-de-orientacao-tcc-musica.docx\">Termo de orienta\u00e7\u00e3o TCC m\u00fasica<\/a><\/li>\n<\/ul>\n<p>&nbsp;<\/p>\n","protected":false},"excerpt":{"rendered":"<p>Apostila TCC Ata &#8211; declara\u00e7\u00e3o de defesa TCC m\u00fasica Ata \u2013 qualifica\u00e7\u00e3o TCC m\u00fasica Normas T\u00e9cnicas ABNT 2018 Projeto de pesquisa &#8211; padr\u00e3o gr\u00e1fico Word Regulamento do TCC Relat\u00f3rio de TCC &#8211; padr\u00e3o gr\u00e1fico word TCC m\u00fasica 2025 &#8211; calend\u00e1rios Termo de orienta\u00e7\u00e3o TCC m\u00fasica &nbsp;<\/p>\n","protected":false},"author":1759,"featured_media":0,"parent":0,"menu_order":0,"comment_status":"closed","ping_status":"closed","template":"","meta":{"_acf_changed":false,"footnotes":""},"class_list":["post-6750","page","type-page","status-publish","hentry"],"acf":[],"_links":{"self":[{"href":"https:\/\/sacod.ufpr.br\/artes\/wp-json\/wp\/v2\/pages\/6750","targetHints":{"allow":["GET"]}}],"collection":[{"href":"https:\/\/sacod.ufpr.br\/artes\/wp-json\/wp\/v2\/pages"}],"about":[{"href":"https:\/\/sacod.ufpr.br\/artes\/wp-json\/wp\/v2\/types\/page"}],"author":[{"embeddable":true,"href":"https:\/\/sacod.ufpr.br\/artes\/wp-json\/wp\/v2\/users\/1759"}],"replies":[{"embeddable":true,"href":"https:\/\/sacod.ufpr.br\/artes\/wp-json\/wp\/v2\/comments?post=6750"}],"version-history":[{"count":49,"href":"https:\/\/sacod.ufpr.br\/artes\/wp-json\/wp\/v2\/pages\/6750\/revisions"}],"predecessor-version":[{"id":9763,"href":"https:\/\/sacod.ufpr.br\/artes\/wp-json\/wp\/v2\/pages\/6750\/revisions\/9763"}],"wp:attachment":[{"href":"https:\/\/sacod.ufpr.br\/artes\/wp-json\/wp\/v2\/media?parent=6750"}],"curies":[{"name":"wp","href":"https:\/\/api.w.org\/{rel}","templated":true}]}}