{"id":6746,"date":"2018-10-30T14:22:01","date_gmt":"2018-10-30T17:22:01","guid":{"rendered":"https:\/\/sacod.ufpr.br\/artes\/?page_id=6746"},"modified":"2025-05-15T08:08:27","modified_gmt":"2025-05-15T11:08:27","slug":"musica-estagio","status":"publish","type":"page","link":"https:\/\/sacod.ufpr.br\/artes\/musica-estagio\/","title":{"rendered":"Est\u00e1gio &#8211; M\u00fasica"},"content":{"rendered":"<p><span style=\"font-weight: 400\">O formul\u00e1rio de est\u00e1gio, obrigat\u00f3rio, n\u00e3o obrigat\u00f3rio e de disciplinas da licenciatura, \u00e9 preenchido on-line e depois impresso para incluir as assinaturas, ou pode inserir assinaturas digitalmente no PDF.<\/span><\/p>\n<p>No caso de <span style=\"color: #0000ff\">est\u00e1gio n\u00e3o obrigat\u00f3rio<\/span>, a PROGRAD est\u00e1 aceitando que o discente envie \u00e0 secretaria do curso (cmus@ufpr.br) uma via do formul\u00e1rio do CIEE em PDF, com as assinaturas (todas, menos da coordena\u00e7\u00e3o do curso, que incluiremos no processo).<\/p>\n<p>Os processos de solicita\u00e7\u00e3o de <strong>est\u00e1gio remunerado no \u00e2mbito da UFPR<\/strong> devem ser instru\u00eddos com toda a documenta\u00e7\u00e3o necess\u00e1ria al\u00e9m do termo de compromisso de est\u00e1gio: termo de responsabilidade financeira, controle de frequ\u00eancia e f\u00e9rias, declara\u00e7\u00e3o de parentesco, RG, CPF, comprovante de resid\u00eancia, comprovante banc\u00e1rio, formul\u00e1rio de dados pessoais.<\/p>\n<p>Utilize inicialmente o formul\u00e1rio eletr\u00f4nico Termo de Compromisso no <a href=\"http:\/\/www.prograd.ufpr.br\/estagio\/formularios\/\">site da COAFE<\/a> .<\/p>\n<p style=\"font-weight: 400\">Para\u00a0<strong style=\"font-weight: 600\">licenciatura:<\/strong>\u00a0consulte antes se v\u00e3o precisar de assinatura f\u00edsica em papel ou se pode ser tudo em PDF. A maioria das escolas aceita assinatura em PDF, digitalizada ou via sougov.br. Se exigirem em papel, imprima o n\u00famero de vias solicitado.<\/p>\n<p style=\"font-weight: 400\">H\u00e1 cinco disciplinas de est\u00e1gio\u00a0 obrigat\u00f3rio:<\/p>\n<p style=\"font-weight: 400\"><strong style=\"font-weight: 600\">EP126<\/strong>: coloque os dados (nome\/telefone) do docente da Educa\u00e7\u00e3o que ministrar a disciplina. A lota\u00e7\u00e3o nesse caso \u00e9 Departamento de Planejamento Escolar \u2013 Educa\u00e7\u00e3o \u2013 UFPR\u00a0 \u00a0<em>(n\u00e3o use acentos, eles desconfiguram no termo)<\/em><\/p>\n<p style=\"font-weight: 400\"><strong style=\"font-weight: 600\">OA857<\/strong>\u00a0ou\u00a0<strong style=\"font-weight: 600\">OA867<\/strong>\u00a0ou\u00a0<strong style=\"font-weight: 600\">est\u00e1gio n\u00e3o obrigat\u00f3rio<\/strong>: coloque os dados do prof. Fl\u00e1vio ou da prof.\u00aa Camile:<br \/>\nProfessor orientador na UFPR: Flavio Denis Dias Veloso\u00a0 \u00a0\u00a0Lota\u00e7\u00e3o: DeArtes\u00a0\u00a0\u00a0 Tel: 3307-7303.<br \/>\n<em>O e-mail \u00e9 flavioveloso@ufpr.br<br \/>\n<\/em>OU<br \/>\nProfessora orientadora na UFPR: Camile Tatiane de Oliveira Pinto\u00a0\u00a0\u00a0 Lota\u00e7\u00e3o: DeArtes\u00a0\u00a0\u00a0 Tel: 3307-7303.<br \/>\n<em>O e-mail \u00e9 camiletatiane@ufpr.br<\/em><\/p>\n<p style=\"font-weight: 400\"><strong style=\"font-weight: 600\">EM280<\/strong>\u00a0ou\u00a0<strong style=\"font-weight: 600\">EM281<\/strong>: coloque os dados do prof. Guilherme Gabriel Ballande Romanelli\u00a0 Lota\u00e7\u00e3o: Departamento de Teoria e Pratica de Ensino \u2013 Educa\u00e7\u00e3o \u2013 UFPR \u00a0Tel.: 3535-6261<\/p>\n<p style=\"font-weight: 400\">Envie uma via do\u00a0<em>Termo de Compromisso<\/em>\u00a0para a Coordena\u00e7\u00e3o do Curso (cmus@ufpr.br) assinar, se for PDF, e, quando tiver todas as as assinaturas, envie para a secretaria de m\u00fasica (<a href=\"mailto:secretariacmus@ufpr.br\">secretariacmus@ufpr.br<\/a>).<\/p>\n<p style=\"font-weight: 400\">No est\u00e1gio obrigat\u00f3rio, o seguro \u00e9 pago pela UFPR.<\/p>\n<p style=\"font-weight: 400\">No est\u00e1gio n\u00e3o obrigat\u00f3rio, o seguro \u00e9 pago pela escola onde voc\u00ea estagiar e n\u00e3o h\u00e1 um prazo definido, pode ser um ano, dois anos, basta enviar um relat\u00f3rio de est\u00e1gio assinado a cada seis meses.<\/p>\n<p>Para as disciplinas de est\u00e1gio da licenciatura (EP126, PP1, PP2, PD1 e PD2):<br \/>\nse for em escola estadual, o docente tem de cadastrar seu est\u00e1gio na SEED;<br \/>\nem outras escolas, use o termo de compromisso da UFPR.<\/p>\n<p>Para <strong>bacharelado:<\/strong><br \/>\nA data do formul\u00e1rio tem de ser pelo menos dez dias anterior ao in\u00edcio do est\u00e1gio.<\/p>\n<p>Recolha todas as assinaturas (com um carimbo, ou digital no PDF) no Termo de Compromisso.<br \/>\n1) Parte concedente (a pessoa respons\u00e1vel na empresa, por exemplo, de RH);<br \/>\n2) Estudante;<br \/>\n3) Supervisor (a pessoa no est\u00e1gio que vai orientar diretamente o estagi\u00e1rio).<\/p>\n<p>O professor orientador na UFPR \u00e9 Hugo de Souza Melo.\u00a0 \u00a0 Lota\u00e7\u00e3o: DeArtes\u00a0 \u00a0 Tel: 3307-7301<br \/>\nEnvie um PDF do <em>Termo de Compromisso<\/em>\u00a0para <em>hugomelo@ufpr.br<\/em>, j\u00e1 com as assinaturas acima.<br \/>\nA coordena\u00e7\u00e3o vai abrir um processo para a PROGRAD deferir o est\u00e1gio.<\/p>\n<p>O est\u00e1gio obrigat\u00f3rio (do bacharelado) pode ser remunerado ou n\u00e3o. A empresa \u00e9 quem decide isso.<br \/>\nNo Bacharelado s\u00e3o 120 horas. No m\u00e1ximo 30 horas por semana. Podem ser 4 semanas de 30 horas, ou 6 semanas de 20 horas ou outras combina\u00e7\u00f5es, como 4 dias por semana&#8230;<br \/>\nConsidere os feriados e acrescente os dias necess\u00e1rios at\u00e9 somar as 120 horas.<br \/>\nNo est\u00e1gio obrigat\u00f3rio, o seguro \u00e9 pago pela UFPR.<br \/>\nNo est\u00e1gio n\u00e3o obrigat\u00f3rio, o seguro \u00e9 pago pela empresa onde voc\u00ea estagiar.<\/p>\n<p>Se for permanecer na empresa por mais de 120 horas, encerre o est\u00e1gio e inicie outro (n\u00e3o obrigat\u00f3rio) que valer\u00e1 como atividades formativas.<\/p>\n<p>A data final do est\u00e1gio obrigat\u00f3rio deve ser no m\u00e1ximo a data final do semestre (em 2025\/2: 06\/12\/25).<\/p>\n<p>Se for <strong>est\u00e1gio na UTFPR<\/strong> n\u00e3o preencha o Termo de Compromisso. A UTFPR tem dois formul\u00e1rios pr\u00f3prios, em processo no SEI. Ap\u00f3s assinados, envie os PDF para hugomelo@ufpr.br e ser\u00e1 aberto um processo para solicitar deferimento do est\u00e1gio pela PROGRAD.<\/p>\n<p><a href=\"https:\/\/sacod.ufpr.br\/artes\/wp-content\/uploads\/sites\/8\/2019\/01\/manual_de_estagios___versao_final.pdf\">MANUAL DE EST\u00c1GIOS<\/a><\/p>\n<h3><span style=\"font-weight: 400\">Acesse <\/span><a href=\"http:\/\/www.prograd.ufpr.br\/estagio\/formularios\/\"><span style=\"font-weight: 400\">aqui<\/span><\/a><span style=\"font-weight: 400\"> todos os formul\u00e1rios<\/span><\/h3>\n<p>&nbsp;<\/p>\n<p><b>GRR at\u00e9 2018, MATRICULE-SE em OA026<br \/>\nGRR2019 em diante, MATRICULE-SE\u00a0 EM OA872<br \/>\n<\/b><\/p>\n<p>Voc\u00ea tem de estar matriculado na disciplina de est\u00e1gio supervisionado para iniciar um est\u00e1gio obrigat\u00f3rio. Se n\u00e3o conseguir o est\u00e1gio, cancele a matr\u00edcula pelo SIGA (em 2025\/2: at\u00e9 06\/10\/25).<\/p>\n<p><b>Aten\u00e7\u00e3o<\/b><span style=\"font-weight: 400\"><br \/>\n<\/span><span style=\"font-weight: 400\">No dia em que concluir o est\u00e1gio do Bacharelado, preencha e assine o <\/span><span style=\"font-weight: 400\">Relat\u00f3rio de Est\u00e1gio<\/span><span style=\"font-weight: 400\"> e envie para hugomelo@ufpr.br.<\/span><\/p>\n<p>&nbsp;<\/p>\n<p><span style=\"font-weight: 400\"><a href=\"https:\/\/sacod.ufpr.br\/artes\/wp-content\/uploads\/sites\/8\/2019\/06\/ppc_do_curso_de_musica_ufpr_2014_a_2018.pdf\">Regimento de est\u00e1gio 2014 a 2018 &#8211; M\u00fasica<\/a> (anexo V, p\u00e1gina 28)<\/span><\/p>\n<p><span style=\"font-weight: 400\"><a href=\"https:\/\/sacod.ufpr.br\/artes\/wp-content\/uploads\/sites\/8\/2019\/12\/ppc__musica__licenciatura__2020.pdf\">Regimento de est\u00e1gio Licenciatura 2019 em diante &#8211; M\u00fasica<\/a><\/span>\u00a0(anexo II, pg. 32)<\/p>\n<p><a href=\"https:\/\/sacod.ufpr.br\/artes\/wp-content\/uploads\/sites\/8\/2019\/06\/ppc__musica__bacharelado__2019.pdf\">Regimento de est\u00e1gio Bacharelado 2019 em diante &#8211; M\u00fasica<\/a> (anexo II, pg. 32)<\/p>\n","protected":false},"excerpt":{"rendered":"<p>O formul\u00e1rio de est\u00e1gio, obrigat\u00f3rio, n\u00e3o obrigat\u00f3rio e de disciplinas da licenciatura, \u00e9 preenchido on-line e depois impresso para incluir as assinaturas, ou pode inserir assinaturas digitalmente no PDF. No caso de est\u00e1gio n\u00e3o obrigat\u00f3rio, a PROGRAD est\u00e1 aceitando que o discente envie \u00e0 secretaria do curso (cmus@ufpr.br) uma via do formul\u00e1rio do CIEE em [&hellip;]<\/p>\n","protected":false},"author":1759,"featured_media":0,"parent":0,"menu_order":0,"comment_status":"closed","ping_status":"closed","template":"","meta":{"_acf_changed":false,"footnotes":""},"class_list":["post-6746","page","type-page","status-publish","hentry"],"acf":[],"_links":{"self":[{"href":"https:\/\/sacod.ufpr.br\/artes\/wp-json\/wp\/v2\/pages\/6746","targetHints":{"allow":["GET"]}}],"collection":[{"href":"https:\/\/sacod.ufpr.br\/artes\/wp-json\/wp\/v2\/pages"}],"about":[{"href":"https:\/\/sacod.ufpr.br\/artes\/wp-json\/wp\/v2\/types\/page"}],"author":[{"embeddable":true,"href":"https:\/\/sacod.ufpr.br\/artes\/wp-json\/wp\/v2\/users\/1759"}],"replies":[{"embeddable":true,"href":"https:\/\/sacod.ufpr.br\/artes\/wp-json\/wp\/v2\/comments?post=6746"}],"version-history":[{"count":32,"href":"https:\/\/sacod.ufpr.br\/artes\/wp-json\/wp\/v2\/pages\/6746\/revisions"}],"predecessor-version":[{"id":9735,"href":"https:\/\/sacod.ufpr.br\/artes\/wp-json\/wp\/v2\/pages\/6746\/revisions\/9735"}],"wp:attachment":[{"href":"https:\/\/sacod.ufpr.br\/artes\/wp-json\/wp\/v2\/media?parent=6746"}],"curies":[{"name":"wp","href":"https:\/\/api.w.org\/{rel}","templated":true}]}}