{"id":6738,"date":"2018-10-30T14:17:25","date_gmt":"2018-10-30T17:17:25","guid":{"rendered":"https:\/\/sacod.ufpr.br\/artes\/?page_id=6738"},"modified":"2023-12-18T12:08:24","modified_gmt":"2023-12-18T15:08:24","slug":"calendarios-academicos","status":"publish","type":"page","link":"https:\/\/sacod.ufpr.br\/artes\/calendarios-academicos\/","title":{"rendered":"Calend\u00e1rios acad\u00eamicos"},"content":{"rendered":"<p><a href=\"https:\/\/sacod.ufpr.br\/artes\/wp-content\/uploads\/sites\/8\/2023\/12\/resolucao-no-90-23-cepe.pdf\">Resolu\u00e7\u00e3o do calend\u00e1rio acad\u00eamico 15 semanas da UFPR 2024<\/a><\/p>\n<p>&nbsp;<\/p>\n","protected":false},"excerpt":{"rendered":"<p>Resolu\u00e7\u00e3o do calend\u00e1rio acad\u00eamico 15 semanas da UFPR 2024 &nbsp;<\/p>\n","protected":false},"author":1759,"featured_media":0,"parent":0,"menu_order":0,"comment_status":"closed","ping_status":"closed","template":"","meta":{"_acf_changed":false,"footnotes":""},"class_list":["post-6738","page","type-page","status-publish","hentry"],"acf":[],"_links":{"self":[{"href":"https:\/\/sacod.ufpr.br\/artes\/wp-json\/wp\/v2\/pages\/6738","targetHints":{"allow":["GET"]}}],"collection":[{"href":"https:\/\/sacod.ufpr.br\/artes\/wp-json\/wp\/v2\/pages"}],"about":[{"href":"https:\/\/sacod.ufpr.br\/artes\/wp-json\/wp\/v2\/types\/page"}],"author":[{"embeddable":true,"href":"https:\/\/sacod.ufpr.br\/artes\/wp-json\/wp\/v2\/users\/1759"}],"replies":[{"embeddable":true,"href":"https:\/\/sacod.ufpr.br\/artes\/wp-json\/wp\/v2\/comments?post=6738"}],"version-history":[{"count":20,"href":"https:\/\/sacod.ufpr.br\/artes\/wp-json\/wp\/v2\/pages\/6738\/revisions"}],"predecessor-version":[{"id":9349,"href":"https:\/\/sacod.ufpr.br\/artes\/wp-json\/wp\/v2\/pages\/6738\/revisions\/9349"}],"wp:attachment":[{"href":"https:\/\/sacod.ufpr.br\/artes\/wp-json\/wp\/v2\/media?parent=6738"}],"curies":[{"name":"wp","href":"https:\/\/api.w.org\/{rel}","templated":true}]}}