{"id":6734,"date":"2018-10-30T14:15:09","date_gmt":"2018-10-30T17:15:09","guid":{"rendered":"https:\/\/sacod.ufpr.br\/artes\/?page_id=6734"},"modified":"2025-10-21T14:13:35","modified_gmt":"2025-10-21T17:13:35","slug":"centros-academicos","status":"publish","type":"page","link":"https:\/\/sacod.ufpr.br\/artes\/centros-academicos\/","title":{"rendered":"Centros Acad\u00eamicos"},"content":{"rendered":"<p><strong>Centro Acad\u00eamico de M\u00fasica &#8211; MusiCA UFPR<\/strong><\/p>\n<p><span style=\"font-weight: 400\">Contato: <\/span><a href=\"mailto:ca.musicaufpr@gmail.com\"><span style=\"font-weight: 400\">ca.musicaufpr@gmail.com<\/span><\/a><\/p>\n<p><span style=\"font-weight: 400\">P\u00e1gina: <\/span><a href=\"https:\/\/www.instagram.com\/musica.ufpr\/\"><span style=\"font-weight: 400\">https:\/\/www.instagram.com\/musica.ufpr\/<\/span><\/a><\/p>\n<p>&nbsp;<\/p>\n<p><strong>Centro Acad\u00eamico de Artes Visuais &#8211; CAAV<\/strong><\/p>\n<p><span style=\"font-weight: 400\">Contato: <\/span><a href=\"mailto:caartesvisuaisufpr@gmail.com\"><span style=\"font-weight: 400\">caartesvisuaisufpr@gmail.com<\/span><\/a><\/p>\n<p><span style=\"font-weight: 400\">P\u00e1gina: <\/span><a href=\"https:\/\/www.instagram.com\/caavufpr\/\"><span style=\"font-weight: 400\">https:\/\/www.instagram.com\/caavufpr\/<\/span><\/a><\/p>\n<p>&nbsp;<\/p>\n<p><strong>Centro Acad\u00eamico de Produ\u00e7\u00e3o Cultural \u2013 PROCUCA<\/strong><\/p>\n<p>Contato: <a href=\"mailto:ufprprocuca@gmail.com\"><u>ufprprocuca@gmail.com<\/u><\/a><\/p>\n<p>P\u00e1gina: <a href=\"http:\/\/www.instagram.com\/procuca.ufpr\/\"><u>www.instagram.com\/procuca.ufpr\/<\/u><\/a><\/p>\n","protected":false},"excerpt":{"rendered":"<p>Centro Acad\u00eamico de M\u00fasica &#8211; MusiCA UFPR Contato: ca.musicaufpr@gmail.com P\u00e1gina: https:\/\/www.instagram.com\/musica.ufpr\/ &nbsp; Centro Acad\u00eamico de Artes Visuais &#8211; CAAV Contato: caartesvisuaisufpr@gmail.com P\u00e1gina: https:\/\/www.instagram.com\/caavufpr\/ &nbsp; Centro Acad\u00eamico de Produ\u00e7\u00e3o Cultural \u2013 PROCUCA Contato: ufprprocuca@gmail.com P\u00e1gina: www.instagram.com\/procuca.ufpr\/<\/p>\n","protected":false},"author":1759,"featured_media":0,"parent":0,"menu_order":0,"comment_status":"closed","ping_status":"closed","template":"","meta":{"_acf_changed":false,"footnotes":""},"class_list":["post-6734","page","type-page","status-publish","hentry"],"acf":[],"_links":{"self":[{"href":"https:\/\/sacod.ufpr.br\/artes\/wp-json\/wp\/v2\/pages\/6734","targetHints":{"allow":["GET"]}}],"collection":[{"href":"https:\/\/sacod.ufpr.br\/artes\/wp-json\/wp\/v2\/pages"}],"about":[{"href":"https:\/\/sacod.ufpr.br\/artes\/wp-json\/wp\/v2\/types\/page"}],"author":[{"embeddable":true,"href":"https:\/\/sacod.ufpr.br\/artes\/wp-json\/wp\/v2\/users\/1759"}],"replies":[{"embeddable":true,"href":"https:\/\/sacod.ufpr.br\/artes\/wp-json\/wp\/v2\/comments?post=6734"}],"version-history":[{"count":5,"href":"https:\/\/sacod.ufpr.br\/artes\/wp-json\/wp\/v2\/pages\/6734\/revisions"}],"predecessor-version":[{"id":9883,"href":"https:\/\/sacod.ufpr.br\/artes\/wp-json\/wp\/v2\/pages\/6734\/revisions\/9883"}],"wp:attachment":[{"href":"https:\/\/sacod.ufpr.br\/artes\/wp-json\/wp\/v2\/media?parent=6734"}],"curies":[{"name":"wp","href":"https:\/\/api.w.org\/{rel}","templated":true}]}}