{"id":6726,"date":"2018-10-30T14:13:36","date_gmt":"2018-10-30T17:13:36","guid":{"rendered":"https:\/\/sacod.ufpr.br\/artes\/?page_id=6726"},"modified":"2024-04-01T18:02:44","modified_gmt":"2024-04-01T21:02:44","slug":"extensao-musica","status":"publish","type":"page","link":"https:\/\/sacod.ufpr.br\/artes\/extensao-musica\/","title":{"rendered":"Extens\u00e3o &#8211; M\u00fasica"},"content":{"rendered":"<p><span style=\"font-weight: 400\">Um dos trip\u00e9s de atua\u00e7\u00e3o da Universidade concentra-se na extens\u00e3o. Ela \u00e9 de extrema import\u00e2ncia porque leva conhecimento, informa\u00e7\u00e3o e cultura ao cidad\u00e3o. Ao pensar em um Programa de Extens\u00e3o na \u00e1rea de m\u00fasica, pretende-se ampliar as atividades musicais e sair dos meios acad\u00eamicos para atingir toda a sociedade, com propostas de cursos, concertos, festivais, palestras e debates, para citar apenas alguns exemplos.<\/span><\/p>\n<p>&nbsp;<\/p>\n<p><strong>Programa M\u00fasica Para Todos UFPR<\/strong><\/p>\n<p class=\"elementToProof\">O programa de extens\u00e3o M\u00fasica para Todos UFPR \u00e9 o conjunto articulado dos projetos e atividades de extens\u00e3o do Curso de M\u00fasica da Universidade Federal do Paran\u00e1. As atividades propostas dentro do programa visam resultados de m\u00fatuo interesse para a sociedade e para a comunidade acad\u00eamica nas \u00e1reas de educa\u00e7\u00e3o musical, performance, cria\u00e7\u00e3o e composi\u00e7\u00e3o, tecnologia musical, teoria musical e musicologia, a partir da atua\u00e7\u00e3o de membros do corpo docente e discente do Curso de M\u00fasica junto \u00e0 comunidade interna e externa \u00e0 UFPR.<\/p>\n<p class=\"elementToProof\">Coordena\u00e7\u00e3o: Prof. Dr. Francisco Azevedo<\/p>\n<p class=\"elementToProof\">Vice-coordena\u00e7\u00e3o: Prof. Dr. Rafael Ferronato<\/p>\n<p>&nbsp;<\/p>\n<p><b>Projeto de Extens\u00e3o em Musicaliza\u00e7\u00e3o e Instrumentos Musicais (PEMIM)<\/b><\/p>\n<p class=\"elementToProof\">O PEMIM amplia as possibilidades de instru\u00e7\u00e3o musical em Curitiba e regi\u00e3o, atrav\u00e9s de cursos de instrumento musical, palestras, recitais e concertos. Estas atividades oportunizam a experi\u00eancia do processo ensino-aprendizagem aos instrutores do projeto e a aquisi\u00e7\u00e3o de conhecimento musical aos alunos, fortalecendo o v\u00ednculo entre o Departamento de Artes da Universidade Federal do Paran\u00e1 e a comunidade em geral.<\/p>\n<p class=\"elementToProof\">Coordena\u00e7\u00e3o: Prof. Dr. Francisco Azevedo<\/p>\n<p class=\"elementToProof\">Vice-coordena\u00e7\u00e3o: Prof. Dr. Rafael Ferronato<\/p>\n<p><span style=\"font-weight: 400\"><br \/>\n<a href=\"https:\/\/www.instagram.com\/pemim.ufpr\/\">https:\/\/www.instagram.com\/pemim.ufpr\/<\/a><br \/>\n<a href=\"https:\/\/www.facebook.com\/PEMIMUFPR\/\">https:\/\/www.facebook.com\/PEMIMUFPR\/<\/a><br \/>\n<\/span><\/p>\n<p>&nbsp;<\/p>\n<p><strong>Projeto LEVARE (Prepara\u00e7\u00e3o para o vestibular em m\u00fasica)<\/strong><\/p>\n<p><span style=\"font-weight: 400\">Coordenador: prof. Dr. Rafael Ferronato<\/span><br \/>\nPrepara gratuitamente interessados em ingressar nos cursos de m\u00fasica das IES do Paran\u00e1:<\/p>\n<p><a href=\"https:\/\/www.instagram.com\/levareufpr\/\">https:\/\/www.instagram.com\/levareufpr\/<\/a><\/p>\n<p><a href=\"https:\/\/www.facebook.com\/levareufpr\/\">https:\/\/www.facebook.com\/levareufpr\/<\/a><\/p>\n<p><a href=\"https:\/\/ufpr.br\/iniciativa-de-alunos-da-ufpr-curso-que-prepara-vestibulandos-de-musica-ajuda-a-aprovar-100-da-turma\/\">https:\/\/ufpr.br\/iniciativa-de-alunos-da-ufpr-curso-que-prepara-vestibulandos-de-musica-ajuda-a-aprovar-100-da-turma\/<\/a><\/p>\n<p>Mais informa\u00e7\u00f5es pelo e-mail cursinhomusica.ufpr@gmail.com<\/p>\n<p>&nbsp;<\/p>\n<p><strong>Projeto Celebrando Grande \u00c1lbuns<\/strong><\/p>\n<p>O Projeto Celebrando Grandes \u00c1lbuns promove a experi\u00eancia de performance musical aos discentes do Curso de M\u00fasica da UFPR. Neste projeto, \u00e1lbuns musicais com grande import\u00e2ncia hist\u00f3rica s\u00e3o executados na sua \u00edntegra em espet\u00e1culos abertos \u00e0 comunidade em geral, realizados dentro e fora do Departamento de Artes, assim fomentando a cultura e a musicologia sobre o repert\u00f3rio da segunda metade do s\u00e9culo XX.<\/p>\n<p class=\"elementToProof\">Coordena\u00e7\u00e3o: Prof. Dr. Francisco Azevedo<\/p>\n<p class=\"elementToProof\">Vice-coordena\u00e7\u00e3o: Prof\u00aa Dr\u00aa Viviane Kubo<\/p>\n<p>&nbsp;<\/p>\n<p>&nbsp;<\/p>\n<p><strong>Projeto LabVox &#8211;\u00a0Laborat\u00f3rio de Pr\u00e1ticas e Estudos em Canto<\/strong><\/p>\n<p>O LabVox oferece pr\u00e1ticas de canto coral para discentes e a comunidade local, realizando apresenta\u00e7\u00f5es peri\u00f3dicas em Curitiba. Est\u00e1 integrado a disciplinas extensionistas do curso de m\u00fasica.<\/p>\n<p>Coordena\u00e7\u00e3o: Prof\u00aa Dr\u00aa Viviane Kubo<\/p>\n<p><a href=\"https:\/\/www.instagram.com\/labvox.ufpr\/\">https:\/\/www.instagram.com\/labvox.ufpr\/<\/a><\/p>\n<p>&nbsp;<\/p>\n<p><b>PR\u00c1TICAS MUSICAIS PARA A COMUNIDADE NO DEARTES 2.0<\/b><\/p>\n<p><span style=\"font-weight: 400\">Coordenador: Prof. Dr. Edwin Pitre-V\u00e1squez<br \/>\n<\/span><\/p>\n<p><span style=\"font-weight: 400\">O Projeto Pr\u00e1ticas Musicais para a Comunidade no DeArtes \u00e9 uma proposta art\u00edstico-pedag\u00f3gica de divulga\u00e7\u00e3o cient\u00edfica junto \u00e0 Comunidade da cidade de Curitiba. O mesmo prop\u00f5e capacitar e treinar musicalmente os participantes para execu\u00e7\u00e3o e audi\u00e7\u00e3o, atrav\u00e9s da pr\u00e1tica musical, utilizando como base a m\u00fasica brasileira e latinoamericana, oferecendo conte\u00fados te\u00f3ricos, hist\u00f3ricos e de repert\u00f3rio.<\/span><\/p>\n<p><span style=\"font-weight: 400\">Nos \u00faltimos anos, o Departamento de Artes, particularmente o Curso de M\u00fasica, tem recebido uma demanda por cursos que visam pr\u00e1ticas em M\u00fasica Popular dentro da Universidade Federal do Paran\u00e1. A cria\u00e7\u00e3o do Laborat\u00f3rio de Etnomusicologia pelo Prof. Dr. Edwin Pitre-V\u00e1squez permitiu inserir na Extens\u00e3o Universit\u00e1ria esta op\u00e7\u00e3o cultural. Est\u00e3o envolvidos o corpo docente e discente do DeArtes, alunos da gradua\u00e7\u00e3o, mestrado e doutorado, que promovem a integra\u00e7\u00e3o com a comunidade interessada na arte musical.<\/span><\/p>\n<p><span style=\"font-weight: 400\">A m\u00fasica brasileira \u00e9 objeto de estudo nas diferentes institui\u00e7\u00f5es de ensino superior e t\u00e9cnico no Brasil, sendo uma manifesta\u00e7\u00e3o relevante da express\u00e3o cultural brasileira e, portanto, n\u00e3o pode ficar de fora da Academia. Assim, este projeto visa inserir a UFPR na cena musical brasileira.<\/span><\/p>\n<p><span style=\"font-weight: 400\">Contato: praticasmusicais@gmail.com<\/span><\/p>\n<p>&nbsp;<\/p>\n<p><b>PROGRAMA MUSICAOS<\/b><\/p>\n<p><span style=\"font-weight: 400\">Coordenador: prof. Dr. Jos\u00e9 Estevam Gava<\/span><\/p>\n<p><span style=\"font-weight: 400\">O projeto Musicaos conta com programas de r\u00e1dio todos os domingos, \u00e0s 21:30, na UniFM &#8211; Curitiba (94,5 MHz); <\/span><span style=\"font-weight: 400\">\u00e0s sextas, 20:00, e domingos 11:00 na R\u00e1dio Federal FM de Pelotas (107,9 MHz); \u00e0s ter\u00e7as, 22:00, na R\u00e1dio Universidade AM de Santa Maria; aos domingos, 18:00, na R\u00e1dio Universidade FM de Santa Maria (107,9 MHz); aos domingos, 22:00, na R\u00e1dio FURG FM (106,7 MHz) e no site.<\/span><\/p>\n<p><span style=\"font-weight: 400\">O objetivo do Musicaos \u00e9 divulgar g\u00eaneros, estilos, compositores, movimentos, \u00e9pocas e conjuntos musicais que raramente s\u00e3o contemplados por emissoras comerciais, emissoras que em geral s\u00f3 tocam o que j\u00e1 \u00e9 aceito e reconhec\u00edvel. Al\u00e9m disso, cada edi\u00e7\u00e3o traz informa\u00e7\u00f5es hist\u00f3ricas, biogr\u00e1ficas e est\u00e9ticas acerca dos temas abordados, complementando a experi\u00eancia musical e servindo de material para disciplinas do curso de m\u00fasica da UFPR.<\/span><\/p>\n<p><span style=\"font-weight: 400\">Site: <\/span><a href=\"http:\/\/programa-musicaos.blogspot.com.br\/\"><span style=\"font-weight: 400\">programa-musicaos.blogspot.com.br<\/span><\/a><br \/>\n<span style=\"font-weight: 400\">E-mail: jotaest@outlook.com<\/span><\/p>\n<p>&nbsp;<\/p>\n<p><b>AMPLIFICAR<\/b><\/p>\n<p><span style=\"font-weight: 400\">Empresa J\u00fanior do curso de M\u00fasica da UFPR. Desde 2012 torna a ideia musical do cliente em projetos reais. Tem como objetivo capacitar os alunos de m\u00fasica para se tornarem os melhores profissionais do mercado musical.<\/span><\/p>\n<p><a href=\"https:\/\/www.instagram.com\/amplificar.ej\/\"><span style=\"font-weight: 400\">https:\/\/www.instagram.com\/amplificar.ej\/<\/span><\/a><\/p>\n","protected":false},"excerpt":{"rendered":"<p>Um dos trip\u00e9s de atua\u00e7\u00e3o da Universidade concentra-se na extens\u00e3o. Ela \u00e9 de extrema import\u00e2ncia porque leva conhecimento, informa\u00e7\u00e3o e cultura ao cidad\u00e3o. Ao pensar em um Programa de Extens\u00e3o na \u00e1rea de m\u00fasica, pretende-se ampliar as atividades musicais e sair dos meios acad\u00eamicos para atingir toda a sociedade, com propostas de cursos, concertos, festivais, [&hellip;]<\/p>\n","protected":false},"author":1759,"featured_media":0,"parent":0,"menu_order":0,"comment_status":"closed","ping_status":"closed","template":"","meta":{"_acf_changed":false,"footnotes":""},"class_list":["post-6726","page","type-page","status-publish","hentry"],"acf":[],"_links":{"self":[{"href":"https:\/\/sacod.ufpr.br\/artes\/wp-json\/wp\/v2\/pages\/6726","targetHints":{"allow":["GET"]}}],"collection":[{"href":"https:\/\/sacod.ufpr.br\/artes\/wp-json\/wp\/v2\/pages"}],"about":[{"href":"https:\/\/sacod.ufpr.br\/artes\/wp-json\/wp\/v2\/types\/page"}],"author":[{"embeddable":true,"href":"https:\/\/sacod.ufpr.br\/artes\/wp-json\/wp\/v2\/users\/1759"}],"replies":[{"embeddable":true,"href":"https:\/\/sacod.ufpr.br\/artes\/wp-json\/wp\/v2\/comments?post=6726"}],"version-history":[{"count":11,"href":"https:\/\/sacod.ufpr.br\/artes\/wp-json\/wp\/v2\/pages\/6726\/revisions"}],"predecessor-version":[{"id":9506,"href":"https:\/\/sacod.ufpr.br\/artes\/wp-json\/wp\/v2\/pages\/6726\/revisions\/9506"}],"wp:attachment":[{"href":"https:\/\/sacod.ufpr.br\/artes\/wp-json\/wp\/v2\/media?parent=6726"}],"curies":[{"name":"wp","href":"https:\/\/api.w.org\/{rel}","templated":true}]}}