{"id":6724,"date":"2018-11-09T10:01:54","date_gmt":"2018-11-09T13:01:54","guid":{"rendered":"https:\/\/sacod.ufpr.br\/artes\/?page_id=6724"},"modified":"2024-09-27T08:36:21","modified_gmt":"2024-09-27T11:36:21","slug":"extensao-artes-visuais","status":"publish","type":"page","link":"https:\/\/sacod.ufpr.br\/artes\/extensao-artes-visuais\/","title":{"rendered":"Extens\u00e3o &#8211; Artes Visuais"},"content":{"rendered":"<p><span style=\"font-weight: 400\">O Departamento de Artes tem atividades extensionistas ligadas aos cursos de Gradua\u00e7\u00e3o e P\u00f3s. As coordena\u00e7\u00f5es e orienta\u00e7\u00f5es envolvem professores e t\u00e9cnicos tanto de Artes Visuais e M\u00fasica quanto de outros Departamentos e Unidades. Atualmente est\u00e3o sendo desenvolvidos os seguintes projetos:<\/span><\/p>\n<hr \/>\n<h3><a href=\"https:\/\/sacod.ufpr.br\/artes\/wp-content\/uploads\/sites\/8\/2021\/04\/extensaotanialogo.jpg\"><img loading=\"lazy\" decoding=\"async\" class=\"alignleft size-full wp-image-8526\" src=\"https:\/\/sacod.ufpr.br\/artes\/wp-content\/uploads\/sites\/8\/2021\/04\/extensaotanialogo.jpg\" alt=\"\" width=\"129\" height=\"112\" \/><\/a><\/h3>\n<h3><strong>Acervo O Artista na UFPR<\/strong><\/h3>\n<p>O acervo digital O Artista na UFPR \u00e9 constitu\u00eddo por material videogr\u00e1fico, cujo conte\u00fado refere-se ao campo das Artes Visuais, e \u00e9 produzido pela parceria dos seguintes projetos de extens\u00e3o da Universidade Federal do Paran\u00e1: Amplia\u00e7\u00e3o e Difus\u00e3o do Acervo Digital O Artista na UFPR, do Departamento de Artes &#8211; Deartes; projeto de extens\u00e3o Amplia\u00e7\u00e3o e Difus\u00e3o do Acervo Audiovisual Arte em V\u00eddeo na UFPR, do Departamento de Comunica\u00e7\u00e3o Social &#8211; Decom. Este acervo come\u00e7ou a ser constitu\u00eddo a partir de 1999, sob o Programa de Extens\u00e3o Arte na Universidade, do Deartes, e est\u00e1 sendo transposto, de um acervo f\u00edsico que existe no departamento, em m\u00eddias DVD, para o Reposit\u00f3rio Digital Institucional do Sistema de Bibliotecas da UFPR. O acervo est\u00e1 dividido em quatro diferentes categorias &#8211; entrevistas, mesas-redondas, palestras e registros de po\u00e9ticas &#8211; cujo objetivo \u00e9 apresentar a trajet\u00f3ria e a po\u00e9tica de artistas, nacionais e internacionais, assim como eventos em que se d\u00e3o debates ou mostras de arte contempor\u00e2nea, a pesquisadores e ao p\u00fablico em geral.<\/p>\n<p>&nbsp;<\/p>\n<p><strong>Coordenadora:<\/strong> T\u00e2nia Bittencourt Bloomfield &#8211; <a href=\"mailto:taniabloomfield@ufpr.br\">taniabloomfield@ufpr.br<\/a><\/p>\n<p><strong>Vice coordenador:<\/strong> Lu\u00eds Carlos dos Santos, Decom &#8211; <a href=\"mailto:luidisan@ufpr.br\">luidisan@ufpr.br<\/a><\/p>\n<p>Acesse: <a href=\"https:\/\/acervodigital.ufpr.br\/handle\/1884\/45634\">https:\/\/acervodigital.ufpr.br\/handle\/1884\/45634<\/a><\/p>\n<p>&nbsp;<\/p>\n<hr \/>\n<p>&nbsp;<\/p>\n<h3><b>ESPA\u00c7OS EM COMUM: PR\u00c1TICAS ART\u00cdSTICAS EM CER\u00c2MICA<\/b><\/h3>\n<p><a href=\"https:\/\/sacod.ufpr.br\/artes\/wp-content\/uploads\/sites\/8\/2018\/11\/ceramica.jpg\"><img loading=\"lazy\" decoding=\"async\" class=\"wp-image-6784 alignleft\" src=\"https:\/\/sacod.ufpr.br\/artes\/wp-content\/uploads\/sites\/8\/2018\/11\/ceramica.jpg\" alt=\"\" width=\"220\" height=\"228\" srcset=\"https:\/\/sacod.ufpr.br\/artes\/wp-content\/uploads\/sites\/8\/2018\/11\/ceramica.jpg 376w, https:\/\/sacod.ufpr.br\/artes\/wp-content\/uploads\/sites\/8\/2018\/11\/ceramica-289x300.jpg 289w, https:\/\/sacod.ufpr.br\/artes\/wp-content\/uploads\/sites\/8\/2018\/11\/ceramica-241x250.jpg 241w\" sizes=\"auto, (max-width: 220px) 100vw, 220px\" \/><\/a><\/p>\n<p><span style=\"font-weight: 400\">Uma iniciativa do Laborat\u00f3rio de cer\u00e2mica e escultura do Departamento de Artes da UFPR, o projeto recebe alunos, ex-alunos, professores, artistas, e profissionais de diversas \u00e1reas para a elabora\u00e7\u00e3o e discuss\u00e3o de propostas que envolvam a pr\u00e1tica cer\u00e2mica como um campo de conhecimento.<\/span><\/p>\n<p>&nbsp;<\/p>\n<p><strong>Coordenadora:<\/strong> Isabelle Catucci da Silva &#8211; <a href=\"mailto:isabelle.silva@ufpr.br\">isabelle.silva@ufpr.br <\/a><\/p>\n<p><strong>Acesse:<\/strong> <a href=\"https:\/\/emcomumufpr.weebly.com\/\">https:\/\/emcomumufpr.weebly.com\/<\/a><\/p>\n<p>&nbsp;<\/p>\n<p>&nbsp;<\/p>\n<p>&nbsp;<\/p>\n<hr \/>\n<h3><strong>Oficina Permanente de Arte<\/strong><\/h3>\n<p>&nbsp;<\/p>\n<p>Oficina Permanente de Arte \u00e9 um projeto de extens\u00e3o universit\u00e1ria, coordenado pelo Prof. Geraldo Le\u00e3o Veiga de Camargo, do DeArtes\/UFPR que se prop\u00f5e a estabelecer um local de encontro e debate de ideias e projetos art\u00edsticos, em que os participantes debatem seus projetos da concep\u00e7\u00e3o \u00e0 finaliza\u00e7\u00e3o como obra. A Oficina Permanente de Arte ocorre em m\u00f3dulos independentes de tr\u00eas meses de dura\u00e7\u00e3o e \u00e9 aberta gratuitamente a artistas, educadores e estudantes de arte. Concomitantemente \u00e0 Oficina de debates sobre as pr\u00e1ticas art\u00edsticas, o Projeto desenvolve uma atividade paralela e complementar,o Ciclo de palestras A vida fala de Arte, com palestras gratuitas de pensadores externos ao Deartes, que trazem contribui\u00e7\u00f5es \u00e0 reflex\u00e3o te\u00f3rica e pesquisa em artes sob a \u00f3tica de v\u00e1rias disciplinas. Esse cruzamento possibilita o tr\u00e1fego em m\u00e3o dupla da reflex\u00e3o acad\u00eamica, irradiando, para fora da UFPR, ideias e procedimentos testados e recebendo o aporte das ideias novas circulando nos ateliers e oficinas de cria\u00e7\u00e3o, ao mesmo tempo em que disponibiliza discuss\u00f5es complementares sobre arte e cultura.<\/p>\n<p>&nbsp;<\/p>\n<p><strong>Coordenador:<\/strong> Geraldo Le\u00e3o Veiga de Camargo &#8211; <a href=\"mailto:geraldoleao@ufpr.br\">geraldoleao@ufpr.br<\/a><\/p>\n<p>&nbsp;<\/p>\n<hr \/>\n<h3><strong>LABORAT\u00d3RIO DE IMAGIN\u00c1RIO RADICAL<\/strong><\/h3>\n<p>O Laborat\u00f3rio de Imagin\u00e1rio Radical foi criado em 2020 como um projeto de extens\u00e3o do Departamento de Artes da UFPR, durante a pandemia. Desde sua cria\u00e7\u00e3o, promove conex\u00f5es entre os debates acad\u00eamicos e os debates que est\u00e3o acontecendo no campo da realidade material da pr\u00e1tica, seja dos artistas, da curadoria ou dos museus. O projeto de extens\u00e3o tem estabelecido parcerias com institui\u00e7\u00f5es culturais como o Museu de Arte Contempor\u00e2nea do Paran\u00e1 (MAC-PR), o Museu Paranaense (MUPA), em a\u00e7\u00f5es de reflex\u00e3o e produ\u00e7\u00e3o acad\u00eamica, de pr\u00e1ticas po\u00e9ticas e curatoriais, em um esfor\u00e7o de articula\u00e7\u00e3o entre a universidade e um p\u00fablico mais amplo.<\/p>\n<p>&nbsp;<\/p>\n<p><strong>Coordenadora:<\/strong> Dra. Fabr\u00edcia Cabral de Lira Jord\u00e3o &#8211; <a href=\"mailto:fcljordao@ufpr.br\">fcljordao@ufpr.br <\/a><\/p>\n<p><strong>Acesse: <\/strong><\/p>\n<ul>\n<li style=\"list-style-type: none\">\n<ul>\n<li><a href=\"https:\/\/imaginarioradical.hotglue.me\/\">https:\/\/imaginarioradical.hotglue.me\/ <\/a><\/li>\n<li><a href=\"https:\/\/www.instagram.com\/fabricia_jordao\/\">https:\/\/www.instagram.com\/fabricia_jordao\/<\/a><\/li>\n<\/ul>\n<\/li>\n<\/ul>\n","protected":false},"excerpt":{"rendered":"<p>O Departamento de Artes tem atividades extensionistas ligadas aos cursos de Gradua\u00e7\u00e3o e P\u00f3s. As coordena\u00e7\u00f5es e orienta\u00e7\u00f5es envolvem professores e t\u00e9cnicos tanto de Artes Visuais e M\u00fasica quanto de outros Departamentos e Unidades. Atualmente est\u00e3o sendo desenvolvidos os seguintes projetos: Acervo O Artista na UFPR O acervo digital O Artista na UFPR \u00e9 constitu\u00eddo [&hellip;]<\/p>\n","protected":false},"author":1759,"featured_media":0,"parent":0,"menu_order":0,"comment_status":"closed","ping_status":"closed","template":"","meta":{"_acf_changed":false,"footnotes":""},"class_list":["post-6724","page","type-page","status-publish","hentry"],"acf":[],"_links":{"self":[{"href":"https:\/\/sacod.ufpr.br\/artes\/wp-json\/wp\/v2\/pages\/6724","targetHints":{"allow":["GET"]}}],"collection":[{"href":"https:\/\/sacod.ufpr.br\/artes\/wp-json\/wp\/v2\/pages"}],"about":[{"href":"https:\/\/sacod.ufpr.br\/artes\/wp-json\/wp\/v2\/types\/page"}],"author":[{"embeddable":true,"href":"https:\/\/sacod.ufpr.br\/artes\/wp-json\/wp\/v2\/users\/1759"}],"replies":[{"embeddable":true,"href":"https:\/\/sacod.ufpr.br\/artes\/wp-json\/wp\/v2\/comments?post=6724"}],"version-history":[{"count":12,"href":"https:\/\/sacod.ufpr.br\/artes\/wp-json\/wp\/v2\/pages\/6724\/revisions"}],"predecessor-version":[{"id":9663,"href":"https:\/\/sacod.ufpr.br\/artes\/wp-json\/wp\/v2\/pages\/6724\/revisions\/9663"}],"wp:attachment":[{"href":"https:\/\/sacod.ufpr.br\/artes\/wp-json\/wp\/v2\/media?parent=6724"}],"curies":[{"name":"wp","href":"https:\/\/api.w.org\/{rel}","templated":true}]}}