{"id":6718,"date":"2018-10-30T14:07:50","date_gmt":"2018-10-30T17:07:50","guid":{"rendered":"https:\/\/sacod.ufpr.br\/artes\/?page_id=6718"},"modified":"2024-09-25T10:50:33","modified_gmt":"2024-09-25T13:50:33","slug":"grupos-de-pesquisa-de-artes-visuais","status":"publish","type":"page","link":"https:\/\/sacod.ufpr.br\/artes\/grupos-de-pesquisa-de-artes-visuais\/","title":{"rendered":"Grupos de pesquisa de Artes Visuais"},"content":{"rendered":"<p><strong>Artes Visuais: Teoria, educa\u00e7\u00e3o e po\u00e9tica<\/strong><\/p>\n<p><a href=\"https:\/\/dgp.cnpq.br\/dgp\/espelhogrupo\/33146\">https:\/\/dgp.cnpq.br\/dgp\/espelhogrupo\/33146<\/a><\/p>\n<p><span style=\"font-weight: 400\">O enfoque das pesquisas relacionadas ao Grupo \u00e9 o fen\u00f4meno art\u00edstico-visual dado em suas interfaces: a teoria, o ensino e a po\u00e9tica, entendidas em suas rela\u00e7\u00f5es hist\u00f3ricas, sociais e culturais, tendo como \u00e1reas de interesse a praxis art\u00edstica, a hist\u00f3ria da arte Brasileira, a educa\u00e7\u00e3o em arte e as rela\u00e7\u00f5es entre arte, espa\u00e7o e tempo. O grupo de pesquisa constitui-se como plataforma de pesquisa dos professores do Curso de Artes Visuais e agrega tamb\u00e9m os alunos bolsistas de Inicia\u00e7\u00e3o Cient\u00edfica e os orientandos de monografias de conclus\u00e3o de curso. <\/span><\/p>\n<p>&nbsp;<\/p>\n<p><span style=\"font-weight: 400\">Seus professores, todos integrantes do Departamento de Artes, possuem longo percurso de atua\u00e7\u00e3o dentro do campo das artes visuais, o que inclui a realiza\u00e7\u00e3o de exposi\u00e7\u00f5es (participa\u00e7\u00e3o como artistas, curadorias, elabora\u00e7\u00e3o de textos, etc.) em institui\u00e7\u00f5es de relev\u00e2ncia, como o Centro Cultural Ita\u00fa, o Museu de Arte Contempor\u00e2nea do Paran\u00e1, o Museu Oscar Niemeyer e outras no Brasil e exterior.<\/span><\/p>\n<p>&nbsp;<\/p>\n<p><span style=\"font-weight: 400\"> Atuam tamb\u00e9m em programas de media\u00e7\u00e3o de exposi\u00e7\u00f5es de arte junto a institui\u00e7\u00f5es culturais e educacionais, envolvendo-se no planejamento estrat\u00e9gico e na elabora\u00e7\u00e3o de material did\u00e1tico para p\u00fablicos espec\u00edficos. Al\u00e9m disso, possuem consider\u00e1vel produ\u00e7\u00e3o cient\u00edfica na \u00e1rea, apresentada em congressos de n\u00edvel nacional e internacional, e publicada em revistas especializadas e como cap\u00edtulos de livros de editoras reconhecidas. A interface desses pesquisadores com \u00e1reas afins (hist\u00f3ria, geografia, educa\u00e7\u00e3o, etc.) possibilita um olhar abrangente e multidisciplinar para o campo das artes visuais, o que se reflete na diversidade de objetos e problemas investigados.<\/span><\/p>\n<p>&nbsp;<\/p>\n<p>&nbsp;<\/p>\n<hr>\n<p><strong>Professores participantes:<\/strong><\/p>\n<ul>\n<li><a href=\"http:\/\/lattes.cnpq.br\/2869945052426646\">Elias de Andrade<\/a> &#8211; Orcid: <a href=\"https:\/\/orcid.org\/0009-0005-9991-5570\">https:\/\/orcid.org\/0009-0005-9991-5570<\/a> &#8211; e-mail: <a href=\"mailto:eliasdeandrade@ufpr.br\">eliasdeandrade@ufpr.br<\/a><\/li>\n<li><a href=\"http:\/\/lattes.cnpq.br\/5000364051192615\"><span style=\"font-weight: 400\">Emanuel dos Santos Monteiro<\/span><\/a> &#8211; e-mail: <a href=\"mailto:emanuelmonteiro@ufpr.br\">emanuelmonteiro@ufpr.br<\/a><\/li>\n<li><a href=\"http:\/\/lattes.cnpq.br\/4427001804420545\">Fabr\u00edcia Cabral de Lira Jord\u00e3o<\/a> &#8211; Orcid: <a href=\"https:\/\/orcid.org\/0000-0001-9177-2572\">https:\/\/orcid.org\/0000-0001-9177-2572<\/a> &#8211; e-mail: <a href=\"mailto:fcljordao@ufpr.br\">fcljordao@ufpr.br<\/a><\/li>\n<li><a href=\"http:\/\/lattes.cnpq.br\/5869224825794054\"><span style=\"font-weight: 400\">Felipe Cardoso de Mello Prando<\/span><\/a> &#8211; e-mail: <a href=\"mailto:felipeprando@ufpr.br\">felipeprando@ufpr.br<\/a><\/li>\n<li><a href=\"http:\/\/lattes.cnpq.br\/6521856627606695\"><span style=\"font-weight: 400\">Geraldo Le\u00e3o Veiga de Camargo<\/span><\/a> &#8211; e-mail: <a href=\"mailto:geraldoleao@ufpr.br\">geraldoleao@ufpr.br<\/a><\/li>\n<li><a href=\"http:\/\/lattes.cnpq.br\/3631895143391345\"><span style=\"font-weight: 400\">Isabelle Catucci da Silva<\/span><\/a> &#8211; e-mail: <a href=\"mailto:isabelle.silva@ufpr.br\">isabelle.silva@ufpr.br<\/a><\/li>\n<li><a href=\"http:\/\/lattes.cnpq.br\/1881067886011722\"><span style=\"font-weight: 400\">Juliana Gisi Martins de Almeida<\/span><\/a> &#8211; e-mail: <a href=\"mailto:julianagisi@ufpr.br\">julianagisi@ufpr.br\u00a0<\/a><\/li>\n<li><a href=\"http:\/\/lattes.cnpq.br\/9670477888454571\"><span style=\"font-weight: 400\">Luana Marchiori Veiga<\/span><\/a> &#8211; e-mail: <a href=\"mailto:luanaveiga@ufpr.br\">luanaveiga@ufpr.br<\/a><\/li>\n<li><a href=\"http:\/\/lattes.cnpq.br\/7123959718032577\"><span style=\"font-weight: 400\">Paulo Roberto de Oliveira Reis<\/span><\/a> &#8211; l\u00edder do grupo &#8211; e-mail: <a href=\"mailto:paulo.reis@ufpr.br\">paulo.reis@ufpr.br<\/a><\/li>\n<li><a href=\"http:\/\/lattes.cnpq.br\/5334187645210854\">Stephanie Dahn Batista<\/a> &#8211; e-mail: <a href=\"mailto:sdahnbatista@ufpr.br\">sdahnbatista@ufpr.br<\/a><\/li>\n<li><a href=\"http:\/\/lattes.cnpq.br\/4966004466813759\">T\u00e2nia Bloomfield<\/a> &#8211; Orcid: <a href=\"https:\/\/orcid.org\/0000-0001-8996-1008\">https:\/\/orcid.org\/0000-0001-8996-1008<\/a> &#8211; e-mail: <a href=\"mailto:taniabloomfield@ufpr.br\">taniabloomfield@ufpr.br<\/a><\/li>\n<\/ul>\n","protected":false},"excerpt":{"rendered":"<p>Artes Visuais: Teoria, educa\u00e7\u00e3o e po\u00e9tica https:\/\/dgp.cnpq.br\/dgp\/espelhogrupo\/33146 O enfoque das pesquisas relacionadas ao Grupo \u00e9 o fen\u00f4meno art\u00edstico-visual dado em suas interfaces: a teoria, o ensino e a po\u00e9tica, entendidas em suas rela\u00e7\u00f5es hist\u00f3ricas, sociais e culturais, tendo como \u00e1reas de interesse a praxis art\u00edstica, a hist\u00f3ria da arte Brasileira, a educa\u00e7\u00e3o em arte e [&hellip;]<\/p>\n","protected":false},"author":1759,"featured_media":0,"parent":0,"menu_order":0,"comment_status":"closed","ping_status":"closed","template":"","meta":{"_acf_changed":false,"footnotes":""},"class_list":["post-6718","page","type-page","status-publish","hentry"],"acf":[],"_links":{"self":[{"href":"https:\/\/sacod.ufpr.br\/artes\/wp-json\/wp\/v2\/pages\/6718","targetHints":{"allow":["GET"]}}],"collection":[{"href":"https:\/\/sacod.ufpr.br\/artes\/wp-json\/wp\/v2\/pages"}],"about":[{"href":"https:\/\/sacod.ufpr.br\/artes\/wp-json\/wp\/v2\/types\/page"}],"author":[{"embeddable":true,"href":"https:\/\/sacod.ufpr.br\/artes\/wp-json\/wp\/v2\/users\/1759"}],"replies":[{"embeddable":true,"href":"https:\/\/sacod.ufpr.br\/artes\/wp-json\/wp\/v2\/comments?post=6718"}],"version-history":[{"count":7,"href":"https:\/\/sacod.ufpr.br\/artes\/wp-json\/wp\/v2\/pages\/6718\/revisions"}],"predecessor-version":[{"id":9644,"href":"https:\/\/sacod.ufpr.br\/artes\/wp-json\/wp\/v2\/pages\/6718\/revisions\/9644"}],"wp:attachment":[{"href":"https:\/\/sacod.ufpr.br\/artes\/wp-json\/wp\/v2\/media?parent=6718"}],"curies":[{"name":"wp","href":"https:\/\/api.w.org\/{rel}","templated":true}]}}