{"id":6712,"date":"2018-10-30T14:04:20","date_gmt":"2018-10-30T17:04:20","guid":{"rendered":"https:\/\/sacod.ufpr.br\/artes\/?page_id=6712"},"modified":"2023-07-27T14:37:21","modified_gmt":"2023-07-27T17:37:21","slug":"musica-segunda-licenciatura-parfor","status":"publish","type":"page","link":"https:\/\/sacod.ufpr.br\/artes\/musica-segunda-licenciatura-parfor\/","title":{"rendered":"M\u00fasica &#8211; Segunda Licenciatura\/PARFOR"},"content":{"rendered":"<p><strong>O PARFOR M\u00fasica atuou at\u00e9 o ano de 2019.<\/strong><\/p>\n<p><span style=\"font-weight: 400\">Segundo a Secretaria de Estado de Educa\u00e7\u00e3o do Paran\u00e1 , SEED\/PR, existem nas escolas de ensino b\u00e1sico do Paran\u00e1 um n\u00famero insuficiente de professores atuando na disciplina de M\u00fasica. O Curso de M\u00fasica &#8211; Licenciatura PARFOR\/UFPR busca atender a uma parcela dessa demanda oferecendo, em colabora\u00e7\u00e3o com a pr\u00f3pria SEED\/PR, forma\u00e7\u00e3o continuada em m\u00fasica aos professores da rede p\u00fablica estadual de educa\u00e7\u00e3o b\u00e1sica do Estado do Paran\u00e1. O curso promove a forma\u00e7\u00e3o musical b\u00e1sica desses professores sem, no entanto, sobrecarreg\u00e1-los com uma quantidade excessiva de disciplinas, uma vez que, estima- se, eles continuem exercendo o magist\u00e9rio em suas respectivas escolas ao longo de todo o curso de segunda licenciatura. A carga hor\u00e1ria presencial de cada disciplina ocorreu preferencialmente aos s\u00e1bados, durante o per\u00edodo letivo (67%) e de segunda a s\u00e1bado, em regime intensivo, durante as f\u00e9rias de julho dos professores da rede p\u00fablica (33%).<\/span><\/p>\n<p><span style=\"font-weight: 400\">Coordenador do curso em 2019: Prof. Dr. Indioney Carneiro Rodrigues<\/span><\/p>\n<p>&nbsp;<\/p>\n<p><a href=\"https:\/\/sacod.ufpr.br\/artes\/wp-content\/uploads\/sites\/8\/2011\/05\/PROJETO_PEDAG%C3%93GICO_PARFOR_MUSICA_2017.pdf\"><span style=\"font-weight: 400\">Projeto pedag\u00f3gico do PARFOR 2017-2019<\/span><\/a><\/p>\n<p><a href=\"https:\/\/sacod.ufpr.br\/artes\/wp-content\/uploads\/sites\/8\/2011\/05\/PLANO_DO_CURSO_DE_MUSICA_SEGUNDA_LICENCIATURA_PARFOR.pdf\"><span style=\"font-weight: 400\">Plano do curso de M\u00fasica PARFOR \u00a02017-2019<\/span><\/a><\/p>\n","protected":false},"excerpt":{"rendered":"<p>O PARFOR M\u00fasica atuou at\u00e9 o ano de 2019. Segundo a Secretaria de Estado de Educa\u00e7\u00e3o do Paran\u00e1 , SEED\/PR, existem nas escolas de ensino b\u00e1sico do Paran\u00e1 um n\u00famero insuficiente de professores atuando na disciplina de M\u00fasica. O Curso de M\u00fasica &#8211; Licenciatura PARFOR\/UFPR busca atender a uma parcela dessa demanda oferecendo, em colabora\u00e7\u00e3o [&hellip;]<\/p>\n","protected":false},"author":1759,"featured_media":0,"parent":0,"menu_order":0,"comment_status":"closed","ping_status":"closed","template":"","meta":{"_acf_changed":false,"footnotes":""},"class_list":["post-6712","page","type-page","status-publish","hentry"],"acf":[],"_links":{"self":[{"href":"https:\/\/sacod.ufpr.br\/artes\/wp-json\/wp\/v2\/pages\/6712","targetHints":{"allow":["GET"]}}],"collection":[{"href":"https:\/\/sacod.ufpr.br\/artes\/wp-json\/wp\/v2\/pages"}],"about":[{"href":"https:\/\/sacod.ufpr.br\/artes\/wp-json\/wp\/v2\/types\/page"}],"author":[{"embeddable":true,"href":"https:\/\/sacod.ufpr.br\/artes\/wp-json\/wp\/v2\/users\/1759"}],"replies":[{"embeddable":true,"href":"https:\/\/sacod.ufpr.br\/artes\/wp-json\/wp\/v2\/comments?post=6712"}],"version-history":[{"count":3,"href":"https:\/\/sacod.ufpr.br\/artes\/wp-json\/wp\/v2\/pages\/6712\/revisions"}],"predecessor-version":[{"id":9274,"href":"https:\/\/sacod.ufpr.br\/artes\/wp-json\/wp\/v2\/pages\/6712\/revisions\/9274"}],"wp:attachment":[{"href":"https:\/\/sacod.ufpr.br\/artes\/wp-json\/wp\/v2\/media?parent=6712"}],"curies":[{"name":"wp","href":"https:\/\/api.w.org\/{rel}","templated":true}]}}