{"id":6708,"date":"2018-11-09T09:59:27","date_gmt":"2018-11-09T12:59:27","guid":{"rendered":"https:\/\/sacod.ufpr.br\/artes\/?page_id=6708"},"modified":"2024-09-25T10:00:44","modified_gmt":"2024-09-25T13:00:44","slug":"artes-visuais-licenciatura","status":"publish","type":"page","link":"https:\/\/sacod.ufpr.br\/artes\/artes-visuais-licenciatura\/","title":{"rendered":"Artes Visuais &#8211; Licenciatura"},"content":{"rendered":"<p><strong>Hist\u00f3rico da cria\u00e7\u00e3o do curso de Artes Visuais &#8211; Licenciatura<\/strong><\/p>\n<p>Frente \u00e0s exig\u00eancias do Minist\u00e9rio da Educa\u00e7\u00e3o e diante da necessidade de readequa\u00e7\u00e3o do antigo curso de Educa\u00e7\u00e3o Art\u00edstica, existente desde 1975, institu\u00eddo pelo Decreto 81.271\/78, \u00e0 realidade do ensino contempor\u00e2neo, foi elaborado, entre os anos de 2006 e 2007, o projeto para os atuais cursos de Licenciatura em Artes Visuais e Bacharelado em Artes Visuais. Em 2008, o curso de Licenciatura em Artes Visuais foi configurado com carga hor\u00e1ria total de 2.865 horas a serem integralizadas em no m\u00ednimo 4 anos e no m\u00e1ximo 6 anos. Uma nova atualiza\u00e7\u00e3o do curr\u00edculo foi iniciada pela Comiss\u00e3o de Projeto Curricular nomeada em 2017, que culminou no Projeto Pedag\u00f3gico aprovado, institucional e legalmente, em vig\u00eancia desde 2019.<\/p>\n<p>&nbsp;<\/p>\n<p><strong>Perfil do Curso de Artes Visuais \u2013 Licenciatura<\/strong><\/p>\n<p>O curso de Artes Visuais \u2013 Licenciatura, pertencente ao Departamento de Artes e ao Setor de Artes, Comunica\u00e7\u00e3o e Design da UFPR, oferece, ao longo dos per\u00edodos, disciplinas introdut\u00f3rias, de desenvolvimento e de aprofundamento das \u00e1reas de conhecimento das artes visuais e de ensino de arte. As disciplinas de Ensino da Arte, em sua maioria, s\u00e3o ofertadas pelo Setor de Educa\u00e7\u00e3o e ganham mais intensidade ap\u00f3s o 5\u00ba per\u00edodo, quando as e os estudantes j\u00e1 constru\u00edram uma s\u00f3lida base de conhecimento te\u00f3rico-pr\u00e1tico. As horas de pr\u00e1tica como componente curricular s\u00e3o distribu\u00eddas ao longo do processo formativo, assim como disciplinas com carga hor\u00e1ria de est\u00e1gio.<\/p>\n<p>A partir das disciplinas obrigat\u00f3rias e optativas de car\u00e1ter te\u00f3rico-pr\u00e1tico dos campos de artes visuais e de educa\u00e7\u00e3o, as e os estudantes constroem sua forma\u00e7\u00e3o para atuar como educadores e realizadores de projetos de ensino de artes visuais no Ensino Fundamental e M\u00e9dio, bem como no ensino informal, em institui\u00e7\u00f5es p\u00fablicas ou privadas. Como principal objetivo, o curso pretende promover a constru\u00e7\u00e3o de uma partilha do sens\u00edvel socialmente comprometida como direito de todas e todos, seja nas escolas, museus, centros culturais ou outros espa\u00e7os; na experimenta\u00e7\u00e3o po\u00e9tica-expressiva das linguagens da pintura, escultura, performance, v\u00eddeo, fotografia, entre outras, nos ateli\u00eas e salas de aula; no entendimento da arte como representa\u00e7\u00e3o da diversidade da vida social e cultural brasileira e na educa\u00e7\u00e3o pela arte como uma das formas de cidadania e a\u00e7\u00e3o transformadora no mundo.<\/p>\n<p>Neste Projeto Pedag\u00f3gico de Curso, os componentes estruturais de curr\u00edculo s\u00e3o organizados por n\u00facleos, sendo eles: N\u00facleo Ensino da Arte, N\u00facleo Po\u00e9ticas Visuais e N\u00facleo Teoria, Hist\u00f3ria e Cr\u00edtica de Arte. D\u00e1-se continuidade para uma forma\u00e7\u00e3o flex\u00edvel que envolve ofertas de disciplinas optativas, Projetos Avan\u00e7ados, Est\u00e1gios, Atividades<\/p>\n<p>Formativas e temas transversais. Para a integraliza\u00e7\u00e3o do curso s\u00e3o necess\u00e1rias 2530 horas de disciplinas do N\u00facleo de Conte\u00fados Obrigat\u00f3rios, 120h do N\u00facleo de Conte\u00fados Optativos, 360h de Projetos Avan\u00e7ados, 400 horas de est\u00e1gio bem como 200 horas de atividade formativa (atividades te\u00f3rico-pr\u00e1ticas de aprofundamento em \u00e1reas espec\u00edficas de interesse). Sendo que 400 horas s\u00e3o de Pr\u00e1tica como Componente Curricular. O turno do curso \u00e9 matutino e sua dura\u00e7\u00e3o ser\u00e1 de 9 semestres at\u00e9 o m\u00e1ximo de 13 semestres. O curr\u00edculo atual contempla as horas de credita\u00e7\u00e3o de extens\u00e3o nos hist\u00f3ricos de estudantes, na raz\u00e3o de 10% da carga total do curso, distribu\u00eddos ao longo do curso e de acordo com as exig\u00eancias legais.<\/p>\n<p>&nbsp;<\/p>\n<p><strong>Dados gerais do curso de Artes Visuais \u2013 Licenciatura<\/strong><\/p>\n<ul>\n<li><strong>Tipo:<\/strong> Licenciatura<\/li>\n<li><strong>Modalidade:<\/strong> Presencial<\/li>\n<li><strong>Denomina\u00e7\u00e3o:<\/strong> Licenciatura em Artes Visuais<\/li>\n<li><strong>Formas de entrada no curso:<\/strong> Vestibular anual; SISU; ENEM; Processo de ocupa\u00e7\u00e3o de vagas remanescentes (PROVAR)<\/li>\n<li><strong>Regime:<\/strong> Semestral<\/li>\n<li><strong>Local de oferta:<\/strong> Setor de Artes Comunica\u00e7\u00e3o e Design (Campus Batel) Departamento de Artes &#8211; R. Cel. Dulc\u00eddio, 638, Batel, Curitiba, PR &#8211; CEP: 80420-170<\/li>\n<li><strong>Turno de funcionamento:<\/strong> Matutino<\/li>\n<li><strong>N\u00famero total de vagas\/ano:<\/strong> 16 vagas<\/li>\n<li><strong>Carga hor\u00e1ria total:<\/strong> 3210 horas<\/li>\n<li><strong>Prazo de integraliza\u00e7\u00e3o curricular:<\/strong> m\u00ednimo de 9 e m\u00e1ximo de 13 semestres<\/li>\n<li><strong>Diploma concedido:<\/strong> Licenciatura em Artes Visuais<\/li>\n<\/ul>\n<p>&nbsp;<\/p>\n<p><strong>Estrutura administrativa do curso de Artes Visuais \u2013 Licenciatura <\/strong><\/p>\n<ul>\n<li><strong>Coordenadora do Curso:<\/strong> Dra. Luana Marchiori Veiga (40hDE) <a href=\"mailto:luanaveiga@ufpr.br\">luanaveiga@ufpr.br <\/a><\/li>\n<li><strong>Vice coordenador do Curso:<\/strong> Dr. Emanuel Monteiro (40hDE) <a href=\"mailto:emanuelmonteiro@ufpr.br\">emanuelmonteiro@ufpr.br<\/a><\/li>\n<li><strong>Secret\u00e1ria do Curso:<\/strong> Sandra Rota da Purifica\u00e7\u00e3o<\/li>\n<li><strong>Contato do Curso:<\/strong> <a href=\"mailto:artesvisuais@ufpr.br\">artesvisuais@ufpr.br<\/a><\/li>\n<\/ul>\n<p>&nbsp;<\/p>\n<hr \/>\n<p><a href=\"https:\/\/sacod.ufpr.br\/artes\/wp-content\/uploads\/sites\/8\/2020\/02\/ppc_licenciatura-1.pdf\">Projeto Pedag\u00f3gico Licenciatura em Artes Visuais (2019)<\/a><\/p>\n<p>&nbsp;<\/p>\n<hr \/>\n<p><strong>Estrutura curricular:<\/strong><\/p>\n<p>&nbsp;<\/p>\n<table width=\"629\">\n<tbody>\n<tr>\n<td colspan=\"3\" width=\"629\">1\u00ba Per\u00edodo<\/td>\n<\/tr>\n<tr>\n<td>C\u00f3digo<\/td>\n<td>Conte\u00fados<\/td>\n<td>PR\u00c9-REQ<\/td>\n<\/tr>\n<tr>\n<td><a href=\"https:\/\/sacod.ufpr.br\/artes\/wp-content\/uploads\/sites\/8\/2020\/02\/oa311.pdf\">OA311<\/a><\/td>\n<td>Introdu\u00e7\u00e3o \u00e0 Hist\u00f3ria da Arte<\/td>\n<td>&#8212;<\/td>\n<\/tr>\n<tr>\n<td><a href=\"https:\/\/sacod.ufpr.br\/artes\/wp-content\/uploads\/sites\/8\/2020\/02\/oa312.pdf\">OA312<\/a><\/td>\n<td>Metodologia de Pesquisa em Artes\u00a0 1<\/td>\n<td>&#8212;<\/td>\n<\/tr>\n<tr>\n<td><a href=\"https:\/\/sacod.ufpr.br\/artes\/wp-content\/uploads\/sites\/8\/2020\/02\/oa313.pdf\">OA313<\/a><\/td>\n<td>Introdu\u00e7\u00e3o ao Desenho<\/td>\n<td>&#8212;<\/td>\n<\/tr>\n<tr>\n<td><a href=\"https:\/\/sacod.ufpr.br\/artes\/wp-content\/uploads\/sites\/8\/2020\/02\/oa314.pdf\">OA314<\/a><\/td>\n<td>Introdu\u00e7\u00e3o \u00e0 Pintura<\/td>\n<td>&#8212;<\/td>\n<\/tr>\n<tr>\n<td><a href=\"https:\/\/sacod.ufpr.br\/artes\/wp-content\/uploads\/sites\/8\/2020\/02\/oa315.pdf\">OA315<\/a><\/td>\n<td>Introdu\u00e7\u00e3o \u00e0 Tridimensionalidade<\/td>\n<td>&#8212;<\/td>\n<\/tr>\n<tr>\n<td><a href=\"https:\/\/sacod.ufpr.br\/artes\/wp-content\/uploads\/sites\/8\/2020\/02\/em204.pdf\">EM204<\/a><\/td>\n<td>Did\u00e1tica<\/td>\n<td>&#8212;<\/td>\n<\/tr>\n<tr>\n<td><a href=\"https:\/\/sacod.ufpr.br\/artes\/wp-content\/uploads\/sites\/8\/2020\/02\/oa317.pdf\">OA317<\/a><\/td>\n<td>Introdu\u00e7\u00e3o aos Fundamentos do Ensino das Artes Visuais<\/td>\n<td>&#8212;<\/td>\n<\/tr>\n<tr>\n<td><\/td>\n<td><\/td>\n<td><\/td>\n<\/tr>\n<tr>\n<td colspan=\"3\">2\u00ba Per\u00edodo<\/td>\n<\/tr>\n<tr>\n<td>C\u00f3digo<\/td>\n<td>Conte\u00fados<\/td>\n<td>PR\u00c9-REQ<\/td>\n<\/tr>\n<tr>\n<td><a href=\"https:\/\/sacod.ufpr.br\/artes\/wp-content\/uploads\/sites\/8\/2020\/02\/oa321.pdf\">OA321<\/a><\/td>\n<td>Hist\u00f3ria da arte: Cl\u00e1ssico e Anticl\u00e1ssico<\/td>\n<td>&#8212;<\/td>\n<\/tr>\n<tr>\n<td><a href=\"https:\/\/sacod.ufpr.br\/artes\/wp-content\/uploads\/sites\/8\/2020\/02\/oa322.pdf\">OA322<\/a><\/td>\n<td>Linguagem das Artes Visuais<\/td>\n<td>&#8212;<\/td>\n<\/tr>\n<tr>\n<td><a href=\"https:\/\/sacod.ufpr.br\/artes\/wp-content\/uploads\/sites\/8\/2020\/02\/oa323.pdf\">OA323<\/a><\/td>\n<td>Desenho e Corpo<\/td>\n<td>&#8212;<\/td>\n<\/tr>\n<tr>\n<td><a href=\"https:\/\/sacod.ufpr.br\/artes\/wp-content\/uploads\/sites\/8\/2020\/02\/oa324.pdf\">OA324<\/a><\/td>\n<td>Pintura: cor e espa\u00e7o<\/td>\n<td>&#8212;<\/td>\n<\/tr>\n<tr>\n<td><a href=\"https:\/\/sacod.ufpr.br\/artes\/wp-content\/uploads\/sites\/8\/2020\/02\/oa325.pdf\">OA325<\/a><\/td>\n<td>Escultura: t\u00e9cnicas e processos<\/td>\n<td>&#8212;<\/td>\n<\/tr>\n<tr>\n<td><a href=\"https:\/\/sacod.ufpr.br\/artes\/wp-content\/uploads\/sites\/8\/2020\/02\/et084.pdf\">ET084<\/a><\/td>\n<td>Psicologia da Educa\u00e7\u00e3o<\/td>\n<td>&#8212;<\/td>\n<\/tr>\n<tr>\n<td><a href=\"https:\/\/sacod.ufpr.br\/artes\/wp-content\/uploads\/sites\/8\/2020\/02\/oa327.pdf\">OA327<\/a><\/td>\n<td>Fundamentos do Ensino das Artes Visuais : o artista e os espa\u00e7os de forma\u00e7\u00e3o<\/td>\n<td>&#8212;<\/td>\n<\/tr>\n<tr>\n<td><\/td>\n<td>Optativa I<\/td>\n<td>&#8212;<\/td>\n<\/tr>\n<tr>\n<td><\/td>\n<td><\/td>\n<td><\/td>\n<\/tr>\n<tr>\n<td colspan=\"3\">3\u00ba Per\u00edodo<\/td>\n<\/tr>\n<tr>\n<td>C\u00f3digo<\/td>\n<td>Conte\u00fados<\/td>\n<td>PR\u00c9-REQ<\/td>\n<\/tr>\n<tr>\n<td><a href=\"https:\/\/sacod.ufpr.br\/artes\/wp-content\/uploads\/sites\/8\/2020\/02\/oa331.pdf\">OA331<\/a><\/td>\n<td>Hist\u00f3ria da arte: arte moderna<\/td>\n<td>&#8212;<\/td>\n<\/tr>\n<tr>\n<td><a href=\"https:\/\/sacod.ufpr.br\/artes\/wp-content\/uploads\/sites\/8\/2020\/02\/oa330.pdf\">OA330<\/a><\/td>\n<td>Introdu\u00e7\u00e3o \u00e0 Curadoria e Media\u00e7\u00e3o<\/td>\n<td>&#8212;<\/td>\n<\/tr>\n<tr>\n<td><a href=\"https:\/\/sacod.ufpr.br\/artes\/wp-content\/uploads\/sites\/8\/2020\/02\/oa333.pdf\">OA333<\/a><\/td>\n<td>O espa\u00e7o no desenho: articula\u00e7\u00f5es internas<\/td>\n<td>&#8212;<\/td>\n<\/tr>\n<tr>\n<td><a href=\"https:\/\/sacod.ufpr.br\/artes\/wp-content\/uploads\/sites\/8\/2020\/02\/oa334.pdf\">OA334<\/a><\/td>\n<td>Pintura: Espa\u00e7o e representa\u00e7\u00e3o<\/td>\n<td>&#8212;<\/td>\n<\/tr>\n<tr>\n<td><a href=\"https:\/\/sacod.ufpr.br\/artes\/wp-content\/uploads\/sites\/8\/2020\/02\/oa335.pdf\">OA335<\/a><\/td>\n<td>Escultura: Materialidades e Experimenta\u00e7\u00f5es<\/td>\n<td>&#8212;<\/td>\n<\/tr>\n<tr>\n<td><a href=\"https:\/\/sacod.ufpr.br\/artes\/wp-content\/uploads\/sites\/8\/2020\/02\/oa336.pdf\">OA336<\/a><\/td>\n<td>Gravura: Impress\u00e3o em relevo<\/td>\n<td>&#8212;<\/td>\n<\/tr>\n<tr>\n<td><a href=\"https:\/\/sacod.ufpr.br\/artes\/wp-content\/uploads\/sites\/8\/2020\/02\/ep124.pdf\">EP124<\/a><\/td>\n<td>Pol\u00edtica e Planejamento da Educa\u00e7\u00e3o Brasileira<\/td>\n<td>&#8212;<\/td>\n<\/tr>\n<tr>\n<td><\/td>\n<td><\/td>\n<td><\/td>\n<\/tr>\n<tr>\n<td colspan=\"3\">4\u00ba Per\u00edodo<\/td>\n<\/tr>\n<tr>\n<td>C\u00f3digo<\/td>\n<td>Conte\u00fados<\/td>\n<td>PR\u00c9-REQ<\/td>\n<\/tr>\n<tr>\n<td><a href=\"https:\/\/sacod.ufpr.br\/artes\/wp-content\/uploads\/sites\/8\/2020\/02\/oa341.pdf\">OA341<\/a><\/td>\n<td>Hist\u00f3ria da arte: as contemporaneidades<\/td>\n<td>&#8212;<\/td>\n<\/tr>\n<tr>\n<td><a href=\"https:\/\/sacod.ufpr.br\/artes\/wp-content\/uploads\/sites\/8\/2020\/02\/oa343.pdf\">OA343<\/a><\/td>\n<td>O espa\u00e7o do desenho: modos de apresenta\u00e7\u00e3o<\/td>\n<td>&#8212;<\/td>\n<\/tr>\n<tr>\n<td><a href=\"https:\/\/sacod.ufpr.br\/artes\/wp-content\/uploads\/sites\/8\/2020\/02\/oa345.pdf\">OA345<\/a><\/td>\n<td>Po\u00e9ticas contempor\u00e2neas da tridimensionalidade<\/td>\n<td>&#8212;<\/td>\n<\/tr>\n<tr>\n<td><a href=\"https:\/\/sacod.ufpr.br\/artes\/wp-content\/uploads\/sites\/8\/2020\/02\/oa346.pdf\">OA346<\/a><\/td>\n<td>Gravura: impress\u00e3o \u00e0 entalhe e por permea\u00e7\u00e3o<\/td>\n<td>&#8212;<\/td>\n<\/tr>\n<tr>\n<td><a href=\"https:\/\/sacod.ufpr.br\/artes\/wp-content\/uploads\/sites\/8\/2020\/02\/ep126.pdf\">EP126<\/a><\/td>\n<td>Organiza\u00e7\u00e3o do trabalho pedag\u00f3gico na escola<\/td>\n<td>&#8212;<\/td>\n<\/tr>\n<tr>\n<td><\/td>\n<td>Optativa II<\/td>\n<td>&#8212;<\/td>\n<\/tr>\n<tr>\n<td><\/td>\n<td><\/td>\n<td><\/td>\n<\/tr>\n<tr>\n<td colspan=\"3\">5\u00ba Per\u00edodo<\/td>\n<\/tr>\n<tr>\n<td>C\u00f3digo<\/td>\n<td>Conte\u00fados<\/td>\n<td>PR\u00c9-REQ<\/td>\n<\/tr>\n<tr>\n<td><a href=\"https:\/\/sacod.ufpr.br\/artes\/wp-content\/uploads\/sites\/8\/2020\/02\/oa351.pdf\">OA351<\/a><\/td>\n<td>Introdu\u00e7\u00e3o \u00e0 Hist\u00f3ria da Arte do Brasil<\/td>\n<td>&#8212;<\/td>\n<\/tr>\n<tr>\n<td><a href=\"https:\/\/sacod.ufpr.br\/artes\/wp-content\/uploads\/sites\/8\/2020\/02\/oa350.pdf\">OA350<\/a><\/td>\n<td>Introdu\u00e7\u00e3o \u00e0 Cr\u00edtica de Arte<\/td>\n<td>&#8212;<\/td>\n<\/tr>\n<tr>\n<td><a href=\"https:\/\/sacod.ufpr.br\/artes\/wp-content\/uploads\/sites\/8\/2020\/02\/oa354.pdf\">OA354<\/a><\/td>\n<td>Pintura: Representa\u00e7\u00e3o e espa\u00e7o<\/td>\n<td>&#8212;<\/td>\n<\/tr>\n<tr>\n<td><a href=\"https:\/\/sacod.ufpr.br\/artes\/wp-content\/uploads\/sites\/8\/2020\/02\/oa359.pdf\">OA359<\/a><\/td>\n<td>Est\u00e1gio Licenciatura<\/td>\n<td>&#8212;<\/td>\n<\/tr>\n<tr>\n<td><\/td>\n<td>Optativa III<\/td>\n<td>&#8212;<\/td>\n<\/tr>\n<tr>\n<td><\/td>\n<td>Projetos Avan\u00e7ados I (anual- 1\u00ba sem.)<\/td>\n<td>&#8212;<\/td>\n<\/tr>\n<tr>\n<td><\/td>\n<td><\/td>\n<td><\/td>\n<\/tr>\n<tr>\n<td colspan=\"3\">6\u00ba Per\u00edodo<\/td>\n<\/tr>\n<tr>\n<td>C\u00f3digo<\/td>\n<td>Conte\u00fados<\/td>\n<td>PR\u00c9-REQ<\/td>\n<\/tr>\n<tr>\n<td><a href=\"https:\/\/sacod.ufpr.br\/artes\/wp-content\/uploads\/sites\/8\/2020\/02\/oa361.pdf\">OA361<\/a><\/td>\n<td>Hist\u00f3ria da Arte do Brasil : modernidades<\/td>\n<td>&#8212;<\/td>\n<\/tr>\n<tr>\n<td><a href=\"https:\/\/sacod.ufpr.br\/artes\/wp-content\/uploads\/sites\/8\/2020\/02\/oa362.pdf\">OA362<\/a><\/td>\n<td>Metodologia de Pesquisa em Artes\u00a0 2<\/td>\n<td>OA312<\/td>\n<\/tr>\n<tr>\n<td><a href=\"https:\/\/sacod.ufpr.br\/artes\/wp-content\/uploads\/sites\/8\/2020\/02\/oa360.pdf\">OA360<\/a><\/td>\n<td>Cr\u00edtica de Arte<\/td>\n<td>&#8212;<\/td>\n<\/tr>\n<tr>\n<td><a href=\"https:\/\/sacod.ufpr.br\/artes\/wp-content\/uploads\/sites\/8\/2020\/02\/oa364.pdf\">OA364<\/a><\/td>\n<td>Arte e Imagens t\u00e9cnicas<\/td>\n<td>&#8212;<\/td>\n<\/tr>\n<tr>\n<td><a href=\"https:\/\/sacod.ufpr.br\/artes\/wp-content\/uploads\/sites\/8\/2020\/02\/em260.pdf\">EM260<\/a><\/td>\n<td>Metodologia do Ensino de Artes Visuais<\/td>\n<td>&#8212;<\/td>\n<\/tr>\n<tr>\n<td><a href=\"https:\/\/sacod.ufpr.br\/artes\/wp-content\/uploads\/sites\/8\/2020\/02\/et173.pdf\">ET173<\/a><\/td>\n<td>Educa\u00e7\u00e3o ambiental<\/td>\n<td>&#8212;<\/td>\n<\/tr>\n<tr>\n<td><\/td>\n<td>Projetos Avan\u00e7ados I (anual- 2\u00ba sem.)<\/td>\n<td>&#8212;<\/td>\n<\/tr>\n<tr>\n<td><\/td>\n<td><\/td>\n<td><\/td>\n<\/tr>\n<tr>\n<td colspan=\"3\">7\u00ba Per\u00edodo<\/td>\n<\/tr>\n<tr>\n<td>C\u00f3digo<\/td>\n<td>Conte\u00fados<\/td>\n<td>PR\u00c9-REQ<\/td>\n<\/tr>\n<tr>\n<td><a href=\"https:\/\/sacod.ufpr.br\/artes\/wp-content\/uploads\/sites\/8\/2020\/02\/oa371.pdf\">OA371<\/a><\/td>\n<td>Hist\u00f3ria da Arte do Brasil : arte experimental na ditadura<\/td>\n<td>&#8212;<\/td>\n<\/tr>\n<tr>\n<td><a href=\"https:\/\/sacod.ufpr.br\/artes\/wp-content\/uploads\/sites\/8\/2020\/02\/hf600.pdf\">HF600<\/a><\/td>\n<td>Est\u00e9tica<\/td>\n<td>&#8212;<\/td>\n<\/tr>\n<tr>\n<td><a href=\"https:\/\/sacod.ufpr.br\/artes\/wp-content\/uploads\/sites\/8\/2020\/02\/oa375.pdf\">OA375<\/a><\/td>\n<td>Introdu\u00e7\u00e3o \u00e0 arte de a\u00e7\u00e3o<\/td>\n<td>&#8212;<\/td>\n<\/tr>\n<tr>\n<td><a href=\"https:\/\/sacod.ufpr.br\/artes\/wp-content\/uploads\/sites\/8\/2020\/02\/oa374.pdf\">OA374<\/a><\/td>\n<td>Imagem e esfera p\u00fablica<\/td>\n<td>&#8212;<\/td>\n<\/tr>\n<tr>\n<td><a href=\"https:\/\/sacod.ufpr.br\/artes\/wp-content\/uploads\/sites\/8\/2020\/02\/em250.pdf\">EM250<\/a><\/td>\n<td>Pr\u00e1tica de Doc\u00eancia do Ensino de Artes Visuais 1<\/td>\n<td>EM260<\/td>\n<\/tr>\n<tr>\n<td><\/td>\n<td>Optativa Iv<\/td>\n<td>&#8212;<\/td>\n<\/tr>\n<tr>\n<td><\/td>\n<td>Projetos Avan\u00e7ados II (anual- 1\u00ba sem.)<\/td>\n<td>&#8212;<\/td>\n<\/tr>\n<tr>\n<td><\/td>\n<td><\/td>\n<td><\/td>\n<\/tr>\n<tr>\n<td colspan=\"3\">8\u00ba Per\u00edodo<\/td>\n<\/tr>\n<tr>\n<td>C\u00f3digo<\/td>\n<td>Conte\u00fados<\/td>\n<td>PR\u00c9-REQ<\/td>\n<\/tr>\n<tr>\n<td><a href=\"https:\/\/sacod.ufpr.br\/artes\/wp-content\/uploads\/sites\/8\/2020\/02\/oa381.pdf\">OA381<\/a><\/td>\n<td>Hist\u00f3ria da Arte do Brasil: arte contempor\u00e2nea<\/td>\n<td>&#8212;<\/td>\n<\/tr>\n<tr>\n<td><a href=\"https:\/\/sacod.ufpr.br\/artes\/wp-content\/uploads\/sites\/8\/2020\/02\/oa389.pdf\">OA389<\/a><\/td>\n<td>Trabalho de Conclus\u00e3o de Curso I<\/td>\n<td>OA362<\/td>\n<\/tr>\n<tr>\n<td><a href=\"https:\/\/sacod.ufpr.br\/artes\/wp-content\/uploads\/sites\/8\/2020\/02\/oa380.pdf\">OA380<\/a><\/td>\n<td>Estudos avan\u00e7ados em curadoria e media\u00e7\u00e3o<\/td>\n<td>&#8212;<\/td>\n<\/tr>\n<tr>\n<td><a href=\"https:\/\/sacod.ufpr.br\/artes\/wp-content\/uploads\/sites\/8\/2020\/02\/oa385.pdf\">OA385<\/a><\/td>\n<td>Arte de a\u00e7\u00e3o<\/td>\n<td>&#8212;<\/td>\n<\/tr>\n<tr>\n<td><a href=\"https:\/\/sacod.ufpr.br\/artes\/wp-content\/uploads\/sites\/8\/2020\/02\/em251.pdf\">EM251<\/a><\/td>\n<td>Pr\u00e1tica de Doc\u00eancia do Ensino de Artes Visuais 2<\/td>\n<td>EM250<\/td>\n<\/tr>\n<tr>\n<td><\/td>\n<td>Projetos Avan\u00e7ados II (anual- 2\u00ba sem.)<\/td>\n<td>&#8212;<\/td>\n<\/tr>\n<tr>\n<td><\/td>\n<td><\/td>\n<td><\/td>\n<\/tr>\n<tr>\n<td colspan=\"3\">9\u00ba Per\u00edodo<\/td>\n<\/tr>\n<tr>\n<td>C\u00f3digo<\/td>\n<td>Conte\u00fados<\/td>\n<td>PR\u00c9-REQ<\/td>\n<\/tr>\n<tr>\n<td><a href=\"https:\/\/sacod.ufpr.br\/artes\/wp-content\/uploads\/sites\/8\/2020\/02\/oa397.pdf\">OA397<\/a><\/td>\n<td>Pr\u00e1ticas em Curadoria e Media\u00e7\u00e3o<\/td>\n<td>OA380<\/td>\n<\/tr>\n<tr>\n<td><a href=\"https:\/\/sacod.ufpr.br\/artes\/wp-content\/uploads\/sites\/8\/2020\/02\/lib038.pdf\">LIB038<\/a><\/td>\n<td>Comunica\u00e7\u00e3o em L\u00edngua Brasileira de Sinais<\/td>\n<td>&#8212;<\/td>\n<\/tr>\n<tr>\n<td><a href=\"https:\/\/sacod.ufpr.br\/artes\/wp-content\/uploads\/sites\/8\/2020\/02\/et170.pdf\">ET170<\/a><\/td>\n<td>Diversidade \u00e9tnica-racial, g\u00eanero e sexualidade<\/td>\n<td>&#8212;<\/td>\n<\/tr>\n<tr>\n<td><a href=\"https:\/\/sacod.ufpr.br\/artes\/wp-content\/uploads\/sites\/8\/2020\/02\/et171.pdf\">ET171<\/a><\/td>\n<td>Educa\u00e7\u00e3o em direitos humanos<\/td>\n<td>&#8212;<\/td>\n<\/tr>\n<tr>\n<td><a href=\"https:\/\/sacod.ufpr.br\/artes\/wp-content\/uploads\/sites\/8\/2020\/02\/oa399.pdf\">OA399<\/a><\/td>\n<td>Trabalho de Conclus\u00e3o de Curso 2<\/td>\n<td>OA389<\/td>\n<\/tr>\n<\/tbody>\n<\/table>\n<p>&nbsp;<\/p>\n<hr \/>\n<p><u><a href=\"https:\/\/sacod.ufpr.br\/artes\/wp-content\/uploads\/sites\/8\/2011\/05\/ppp_introducao.pdf\">Projeto pedag\u00f3gico do curso de Licenciatura em Artes Visuais (2009)<\/a><\/u><\/p>\n<p>&nbsp;<\/p>\n<hr \/>\n<p><strong><em>Estrutura curricular\/disciplinas<\/em><\/strong><\/p>\n<p>&nbsp;<\/p>\n<p>1.\u00ba ANO<\/p>\n<p><u><a href=\"https:\/\/sacod.ufpr.br\/artes\/wp-content\/uploads\/sites\/8\/2015\/11\/OA0192.pdf\">OA192 \u2013 METODOLOGIA DA PESQUISA EM ARTES I<\/a><\/u><\/p>\n<p><u><a href=\"https:\/\/sacod.ufpr.br\/artes\/wp-content\/uploads\/sites\/8\/2015\/11\/OA400.pdf\">OA400 \u2013 HIST\u00d3RIA DA ARTE GERAL I<\/a><\/u><\/p>\n<p><u><a href=\"https:\/\/sacod.ufpr.br\/artes\/wp-content\/uploads\/sites\/8\/2015\/11\/OA402-LINGUAGENS-DAS-ARTES-VISUAIS.pdf\">OA402 \u2013 LINGUAGENS DAS ARTES VISUAIS<\/a><\/u><\/p>\n<p><u><a href=\"https:\/\/sacod.ufpr.br\/artes\/wp-content\/uploads\/sites\/8\/2015\/11\/OA403-FUNDAMENTOS-DA-LINGUAGEM-VISUAL.pdf\">OA403 \u2013 FUNDAMENTOS DA LINGUAGEM VISUAL<\/a><\/u><\/p>\n<p><u><a href=\"https:\/\/sacod.ufpr.br\/artes\/wp-content\/uploads\/sites\/8\/2015\/11\/OA404-DESENHO-I.pdf\">OA404 \u2013 DESENHO I<\/a><\/u><\/p>\n<p><u><a href=\"https:\/\/sacod.ufpr.br\/artes\/wp-content\/uploads\/sites\/8\/2015\/11\/OA406-EXPRESS\u00c3O-EM-VOLUME.pdf\">OA406 \u2013 EXPRESS\u00c3O EM VOLUME<\/a><\/u><\/p>\n<p><u><a href=\"https:\/\/sacod.ufpr.br\/artes\/wp-content\/uploads\/sites\/8\/2015\/11\/OA407-FUNDAMENTOS-DO-ENSINO-DA-ARTE.pdf\">OA407 \u2013 FUNDAMENTOS DO ENSINO DA ARTE<\/a><\/u><\/p>\n<p><u><a href=\"https:\/\/sacod.ufpr.br\/artes\/wp-content\/uploads\/sites\/8\/2015\/11\/ET053-Psicologia-da-Educa\u00e7\u00e3o.pdf\">ET053 \u2013 PSICOLOGIA DA EDUCA\u00c7\u00c3O<\/a><\/u><\/p>\n<p><u><a href=\"https:\/\/sacod.ufpr.br\/artes\/wp-content\/uploads\/sites\/8\/2015\/11\/EP074-ORGANIZA\u00c7\u00c3O-DO-TRABALHO-PEDAG\u00d3GICO-NA-ESCOLA.pdf\">EP074 \u2013 ORGANIZA\u00c7\u00c3O DO TRABALHO PEDAG\u00d3GICO NA ESCOLA<\/a><\/u><\/p>\n<p>DISCIPLINA OPTATIVA<\/p>\n<p>&nbsp;<\/p>\n<p>2.\u00ba ANO<\/p>\n<p><u><a href=\"https:\/\/sacod.ufpr.br\/artes\/wp-content\/uploads\/sites\/8\/2015\/11\/0A401.pdf\">OA401 \u2013 HIST\u00d3RIA DA ARTE GERAL II<\/a><\/u><\/p>\n<p><u><a href=\"https:\/\/sacod.ufpr.br\/artes\/wp-content\/uploads\/sites\/8\/2015\/11\/OA405-DESENHO-II-1.pdf\">OA405 \u2013 DESENHO II<\/a><\/u><\/p>\n<p><u><a href=\"https:\/\/sacod.ufpr.br\/artes\/wp-content\/uploads\/sites\/8\/2015\/11\/OA408-PINTURA-I.pdf\">OA408 \u2013 PINTURA I<\/a><\/u><\/p>\n<p><u><a href=\"https:\/\/sacod.ufpr.br\/artes\/wp-content\/uploads\/sites\/8\/2015\/11\/OA410-IMAGEM-E-REPRODU\u00c7\u00c3O-I-FOTOGRAFIA.pdf\">OA410 \u2013 IMAGEM E REPRODU\u00c7\u00c3O I (FOTOGRAFIA)<\/a><\/u><\/p>\n<p><u><a href=\"https:\/\/sacod.ufpr.br\/artes\/wp-content\/uploads\/sites\/8\/2015\/11\/OA411-IMAGEM-E-REPRODU\u00c7\u00c3O-II-GRAVURA.pdf\">OA411 \u2013 IMAGEM E REPRODU\u00c7\u00c3O II (GRAVURA)<\/a><\/u><\/p>\n<p><u><a href=\"https:\/\/sacod.ufpr.br\/artes\/wp-content\/uploads\/sites\/8\/2015\/11\/OA412-ESCULTURA-I-1.pdf\">OA412 \u2013 ESCULTURA I<\/a><\/u><\/p>\n<p><u><a href=\"https:\/\/sacod.ufpr.br\/artes\/wp-content\/uploads\/sites\/8\/2015\/11\/EM200.pdf\">EM200 \u2013 DID\u00c1TICA<\/a><\/u><\/p>\n<p><u><a href=\"https:\/\/sacod.ufpr.br\/artes\/wp-content\/uploads\/sites\/8\/2015\/11\/EM134.pdf\">EM134 \u2013 METODOLOGIA DO ENSINO DE ARTES VISUAIS (1\u00ba SEMESTRE)<\/a><\/u><\/p>\n<p><u><a href=\"https:\/\/sacod.ufpr.br\/artes\/wp-content\/uploads\/sites\/8\/2015\/11\/ET054-Est\u00e1gio-Supervisionado-em-Contextos-Interativos-na-Educa\u00e7\u00e3o1.pdf\">ET054 \u2013 EST\u00c1GIO SUPERVISIONADO EM CONTEXTOS INTERATIVOS NA EDUCA\u00c7\u00c3O<\/a><\/u><\/p>\n<p>DISCIPLINA OPTATIVA<\/p>\n<p>&nbsp;<\/p>\n<p>3.\u00ba ANO<\/p>\n<p><u><a href=\"https:\/\/sacod.ufpr.br\/artes\/wp-content\/uploads\/sites\/8\/2015\/11\/EST\u00c9TICA.pdf\">HF295 \u2013 EST\u00c9TICA<\/a><\/u><\/p>\n<p><u><a href=\"https:\/\/sacod.ufpr.br\/artes\/wp-content\/uploads\/sites\/8\/2015\/11\/OA0193.pdf\">OA193 \u2013 METODOLOGIA DA PESQUISA EM ARTES II<\/a><\/u><\/p>\n<p><u><a href=\"https:\/\/sacod.ufpr.br\/artes\/wp-content\/uploads\/sites\/8\/2015\/11\/OA409-PINTURA-II.pdf\">OA409 \u2013 PINTURA II<\/a><\/u><\/p>\n<p><u><a href=\"https:\/\/sacod.ufpr.br\/artes\/wp-content\/uploads\/sites\/8\/2015\/11\/OA413-HIST\u00d3RIA-DA-ARTE-DO-BRASIL-I.pdf\">OA413 \u2013 HIST\u00d3RIA DA ARTE DO BRASIL I<\/a><\/u><\/p>\n<p><u><a href=\"https:\/\/sacod.ufpr.br\/artes\/wp-content\/uploads\/sites\/8\/2015\/11\/OA415-CR\u00cdTICA-DE-ARTE-1.pdf\">OA415 \u2013 CR\u00cdTICA DE ARTE<\/a><\/u><\/p>\n<p><u><a href=\"https:\/\/sacod.ufpr.br\/artes\/wp-content\/uploads\/sites\/8\/2015\/11\/EM135.pdf\">EM135 \u2013 PR\u00c1TICA DE DOC\u00caNCIA I (1\u00ba SEMESTRE)<\/a><\/u><\/p>\n<p><u><a href=\"https:\/\/sacod.ufpr.br\/artes\/wp-content\/uploads\/sites\/8\/2015\/11\/EM136.pdf\">EM136 \u2013 PR\u00c1TICA DE DOC\u00caNCIA II (2\u00ba SEMESTRE)<\/a><\/u><\/p>\n<p>PROJETOS AVAN\u00c7ADOS EM ARTES VISUAIS I<\/p>\n<p>DISCIPLINA OPTATIVA<\/p>\n<p>&nbsp;<\/p>\n<p>4.\u00ba ANO<\/p>\n<p><u><a href=\"https:\/\/sacod.ufpr.br\/artes\/wp-content\/uploads\/sites\/8\/2015\/11\/OA414-HIST\u00d3RIA-DA-ARTE-DO-BRASIL-II.pdf\">OA414 \u2013 HIST\u00d3RIA DA ARTE DO BRASIL II<\/a><\/u><\/p>\n<p>TRABALHO DE CONCLUS\u00c3O DE CURSO I (1\u00ba SEMESTRE)<\/p>\n<p>TRABALHO DE CONCLUS\u00c3O DE CURSO II (2\u00ba SEMESTRE)<\/p>\n<p>EP073 \u2013 POL\u00cdTICA E PLANEJAMENTO DA EDUCA\u00c7\u00c3O NO BRASIL (1\u00ba SEMESTRE)<\/p>\n<p>PROJETOS AVAN\u00c7ADOS EM ARTES VISUAIS I<\/p>\n<p>LIB038 \u2013 COMUNICA\u00c7\u00c3O EM L\u00cdNGUA BRASILEIRA DE SINAIS \u2013 LIBRAS:<\/p>\n<p>FUNDAMENTOS DE EDUCA\u00c7\u00c3O BIL\u00cdNGUE PARA SURDOS<\/p>\n","protected":false},"excerpt":{"rendered":"<p>Hist\u00f3rico da cria\u00e7\u00e3o do curso de Artes Visuais &#8211; Licenciatura Frente \u00e0s exig\u00eancias do Minist\u00e9rio da Educa\u00e7\u00e3o e diante da necessidade de readequa\u00e7\u00e3o do antigo curso de Educa\u00e7\u00e3o Art\u00edstica, existente desde 1975, institu\u00eddo pelo Decreto 81.271\/78, \u00e0 realidade do ensino contempor\u00e2neo, foi elaborado, entre os anos de 2006 e 2007, o projeto para os atuais [&hellip;]<\/p>\n","protected":false},"author":1759,"featured_media":0,"parent":0,"menu_order":0,"comment_status":"closed","ping_status":"closed","template":"","meta":{"_acf_changed":false,"footnotes":""},"class_list":["post-6708","page","type-page","status-publish","hentry"],"acf":[],"_links":{"self":[{"href":"https:\/\/sacod.ufpr.br\/artes\/wp-json\/wp\/v2\/pages\/6708","targetHints":{"allow":["GET"]}}],"collection":[{"href":"https:\/\/sacod.ufpr.br\/artes\/wp-json\/wp\/v2\/pages"}],"about":[{"href":"https:\/\/sacod.ufpr.br\/artes\/wp-json\/wp\/v2\/types\/page"}],"author":[{"embeddable":true,"href":"https:\/\/sacod.ufpr.br\/artes\/wp-json\/wp\/v2\/users\/1759"}],"replies":[{"embeddable":true,"href":"https:\/\/sacod.ufpr.br\/artes\/wp-json\/wp\/v2\/comments?post=6708"}],"version-history":[{"count":18,"href":"https:\/\/sacod.ufpr.br\/artes\/wp-json\/wp\/v2\/pages\/6708\/revisions"}],"predecessor-version":[{"id":9640,"href":"https:\/\/sacod.ufpr.br\/artes\/wp-json\/wp\/v2\/pages\/6708\/revisions\/9640"}],"wp:attachment":[{"href":"https:\/\/sacod.ufpr.br\/artes\/wp-json\/wp\/v2\/media?parent=6708"}],"curies":[{"name":"wp","href":"https:\/\/api.w.org\/{rel}","templated":true}]}}