{"id":6706,"date":"2018-11-09T09:27:35","date_gmt":"2018-11-09T12:27:35","guid":{"rendered":"https:\/\/sacod.ufpr.br\/artes\/?page_id=6706"},"modified":"2024-09-25T09:46:19","modified_gmt":"2024-09-25T12:46:19","slug":"artes-visuais-bacharelado-2","status":"publish","type":"page","link":"https:\/\/sacod.ufpr.br\/artes\/artes-visuais-bacharelado-2\/","title":{"rendered":"Artes Visuais &#8211; Bacharelado"},"content":{"rendered":"<p><strong>Hist\u00f3rico da cria\u00e7\u00e3o do curso de Artes Visuais \u2013 Bacharelado<\/strong><\/p>\n<p>Frente \u00e0s exig\u00eancias do Minist\u00e9rio da Educa\u00e7\u00e3o e diante da necessidade de readequa\u00e7\u00e3o do antigo curso de Educa\u00e7\u00e3o Art\u00edstica, existente desde 1975, institu\u00eddo pelo Decreto 81.271\/78, \u00e0 realidade do ensino contempor\u00e2neo, foi elaborado, entre os anos de 2006 e 2007, o projeto para os atuais cursos de Bacharelado em Artes Visuais e Licenciatura em Artes Visuais. Em 2008, o curso de Bacharelado em Artes Visuais foi configurado com carga hor\u00e1ria total de 2.520 horas, a serem integralizadas em, no m\u00ednimo, 4 anos e, no m\u00e1ximo, 6 anos. Uma nova atualiza\u00e7\u00e3o do curr\u00edculo foi iniciada pela Comiss\u00e3o de Projeto Curricular nomeada em 2017, que culminou no Projeto Pedag\u00f3gico aprovado, institucional e legalmente, em vig\u00eancia desde 2019.<\/p>\n<p>&nbsp;<\/p>\n<p><strong>Perfil do Curso de Artes Visuais \u2013 Bacharelado<\/strong><\/p>\n<p>O curso de Artes Visuais \u2013 Bacharelado, pertencente ao Departamento de Artes e ao Setor de Artes, Comunica\u00e7\u00e3o e Design da UFPR, oferece uma forma\u00e7\u00e3o ampla no campo das artes visuais, a partir de disciplinas te\u00f3rico-pr\u00e1ticas, abordando os diversos campos<\/p>\n<p>da cria\u00e7\u00e3o art\u00edstica, tais como desenho, pintura, gravura, escultura, cer\u00e2mica, instala\u00e7\u00e3o, performance e imagem e novas m\u00eddias.<\/p>\n<p>A partir das disciplinas obrigat\u00f3rias e optativas, os estudantes montam seu percurso curricular, que pode ser em po\u00e9ticas visuais, cr\u00edtica e curadoria ou pesquisa. Assim, os objetivos do curso s\u00e3o: capacitar o profissional das artes visuais para que desenvolva suas pesquisas po\u00e9ticas entendo-as inseridas no contexto cultural da sociedade; e formar profissionais com conhecimentos gerais da \u00e1rea de curadoria, cr\u00edtica e hist\u00f3ria da arte, habilitando-os a atuarem nas institui\u00e7\u00f5es culturais.<\/p>\n<p>Neste Projeto Pedag\u00f3gico de Curso, os componentes estruturais de curr\u00edculo foram organizados por n\u00facleos, sendo eles: N\u00facleo Po\u00e9ticas Visuais e N\u00facleo Teoria, Hist\u00f3ria e Cr\u00edtica de Arte. D\u00e1-se continuidade a uma forma\u00e7\u00e3o flex\u00edvel que envolve ofertas de disciplinas optativas, Projetos Avan\u00e7ados, Est\u00e1gios, Atividades Formativas e temas transversais. Para a integraliza\u00e7\u00e3o do curso s\u00e3o necess\u00e1rias 1620 horas de disciplinas do N\u00facleo de conte\u00fados obrigat\u00f3rios, 540 horas de disciplinas de Projetos Avan\u00e7ados, 90 horas de optativas e 200 horas de Atividade Formativa Complementar. Sendo que 120 horas correspondem a disciplina de Est\u00e1gio obrigat\u00f3rio. O curr\u00edculo atual contempla as horas de credita\u00e7\u00e3o de extens\u00e3o nos hist\u00f3ricos de estudantes, na raz\u00e3o de 10% da carga total do curso, distribu\u00eddos ao longo do curso e de acordo com as exig\u00eancias legais.<\/p>\n<p>&nbsp;<\/p>\n<p><strong>Dados gerais do curso de Artes Visuais \u2013 Bacharelado<\/strong><\/p>\n<ul>\n<li><strong>Tipo:<\/strong> Bacharelado<\/li>\n<li><strong>Modalidade:<\/strong> Presencial<\/li>\n<li><strong>Denomina\u00e7\u00e3o:<\/strong> Bacharelado em Artes Visuais<\/li>\n<li><strong>Formas de entrada no curso:<\/strong> Vestibular anual; SISU; ENEM; Processo de ocupa\u00e7\u00e3o de vagas remanescentes (PROVAR)<\/li>\n<li><strong>Regime:<\/strong> Semestral<\/li>\n<li><strong>Local de oferta:<\/strong> Setor de Artes Comunica\u00e7\u00e3o e Design (Campus Batel) Departamento de Artes &#8211; R. Cel. Dulc\u00eddio, 638, Batel, Curitiba, PR &#8211; CEP: 80420-170<\/li>\n<li><strong>Turno de funcionamento:<\/strong> Matutino<\/li>\n<li><strong>N\u00famero total de vagas\/ano:<\/strong> 16 vagas<\/li>\n<li><strong>Carga hor\u00e1ria total:<\/strong> 2450 horas<\/li>\n<li><strong>Prazo de integraliza\u00e7\u00e3o curricular:<\/strong> m\u00ednimo de 8 e m\u00e1ximo de 12 semestres<\/li>\n<li><strong>Diploma concedido:<\/strong> Bacharelado em Artes Visuais<\/li>\n<\/ul>\n<p>&nbsp;<\/p>\n<p><strong>Estrutura administrativa do curso de Artes Visuais \u2013 Bacharelado<\/strong><\/p>\n<ul>\n<li><strong>Coordenadora do Curso:<\/strong> Dra. Luana Marchiori Veiga (40hDE) <a href=\"mailto:luanaveiga@ufpr.br\">luanaveiga@ufpr.br<\/a><\/li>\n<li><strong>Vice coordenador do Curso:<\/strong> Dr. Emanuel Monteiro (40hDE) <a href=\"mailto:emanuelmonteiro@ufpr.br\">emanuelmonteiro@ufpr.br<\/a><\/li>\n<li><strong>Secret\u00e1ria do Curso:<\/strong> Sandra Rota da Purifica\u00e7\u00e3o<\/li>\n<li><strong>E-mail da secretaria do Curso:<\/strong> <a href=\"mailto:artesvisuais@ufpr.br\">artesvisuais@ufpr.br<\/a><\/li>\n<\/ul>\n<p>&nbsp;<\/p>\n<hr \/>\n<p><a href=\"https:\/\/sacod.ufpr.br\/artes\/wp-content\/uploads\/sites\/8\/2020\/02\/ppc_bacharelado.pdf\">Projeto Pedag\u00f3gico Bacharelado em Artes Visuais (2019)<\/a><\/p>\n<p>&nbsp;<\/p>\n<hr \/>\n<p><strong>Estrutura curricular:<\/strong><\/p>\n<p>&nbsp;<\/p>\n<table width=\"492\">\n<tbody>\n<tr>\n<td colspan=\"3\" width=\"492\">BACHARELADO EM ARTES VISUAIS (PPC 2019)<\/td>\n<\/tr>\n<tr>\n<td colspan=\"3\">1\u00ba Per\u00edodo<\/td>\n<\/tr>\n<tr>\n<td>C\u00f3digo<\/td>\n<td>Conte\u00fados<\/td>\n<td>PR\u00c9-REQ<\/td>\n<\/tr>\n<tr>\n<td><a href=\"https:\/\/sacod.ufpr.br\/artes\/wp-content\/uploads\/sites\/8\/2020\/02\/oa311-1.pdf\">OA311<\/a><\/td>\n<td>Introdu\u00e7\u00e3o \u00e0 Hist\u00f3ria da Arte<\/td>\n<td>&#8212;<\/td>\n<\/tr>\n<tr>\n<td><a href=\"https:\/\/sacod.ufpr.br\/artes\/wp-content\/uploads\/sites\/8\/2020\/02\/oa312-1.pdf\">OA312<\/a><\/td>\n<td>Metodologia de Pesquisa em Artes\u00a0 1<\/td>\n<td>&#8212;<\/td>\n<\/tr>\n<tr>\n<td><a href=\"https:\/\/sacod.ufpr.br\/artes\/wp-content\/uploads\/sites\/8\/2020\/02\/oa313.pdf\">OA313<\/a><\/td>\n<td>Introdu\u00e7\u00e3o ao Desenho<\/td>\n<td>&#8212;<\/td>\n<\/tr>\n<tr>\n<td><a href=\"https:\/\/sacod.ufpr.br\/artes\/wp-content\/uploads\/sites\/8\/2020\/02\/oa314.pdf\">OA314<\/a><\/td>\n<td>Introdu\u00e7\u00e3o \u00e0 Pintura<\/td>\n<td>&#8212;<\/td>\n<\/tr>\n<tr>\n<td><a href=\"https:\/\/sacod.ufpr.br\/artes\/wp-content\/uploads\/sites\/8\/2020\/02\/oa315.pdf\">OA315<\/a><\/td>\n<td>Introdu\u00e7\u00e3o \u00e0 tridimensionalidade<\/td>\n<td>&#8212;<\/td>\n<\/tr>\n<tr>\n<td><\/td>\n<td>Optativa I<\/td>\n<td>&#8212;<\/td>\n<\/tr>\n<tr>\n<td><\/td>\n<td><\/td>\n<td><\/td>\n<\/tr>\n<tr>\n<td colspan=\"3\">2\u00ba Per\u00edodo<\/td>\n<\/tr>\n<tr>\n<td>C\u00f3digo<\/td>\n<td>Conte\u00fados<\/td>\n<td>PR\u00c9-REQ<\/td>\n<\/tr>\n<tr>\n<td><a href=\"https:\/\/sacod.ufpr.br\/artes\/wp-content\/uploads\/sites\/8\/2020\/02\/oa321.pdf\">OA321<\/a><\/td>\n<td>Hist\u00f3ria da arte: Cl\u00e1ssico e Anticl\u00e1ssico<\/td>\n<td>&#8212;<\/td>\n<\/tr>\n<tr>\n<td><a href=\"https:\/\/sacod.ufpr.br\/artes\/wp-content\/uploads\/sites\/8\/2020\/02\/oa322.pdf\">OA322<\/a><\/td>\n<td>Linguagem das Artes Visuais<\/td>\n<td>&#8212;<\/td>\n<\/tr>\n<tr>\n<td><a href=\"https:\/\/sacod.ufpr.br\/artes\/wp-content\/uploads\/sites\/8\/2020\/02\/oa323.pdf\">OA323<\/a><\/td>\n<td>Desenho e Corpo<\/td>\n<td>&#8212;<\/td>\n<\/tr>\n<tr>\n<td><a href=\"https:\/\/sacod.ufpr.br\/artes\/wp-content\/uploads\/sites\/8\/2020\/02\/oa324.pdf\">OA324<\/a><\/td>\n<td>Pintura: cor e espa\u00e7o<\/td>\n<td>&#8212;<\/td>\n<\/tr>\n<tr>\n<td><a href=\"https:\/\/sacod.ufpr.br\/artes\/wp-content\/uploads\/sites\/8\/2020\/02\/oa325.pdf\">OA325<\/a><\/td>\n<td>Escultura: t\u00e9cnicas e processos<\/td>\n<td>&#8212;<\/td>\n<\/tr>\n<tr>\n<td><\/td>\n<td>Optativa II<\/td>\n<td>&#8212;<\/td>\n<\/tr>\n<tr>\n<td><\/td>\n<td><\/td>\n<td><\/td>\n<\/tr>\n<tr>\n<td colspan=\"3\">3\u00ba Per\u00edodo<\/td>\n<\/tr>\n<tr>\n<td>C\u00f3digo<\/td>\n<td>Conte\u00fados<\/td>\n<td>PR\u00c9-REQ<\/td>\n<\/tr>\n<tr>\n<td><a href=\"https:\/\/sacod.ufpr.br\/artes\/wp-content\/uploads\/sites\/8\/2020\/02\/oa331.pdf\">OA331<\/a><\/td>\n<td>Hist\u00f3ria da arte: arte moderna<\/td>\n<td>&#8212;<\/td>\n<\/tr>\n<tr>\n<td><a href=\"https:\/\/sacod.ufpr.br\/artes\/wp-content\/uploads\/sites\/8\/2020\/02\/oa330.pdf\">OA330<\/a><\/td>\n<td>Introdu\u00e7\u00e3o \u00e0 curadoria e Media\u00e7\u00e3o<\/td>\n<td>&#8212;<\/td>\n<\/tr>\n<tr>\n<td><a href=\"https:\/\/sacod.ufpr.br\/artes\/wp-content\/uploads\/sites\/8\/2020\/02\/oa333.pdf\">OA333<\/a><\/td>\n<td>O espa\u00e7o no desenho: articula\u00e7\u00f5es internas<\/td>\n<td>&#8212;<\/td>\n<\/tr>\n<tr>\n<td><a href=\"https:\/\/sacod.ufpr.br\/artes\/wp-content\/uploads\/sites\/8\/2020\/02\/oa334.pdf\">OA334<\/a><\/td>\n<td>Pintura: Espa\u00e7o e representa\u00e7\u00e3o<\/td>\n<td>&#8212;<\/td>\n<\/tr>\n<tr>\n<td><a href=\"https:\/\/sacod.ufpr.br\/artes\/wp-content\/uploads\/sites\/8\/2020\/02\/oa335.pdf\">OA335<\/a><\/td>\n<td>Escultura: Materialidades e Experimenta\u00e7\u00f5es<\/td>\n<td>&#8212;<\/td>\n<\/tr>\n<tr>\n<td><a href=\"https:\/\/sacod.ufpr.br\/artes\/wp-content\/uploads\/sites\/8\/2020\/02\/oa336.pdf\">OA336<\/a><\/td>\n<td>Gravura: Impress\u00e3o em relevo<\/td>\n<td>&#8212;<\/td>\n<\/tr>\n<tr>\n<td><\/td>\n<td>Projetos Avan\u00e7ados I (anual- 1\u00ba sem.)<\/td>\n<td>&#8212;<\/td>\n<\/tr>\n<tr>\n<td><\/td>\n<td><\/td>\n<td><\/td>\n<\/tr>\n<tr>\n<td colspan=\"3\">4\u00ba Per\u00edodo<\/td>\n<\/tr>\n<tr>\n<td>C\u00f3digo<\/td>\n<td>Conte\u00fados<\/td>\n<td>PR\u00c9-REQ<\/td>\n<\/tr>\n<tr>\n<td><a href=\"https:\/\/sacod.ufpr.br\/artes\/wp-content\/uploads\/sites\/8\/2020\/02\/oa341.pdf\">OA341<\/a><\/td>\n<td>Hist\u00f3ria da arte: as contemporaneidades<\/td>\n<td>&#8212;<\/td>\n<\/tr>\n<tr>\n<td><a href=\"https:\/\/sacod.ufpr.br\/artes\/wp-content\/uploads\/sites\/8\/2020\/02\/oa343.pdf\">OA343<\/a><\/td>\n<td>O espa\u00e7o do desenho: modos de apresenta\u00e7\u00e3o<\/td>\n<td>&#8212;<\/td>\n<\/tr>\n<tr>\n<td><a href=\"https:\/\/sacod.ufpr.br\/artes\/wp-content\/uploads\/sites\/8\/2020\/02\/oa345-1.pdf\">OA345<\/a><\/td>\n<td>Po\u00e9ticas contempor\u00e2neas da tridimensionalidade<\/td>\n<td>&#8212;<\/td>\n<\/tr>\n<tr>\n<td><a href=\"https:\/\/sacod.ufpr.br\/artes\/wp-content\/uploads\/sites\/8\/2020\/02\/oa346.pdf\">OA346<\/a><\/td>\n<td>Gravura: impress\u00e3o \u00e0 entalhe e por permea\u00e7\u00e3o<\/td>\n<td>&#8212;<\/td>\n<\/tr>\n<tr>\n<td><\/td>\n<td>Projetos Avan\u00e7ados I (anual- 2\u00ba sem.)<\/td>\n<td>&#8212;<\/td>\n<\/tr>\n<tr>\n<td><\/td>\n<td><\/td>\n<td><\/td>\n<\/tr>\n<tr>\n<td colspan=\"3\">5\u00ba Per\u00edodo<\/td>\n<\/tr>\n<tr>\n<td>C\u00f3digo<\/td>\n<td>Conte\u00fados<\/td>\n<td>PR\u00c9-REQ<\/td>\n<\/tr>\n<tr>\n<td><a href=\"https:\/\/sacod.ufpr.br\/artes\/wp-content\/uploads\/sites\/8\/2020\/02\/oa351.pdf\">OA351<\/a><\/td>\n<td>Introdu\u00e7\u00e3o \u00e0 Hist\u00f3ria da Arte do Brasil<\/td>\n<td>&#8212;<\/td>\n<\/tr>\n<tr>\n<td><a href=\"https:\/\/sacod.ufpr.br\/artes\/wp-content\/uploads\/sites\/8\/2020\/02\/oa350.pdf\">OA350<\/a><\/td>\n<td>Introdu\u00e7\u00e3o \u00e0 Cr\u00edtica de Arte<\/td>\n<td>&#8212;<\/td>\n<\/tr>\n<tr>\n<td><a href=\"https:\/\/sacod.ufpr.br\/artes\/wp-content\/uploads\/sites\/8\/2020\/02\/oa354.pdf\">OA354<\/a><\/td>\n<td>Pintura: Representa\u00e7\u00e3o e espa\u00e7o<\/td>\n<td>&#8212;<\/td>\n<\/tr>\n<tr>\n<td><a href=\"https:\/\/sacod.ufpr.br\/artes\/wp-content\/uploads\/sites\/8\/2020\/02\/oa358.pdf\">OA358<\/a><\/td>\n<td>Est\u00e1gio Bacharelado em Artes Visuais<\/td>\n<td><\/td>\n<\/tr>\n<tr>\n<td><\/td>\n<td>Projetos Avan\u00e7ados II (anual- 1\u00ba sem.)<\/td>\n<td>&#8212;<\/td>\n<\/tr>\n<tr>\n<td><\/td>\n<td><\/td>\n<td><\/td>\n<\/tr>\n<tr>\n<td colspan=\"3\">6\u00ba Per\u00edodo<\/td>\n<\/tr>\n<tr>\n<td>C\u00f3digo<\/td>\n<td>Conte\u00fados<\/td>\n<td>PR\u00c9-REQ<\/td>\n<\/tr>\n<tr>\n<td><a href=\"https:\/\/sacod.ufpr.br\/artes\/wp-content\/uploads\/sites\/8\/2020\/02\/oa361.pdf\">OA361<\/a><\/td>\n<td>Hist\u00f3ria da Arte do Brasil : modernidades<\/td>\n<td>&#8212;<\/td>\n<\/tr>\n<tr>\n<td><a href=\"https:\/\/sacod.ufpr.br\/artes\/wp-content\/uploads\/sites\/8\/2020\/02\/oa362.pdf\">OA362<\/a><\/td>\n<td>Metodologia de Pesquisa em Artes\u00a0 2<\/td>\n<td>OA312<\/td>\n<\/tr>\n<tr>\n<td><a href=\"https:\/\/sacod.ufpr.br\/artes\/wp-content\/uploads\/sites\/8\/2020\/02\/oa360.pdf\">OA360<\/a><\/td>\n<td>Cr\u00edtica de Arte<\/td>\n<td>&#8212;<\/td>\n<\/tr>\n<tr>\n<td><a href=\"https:\/\/sacod.ufpr.br\/artes\/wp-content\/uploads\/sites\/8\/2020\/02\/oa364.pdf\">OA364<\/a><\/td>\n<td>Arte e Imagens t\u00e9cnicas<\/td>\n<td>&#8212;<\/td>\n<\/tr>\n<tr>\n<td><\/td>\n<td>Optativa III<\/td>\n<td>&#8212;<\/td>\n<\/tr>\n<tr>\n<td><\/td>\n<td>Projetos Avan\u00e7ados II (anual- 2\u00ba sem.)<\/td>\n<td>&#8212;<\/td>\n<\/tr>\n<tr>\n<td><\/td>\n<td><\/td>\n<td><\/td>\n<\/tr>\n<tr>\n<td colspan=\"3\">7\u00ba Per\u00edodo<\/td>\n<\/tr>\n<tr>\n<td>C\u00f3digo<\/td>\n<td>Conte\u00fados<\/td>\n<td>PR\u00c9-REQ<\/td>\n<\/tr>\n<tr>\n<td><a href=\"https:\/\/sacod.ufpr.br\/artes\/wp-content\/uploads\/sites\/8\/2020\/02\/oa371.pdf\">OA371<\/a><\/td>\n<td>Hist\u00f3ria da Arte do Brasil : arte experimental na ditadura<\/td>\n<td>&#8212;<\/td>\n<\/tr>\n<tr>\n<td><a href=\"https:\/\/sacod.ufpr.br\/artes\/wp-content\/uploads\/sites\/8\/2020\/02\/oa370.pdf\">OA370<\/a><\/td>\n<td>Fundamentos Profissionais<\/td>\n<td>&#8212;<\/td>\n<\/tr>\n<tr>\n<td><a href=\"https:\/\/sacod.ufpr.br\/artes\/wp-content\/uploads\/sites\/8\/2020\/02\/hf600.pdf\">HF600<\/a><\/td>\n<td>Est\u00e9tica<\/td>\n<td>&#8212;<\/td>\n<\/tr>\n<tr>\n<td><a href=\"https:\/\/sacod.ufpr.br\/artes\/wp-content\/uploads\/sites\/8\/2020\/02\/oa375.pdf\">OA375<\/a><\/td>\n<td>Introdu\u00e7\u00e3o \u00e0 arte de a\u00e7\u00e3o<\/td>\n<td>&#8212;<\/td>\n<\/tr>\n<tr>\n<td><a href=\"https:\/\/sacod.ufpr.br\/artes\/wp-content\/uploads\/sites\/8\/2020\/02\/oa374.pdf\">OA374<\/a><\/td>\n<td>Imagem e esfera p\u00fablica<\/td>\n<td>&#8212;<\/td>\n<\/tr>\n<tr>\n<td><a href=\"https:\/\/sacod.ufpr.br\/artes\/wp-content\/uploads\/sites\/8\/2020\/02\/oa378.pdf\">OA378<\/a><\/td>\n<td>Trabalho de Conclus\u00e3o de Curso 1<\/td>\n<td>OA362<\/td>\n<\/tr>\n<tr>\n<td><\/td>\n<td>Projetos Avan\u00e7ados III (anual- 1\u00ba sem.)<\/td>\n<td>&#8212;<\/td>\n<\/tr>\n<tr>\n<td><\/td>\n<td><\/td>\n<td><\/td>\n<\/tr>\n<tr>\n<td colspan=\"3\">8\u00ba Per\u00edodo<\/td>\n<\/tr>\n<tr>\n<td>C\u00f3digo<\/td>\n<td>Conte\u00fados<\/td>\n<td>PR\u00c9-REQ<\/td>\n<\/tr>\n<tr>\n<td><a href=\"https:\/\/sacod.ufpr.br\/artes\/wp-content\/uploads\/sites\/8\/2020\/02\/oa381.pdf\">OA381<\/a><\/td>\n<td>Hist\u00f3ria da Arte do Brasil: arte contempor\u00e2nea<\/td>\n<td>&#8212;<\/td>\n<\/tr>\n<tr>\n<td><a href=\"https:\/\/sacod.ufpr.br\/artes\/wp-content\/uploads\/sites\/8\/2020\/02\/oa380.pdf\">OA380<\/a><\/td>\n<td>Estudos avan\u00e7ados em curadoria e media\u00e7\u00e3o<\/td>\n<td>&#8212;<\/td>\n<\/tr>\n<tr>\n<td><a href=\"https:\/\/sacod.ufpr.br\/artes\/wp-content\/uploads\/sites\/8\/2020\/02\/oa385.pdf\">OA385<\/a><\/td>\n<td>Arte de a\u00e7\u00e3o<\/td>\n<td>&#8212;<\/td>\n<\/tr>\n<tr>\n<td><a href=\"https:\/\/sacod.ufpr.br\/artes\/wp-content\/uploads\/sites\/8\/2020\/02\/oa388.pdf\">OA388<\/a><\/td>\n<td>Trabalho de Conclus\u00e3o de Curso 2<\/td>\n<td>OA378<\/td>\n<\/tr>\n<tr>\n<td><\/td>\n<td>Projetos Avan\u00e7ados III (anual- 2\u00ba sem.)<\/td>\n<td>&#8212;<\/td>\n<\/tr>\n<\/tbody>\n<\/table>\n<p>&nbsp;<\/p>\n<hr \/>\n<p><u><a href=\"https:\/\/sacod.ufpr.br\/artes\/wp-content\/uploads\/sites\/8\/2011\/05\/ppp_introducao.pdf\">Projeto pedag\u00f3gico do curso de Bacharelado em Artes Visuais (2009)<\/a><\/u><\/p>\n<p>&nbsp;<\/p>\n<hr \/>\n<p><strong><em>Estrutura curricular\/disciplinas<\/em><\/strong><\/p>\n<p>&nbsp;<\/p>\n<p>1.\u00ba ANO<\/p>\n<p><u><a href=\"https:\/\/sacod.ufpr.br\/artes\/wp-content\/uploads\/sites\/8\/2015\/11\/OA0192.pdf\">OA192 \u2013\u00a0 METODOLOGIA DA PESQUISA EM ARTES I<\/a><\/u><\/p>\n<p><u><a href=\"https:\/\/sacod.ufpr.br\/artes\/wp-content\/uploads\/sites\/8\/2015\/11\/OA400.pdf\">OA400 \u2013\u00a0 HIST\u00d3RIA DA ARTE GERAL I<\/a><\/u><\/p>\n<p><u><a href=\"https:\/\/sacod.ufpr.br\/artes\/wp-content\/uploads\/sites\/8\/2015\/11\/OA402-LINGUAGENS-DAS-ARTES-VISUAIS.pdf\">OA402 \u2013 LINGUAGENS DAS ARTES VISUAIS<\/a><\/u><\/p>\n<p><u><a href=\"https:\/\/sacod.ufpr.br\/artes\/wp-content\/uploads\/sites\/8\/2015\/11\/OA403-FUNDAMENTOS-DA-LINGUAGEM-VISUAL.pdf\">OA403 \u2013 FUNDAMENTOS DA LINGUAGEM VISUAL<\/a><\/u><\/p>\n<p><u><a href=\"https:\/\/sacod.ufpr.br\/artes\/wp-content\/uploads\/sites\/8\/2015\/11\/OA404-DESENHO-I.pdf\">OA404 \u2013 DESENHO I<\/a><\/u><\/p>\n<p><u><a href=\"https:\/\/sacod.ufpr.br\/artes\/wp-content\/uploads\/sites\/8\/2015\/11\/OA406-EXPRESS\u00c3O-EM-VOLUME.pdf\">OA406 \u2013 EXPRESS\u00c3O EM VOLUME<\/a><\/u><\/p>\n<p><u><a href=\"https:\/\/sacod.ufpr.br\/artes\/wp-content\/uploads\/sites\/8\/2015\/11\/OA410-IMAGEM-E-REPRODU\u00c7\u00c3O-I-FOTOGRAFIA.pdf\">OA410 \u2013 IMAGEM E REPRODU\u00c7\u00c3O I (FOTOGRAFIA)<\/a><\/u><\/p>\n<p>DISCIPLINA OPTATIVA<\/p>\n<p>&nbsp;<\/p>\n<p>2.\u00b0 ANO<\/p>\n<p><u><a href=\"https:\/\/sacod.ufpr.br\/artes\/wp-content\/uploads\/sites\/8\/2015\/11\/0A401.pdf\">0A401 \u2013\u00a0 HIST\u00d3RIA DA ARTE GERAL II<\/a><\/u><\/p>\n<p><u><a href=\"https:\/\/sacod.ufpr.br\/artes\/wp-content\/uploads\/sites\/8\/2015\/11\/OA405-DESENHO-II-1.pdf\">OA405 \u2013 DESENHO II<\/a><\/u><\/p>\n<p><u><a href=\"https:\/\/sacod.ufpr.br\/artes\/wp-content\/uploads\/sites\/8\/2015\/11\/OA408-PINTURA-I.pdf\">OA408 \u2013 PINTURA I<\/a><\/u><\/p>\n<p><u><a href=\"https:\/\/sacod.ufpr.br\/artes\/wp-content\/uploads\/sites\/8\/2015\/11\/OA411-IMAGEM-E-REPRODU\u00c7\u00c3O-II-GRAVURA.pdf\">OA411 \u2013 IMAGEM E REPRODU\u00c7\u00c3O II (GRAVURA)<\/a><\/u><\/p>\n<p><u><a href=\"https:\/\/sacod.ufpr.br\/artes\/wp-content\/uploads\/sites\/8\/2015\/11\/OA412-ESCULTURA-I-1.pdf\">OA412 \u2013 ESCULTURA I<\/a><\/u><\/p>\n<p>PROJETOS AVAN\u00c7ADOS EM ARTES VISUAIS I<\/p>\n<p>DISCIPLINA OPTATIVA<\/p>\n<p>&nbsp;<\/p>\n<p>3.\u00ba ANO<\/p>\n<p><u><a href=\"https:\/\/sacod.ufpr.br\/artes\/wp-content\/uploads\/sites\/8\/2015\/11\/EST\u00c9TICA.pdf\">HF295 \u2013 EST\u00c9TICA<\/a><\/u><\/p>\n<p><u><a href=\"https:\/\/sacod.ufpr.br\/artes\/wp-content\/uploads\/sites\/8\/2015\/11\/OA0193.pdf\">OA193 \u2013\u00a0 METODOLOGIA DA PESQUISA EM ARTES<\/a><\/u><\/p>\n<p>OA194 \u2013 FUNDAMENTOS PROFISSIONAIS<\/p>\n<p><u><a href=\"https:\/\/sacod.ufpr.br\/artes\/wp-content\/uploads\/sites\/8\/2015\/11\/OA409-PINTURA-II.pdf\">OA409 \u2013 PINTURA II<\/a><\/u><\/p>\n<p><u><a href=\"https:\/\/sacod.ufpr.br\/artes\/wp-content\/uploads\/sites\/8\/2015\/11\/OA413-HIST\u00d3RIA-DA-ARTE-DO-BRASIL-I.pdf\">OA413 \u2013 HIST\u00d3RIA DA ARTE DO BRASIL I<\/a><\/u><\/p>\n<p><u><a href=\"https:\/\/sacod.ufpr.br\/artes\/wp-content\/uploads\/sites\/8\/2015\/11\/OA415-CR\u00cdTICA-DE-ARTE-1.pdf\">OA415 \u2013 CR\u00cdTICA DE ARTE<\/a><\/u><\/p>\n<p>PROJETOS AVAN\u00c7ADOS EM ARTES VISUAIS I<\/p>\n<p>DISCIPLINA OPTATIVA<\/p>\n<p>&nbsp;<\/p>\n<p>4.\u00ba ANO<\/p>\n<p><u><a href=\"https:\/\/sacod.ufpr.br\/artes\/wp-content\/uploads\/sites\/8\/2015\/11\/OA414-HIST\u00d3RIA-DA-ARTE-DO-BRASIL-II.pdf\">OA414 \u2013 HIST\u00d3RIA DA ARTE DO BRASIL II<\/a><\/u><\/p>\n<p>OA416 \u2013 TRABALHO DE CONCLUS\u00c3O DE CURSO<\/p>\n<p>OA417 \u2013 EST\u00c1GIO (VIV\u00caNCIA PROFISSIONAL)<\/p>\n<p>PROJETOS AVAN\u00c7ADOS EM ARTES VISUAIS I<\/p>\n<p>DISCIPLINA OPTATIVA<\/p>\n<p>ATIVIDADES FORMATIVAS<\/p>\n","protected":false},"excerpt":{"rendered":"<p>Hist\u00f3rico da cria\u00e7\u00e3o do curso de Artes Visuais \u2013 Bacharelado Frente \u00e0s exig\u00eancias do Minist\u00e9rio da Educa\u00e7\u00e3o e diante da necessidade de readequa\u00e7\u00e3o do antigo curso de Educa\u00e7\u00e3o Art\u00edstica, existente desde 1975, institu\u00eddo pelo Decreto 81.271\/78, \u00e0 realidade do ensino contempor\u00e2neo, foi elaborado, entre os anos de 2006 e 2007, o projeto para os atuais [&hellip;]<\/p>\n","protected":false},"author":1759,"featured_media":0,"parent":0,"menu_order":0,"comment_status":"closed","ping_status":"closed","template":"","meta":{"_acf_changed":false,"footnotes":""},"class_list":["post-6706","page","type-page","status-publish","hentry"],"acf":[],"_links":{"self":[{"href":"https:\/\/sacod.ufpr.br\/artes\/wp-json\/wp\/v2\/pages\/6706","targetHints":{"allow":["GET"]}}],"collection":[{"href":"https:\/\/sacod.ufpr.br\/artes\/wp-json\/wp\/v2\/pages"}],"about":[{"href":"https:\/\/sacod.ufpr.br\/artes\/wp-json\/wp\/v2\/types\/page"}],"author":[{"embeddable":true,"href":"https:\/\/sacod.ufpr.br\/artes\/wp-json\/wp\/v2\/users\/1759"}],"replies":[{"embeddable":true,"href":"https:\/\/sacod.ufpr.br\/artes\/wp-json\/wp\/v2\/comments?post=6706"}],"version-history":[{"count":25,"href":"https:\/\/sacod.ufpr.br\/artes\/wp-json\/wp\/v2\/pages\/6706\/revisions"}],"predecessor-version":[{"id":9638,"href":"https:\/\/sacod.ufpr.br\/artes\/wp-json\/wp\/v2\/pages\/6706\/revisions\/9638"}],"wp:attachment":[{"href":"https:\/\/sacod.ufpr.br\/artes\/wp-json\/wp\/v2\/media?parent=6706"}],"curies":[{"name":"wp","href":"https:\/\/api.w.org\/{rel}","templated":true}]}}