{"id":6702,"date":"2018-10-30T13:57:30","date_gmt":"2018-10-30T16:57:30","guid":{"rendered":"https:\/\/sacod.ufpr.br\/artes\/?page_id=6702"},"modified":"2024-09-27T07:44:05","modified_gmt":"2024-09-27T10:44:05","slug":"planejamento-estrategico","status":"publish","type":"page","link":"https:\/\/sacod.ufpr.br\/artes\/planejamento-estrategico\/","title":{"rendered":"Planejamento Estrat\u00e9gico"},"content":{"rendered":"<ul>\n<li><a href=\"https:\/\/ufpr.br\/wp-content\/uploads\/2022\/11\/Plano-de-Desenvolvimento-Institucional-UFPR-2022-2026.pdf\">Planejamento de Desenvolvimento Institucional da UFPR 2022-2026 (PDI)<\/a><\/li>\n<li><a href=\"https:\/\/sacod.ufpr.br\/artes\/wp-content\/uploads\/sites\/8\/2020\/07\/planejamento-estrategico-deartes.pdf\">Planejamento Estrate\u0301gico do DeArtes<\/a><\/li>\n<li><a href=\"https:\/\/sacod.ufpr.br\/artes\/wp-content\/uploads\/sites\/8\/2020\/07\/planejamento-estrategico-coordenacao-av.pdf\">Planejamento estrat\u00e9gico de Artes Visuais (2020-2021)<\/a><\/li>\n<li><a href=\"https:\/\/sacod.ufpr.br\/artes\/wp-content\/uploads\/sites\/8\/2024\/03\/planejamento_estrategico_do_curso_de_musica_2023_2026.pdf\">Planejamento estrat\u00e9gico de M\u00fasica (2023-2026)<\/a><\/li>\n<li><a href=\"https:\/\/sacod.ufpr.br\/artes\/wp-content\/uploads\/sites\/8\/2024\/09\/planejamento-estrategico-coordenacao-av-2023-24.pdf\">Planejamento Estrat\u00e9gico de Artes Visuais (2023-2024)<\/a><\/li>\n<\/ul>\n","protected":false},"excerpt":{"rendered":"<p>Planejamento de Desenvolvimento Institucional da UFPR 2022-2026 (PDI) Planejamento Estrate\u0301gico do DeArtes Planejamento estrat\u00e9gico de Artes Visuais (2020-2021) Planejamento estrat\u00e9gico de M\u00fasica (2023-2026) Planejamento Estrat\u00e9gico de Artes Visuais (2023-2024)<\/p>\n","protected":false},"author":1759,"featured_media":0,"parent":0,"menu_order":0,"comment_status":"closed","ping_status":"closed","template":"","meta":{"_acf_changed":false,"footnotes":""},"class_list":["post-6702","page","type-page","status-publish","hentry"],"acf":[],"_links":{"self":[{"href":"https:\/\/sacod.ufpr.br\/artes\/wp-json\/wp\/v2\/pages\/6702","targetHints":{"allow":["GET"]}}],"collection":[{"href":"https:\/\/sacod.ufpr.br\/artes\/wp-json\/wp\/v2\/pages"}],"about":[{"href":"https:\/\/sacod.ufpr.br\/artes\/wp-json\/wp\/v2\/types\/page"}],"author":[{"embeddable":true,"href":"https:\/\/sacod.ufpr.br\/artes\/wp-json\/wp\/v2\/users\/1759"}],"replies":[{"embeddable":true,"href":"https:\/\/sacod.ufpr.br\/artes\/wp-json\/wp\/v2\/comments?post=6702"}],"version-history":[{"count":11,"href":"https:\/\/sacod.ufpr.br\/artes\/wp-json\/wp\/v2\/pages\/6702\/revisions"}],"predecessor-version":[{"id":9655,"href":"https:\/\/sacod.ufpr.br\/artes\/wp-json\/wp\/v2\/pages\/6702\/revisions\/9655"}],"wp:attachment":[{"href":"https:\/\/sacod.ufpr.br\/artes\/wp-json\/wp\/v2\/media?parent=6702"}],"curies":[{"name":"wp","href":"https:\/\/api.w.org\/{rel}","templated":true}]}}