{"id":6697,"date":"2018-11-09T09:24:50","date_gmt":"2018-11-09T12:24:50","guid":{"rendered":"https:\/\/sacod.ufpr.br\/artes\/?page_id=6697"},"modified":"2025-09-29T07:56:58","modified_gmt":"2025-09-29T10:56:58","slug":"estrutura-administrativa-2","status":"publish","type":"page","link":"https:\/\/sacod.ufpr.br\/artes\/estrutura-administrativa-2\/","title":{"rendered":"Estrutura Administrativa"},"content":{"rendered":"<p><span style=\"font-weight: 400\">O Departamento de Artes da Universidade Federal do Paran\u00e1 (UFPR) est\u00e1 internamente constitu\u00eddo pelas \u00e1reas espec\u00edficas de Artes Visuais, M\u00fasica e Produ\u00e7\u00e3o Cultural, pelos Docentes dos Cursos de Licenciatura e Bacharelado em Artes Visuais, Docentes dos Cursos de Licenciatura e Bacharelado em M\u00fasica, Docentes do curso de Bacharelado em Produ\u00e7\u00e3o Cultural e tamb\u00e9m Docentes do Mestrado e Doutorado em M\u00fasica.<\/span><\/p>\n<p><span style=\"font-weight: 400\">Conta com uma biblioteca com \u00e1rea de estudos e acervo de mais de 11 mil exemplares, cinco ateliers de artes (escultura, gravura, pintura, cer\u00e2mica e desenho), Laborat\u00f3rio de Produ\u00e7\u00e3o Sonora, Laborat\u00f3rio Est\u00fadio de Grava\u00e7\u00e3o e Cria\u00e7\u00e3o Sonora, Laborat\u00f3rio de Estudos sobre Expertise Pian\u00edstica, Sala de exposi\u00e7\u00f5es e Audit\u00f3rio.<\/span><\/p>\n<p>&nbsp;<\/p>\n<p>O DeArtes conta com 34 docentes efetivos, sendo 33 doutores e 1 doutoranda<\/p>\n<p>&nbsp;<\/p>\n<p><span style=\"font-weight: 400\">Os t\u00e9cnicos administrativos que comp\u00f5em a equipe do DeArtes s\u00e3o:<\/span><\/p>\n<p><span style=\"font-weight: 400\">Ana Paula Medina<br \/>\n<\/span><i><span style=\"font-weight: 400\">Secret\u00e1ria do Departamento<\/span><\/i><\/p>\n<p><span style=\"font-weight: 400\">Sheila Macari de Pontes<\/span><span style=\"font-weight: 400\"><br \/>\n<\/span><i><span style=\"font-weight: 400\">Secret\u00e1ria do Programa de P\u00f3s-Gradua\u00e7\u00e3o em M\u00fasica<\/span><\/i><\/p>\n<p><span style=\"font-weight: 400\">Sandra Rota da Purifica\u00e7\u00e3o<\/span><span style=\"font-weight: 400\"><br \/>\n<\/span><i><span style=\"font-weight: 400\">Secret\u00e1ria do Curso de Artes Visuais<\/span><\/i><\/p>\n<p><span style=\"font-weight: 400\">Allan Cesio Neves da Silva<br \/>\n<i>Secret\u00e1rio do Curso de M\u00fasica<\/i><br \/>\n<\/span><\/p>\n<p>Gleuce Pinho Neckel<br \/>\n<em>Secret\u00e1ria do Curso de Produ\u00e7\u00e3o Cultural<\/em><\/p>\n<p>Matheus de Moura e Costa<br \/>\n<em>T\u00e9cnico em tecnologia da informa\u00e7\u00e3o<\/em><\/p>\n<p>Luiz Gustavo Covizzi<br \/>\n<em>T\u00e9cnico de laborat\u00f3rio<\/em><\/p>\n<p><span style=\"font-weight: 400\">O departamento est\u00e1 localizado na Rua Coronel Dulc\u00eddio, 638 \u2013 Bairro Batel, CEP 80420-170 em Curitiba &#8211; Paran\u00e1. O hor\u00e1rio de atendimento externo \u00e9 das <\/span><span style=\"font-weight: 400\">7:00<\/span><span style=\"font-weight: 400\">\u00a0\u00e0s 19:00. O Departamento de Artes faz parte do <\/span><a href=\"https:\/\/sacod.ufpr.br\/\"><span style=\"font-weight: 400\">Setor de Artes, Comunica\u00e7\u00e3o e Design<\/span><\/a><span style=\"font-weight: 400\"> (SACOD).<\/span><\/p>\n<p>&nbsp;<\/p>\n<p><span style=\"font-weight: 400\">Professora Dr\u00aa Fabr\u00edcia Cabral de Lira Jord\u00e3o \u00a0<\/span><span style=\"font-weight: 400\"><br \/>\n<\/span><span style=\"font-weight: 400\">CHEFE DO DEPARTAMENTO<\/span><\/p>\n<p><span style=\"font-weight: 400\">Professora Dr\u00aa Viviane Alves Kubo<\/span><a href=\"https:\/\/sacod.ufpr.br\/artes\/graduacao\/artes\/docentes\/paulo-roberto-de-oliveira-reis\/\"><span style=\"font-weight: 400\"><br \/>\n<\/span><\/a><span style=\"font-weight: 400\">SUPLENTE<\/span><\/p>\n","protected":false},"excerpt":{"rendered":"<p>O Departamento de Artes da Universidade Federal do Paran\u00e1 (UFPR) est\u00e1 internamente constitu\u00eddo pelas \u00e1reas espec\u00edficas de Artes Visuais, M\u00fasica e Produ\u00e7\u00e3o Cultural, pelos Docentes dos Cursos de Licenciatura e Bacharelado em Artes Visuais, Docentes dos Cursos de Licenciatura e Bacharelado em M\u00fasica, Docentes do curso de Bacharelado em Produ\u00e7\u00e3o Cultural e tamb\u00e9m Docentes do [&hellip;]<\/p>\n","protected":false},"author":1759,"featured_media":0,"parent":0,"menu_order":0,"comment_status":"closed","ping_status":"closed","template":"","meta":{"_acf_changed":false,"footnotes":""},"class_list":["post-6697","page","type-page","status-publish","hentry"],"acf":[],"_links":{"self":[{"href":"https:\/\/sacod.ufpr.br\/artes\/wp-json\/wp\/v2\/pages\/6697","targetHints":{"allow":["GET"]}}],"collection":[{"href":"https:\/\/sacod.ufpr.br\/artes\/wp-json\/wp\/v2\/pages"}],"about":[{"href":"https:\/\/sacod.ufpr.br\/artes\/wp-json\/wp\/v2\/types\/page"}],"author":[{"embeddable":true,"href":"https:\/\/sacod.ufpr.br\/artes\/wp-json\/wp\/v2\/users\/1759"}],"replies":[{"embeddable":true,"href":"https:\/\/sacod.ufpr.br\/artes\/wp-json\/wp\/v2\/comments?post=6697"}],"version-history":[{"count":24,"href":"https:\/\/sacod.ufpr.br\/artes\/wp-json\/wp\/v2\/pages\/6697\/revisions"}],"predecessor-version":[{"id":9780,"href":"https:\/\/sacod.ufpr.br\/artes\/wp-json\/wp\/v2\/pages\/6697\/revisions\/9780"}],"wp:attachment":[{"href":"https:\/\/sacod.ufpr.br\/artes\/wp-json\/wp\/v2\/media?parent=6697"}],"curies":[{"name":"wp","href":"https:\/\/api.w.org\/{rel}","templated":true}]}}