{"id":2873,"date":"2013-11-20T14:41:02","date_gmt":"2013-11-20T17:41:02","guid":{"rendered":"https:\/\/sacod.ufpr.br\/artes\/?page_id=2873"},"modified":"2013-11-20T15:11:41","modified_gmt":"2013-11-20T18:11:41","slug":"informacoes-sobre-servicos-proximos-ao-deartes","status":"publish","type":"page","link":"https:\/\/sacod.ufpr.br\/artes\/informacoes-sobre-servicos-proximos-ao-deartes\/","title":{"rendered":"Informa\u00e7\u00f5es sobre servi\u00e7os pr\u00f3ximos ao DeArtes"},"content":{"rendered":"<p><a href=\"https:\/\/sacod.ufpr.br\/artes\/wp-content\/uploads\/sites\/8\/2013\/11\/simpemus.jpg\"><img loading=\"lazy\" decoding=\"async\" class=\"alignleft  wp-image-2826\" alt=\"simpemus\" src=\"https:\/\/sacod.ufpr.br\/artes\/wp-content\/uploads\/sites\/8\/2013\/11\/simpemus.jpg\" width=\"131\" height=\"517\" srcset=\"https:\/\/sacod.ufpr.br\/artes\/wp-content\/uploads\/sites\/8\/2013\/11\/simpemus-76x300.jpg 76w, https:\/\/sacod.ufpr.br\/artes\/wp-content\/uploads\/sites\/8\/2013\/11\/simpemus-260x1024.jpg 260w, https:\/\/sacod.ufpr.br\/artes\/wp-content\/uploads\/sites\/8\/2013\/11\/simpemus-63x250.jpg 63w\" sizes=\"auto, (max-width: 131px) 100vw, 131px\" \/><\/a><strong><\/strong><\/p>\n<p><strong>Hospedagem:<\/strong><\/p>\n<p><a href=\"http:\/\/www.bourbon.com.br\/hoteis-e-resorts\/bourbon-batel-express-hotel\/\">Bourbon Batel Express Hotel<\/a><\/p>\n<p><a href=\"http:\/\/www.accorhotels.com\/pt\/hotel-5461-ibis-curitiba-batel\/index.shtml\">Ibis Batel<\/a><\/p>\n<p><a href=\"http:\/\/www.tulipinnbatel.com\/default.aspx?Language=PT\">Tulip inn Batel<\/a><\/p>\n<p><strong>Transporte:<\/strong><\/p>\n<p><a href=\"http:\/\/www.aeroportoexecutivo.com.br\/\">EXECUTIVO AEROPORTO<\/a> &#8211;\u00a0 <a href=\"http:\/\/www.infraero.gov.br\/index.php\/aeroportos\/parana\/aeroporto-afonso-pena.html\">Aeroporto Internacional de Curitiba<\/a> (em S\u00e3o Jos\u00e9 dos Pinhais)\/ <a href=\"http:\/\/www.rua24horascuritiba.com.br\/\">Rua 24 Horas. <\/a><\/p>\n<p><a href=\"http:\/\/www.parquesepracasdecuritiba.com.br\/onibus\/troncais-e-convencionais\/jardim-social-batel.html\">Jardim Social Batel<\/a> (Crystal Plaza Shopping)<\/p>\n<p><a href=\"http:\/\/www.parquesepracasdecuritiba.com.br\/onibus\/circular-centro.html\">Circular Centro<\/a><\/p>\n<p>Expressos\u00a0 <a href=\"http:\/\/www.parquesepracasdecuritiba.com.br\/onibus\/expressos\/santa-candida-capao-raso.html\">Santa C\u00e2ndida\/Cap\u00e3o Raso<\/a> e <a href=\"http:\/\/www.parquesepracasdecuritiba.com.br\/onibus\/expressos\/pinheirinho.html\">Pinheirinho \/ Pra\u00e7a Rui Barbosa<\/a> (Esta\u00e7\u00e3o Coronel Dulc\u00eddio)<\/p>\n<p><strong>Com\u00e9rcio,\u00a0 alimenta\u00e7\u00e3o e caixas autom\u00e1ticos<\/strong><\/p>\n<p><a href=\"https:\/\/www.facebook.com\/shoppingcrystal\">Crystal Plaza Shopping<\/a><\/p>\n<p><a href=\"http:\/\/www.patiobatel.com.br\/\">P\u00e1tio Batel<\/a><\/p>\n<p><a href=\"http:\/\/www.shoppingcuritiba.com.br\/\">Shopping Curitiba<\/a><\/p>\n<p><a href=\"http:\/\/www.shoppingnovobatel.com.br\/\">Shopping Novo Batel<\/a><\/p>\n<p>&nbsp;<\/p>\n<p>&nbsp;<\/p>\n","protected":false},"excerpt":{"rendered":"<p>Hospedagem: Bourbon Batel Express Hotel Ibis Batel Tulip inn Batel Transporte: EXECUTIVO AEROPORTO &#8211;\u00a0 Aeroporto Internacional de Curitiba (em S\u00e3o Jos\u00e9 dos Pinhais)\/ Rua 24 Horas. Jardim Social Batel (Crystal Plaza Shopping) Circular Centro Expressos\u00a0 Santa C\u00e2ndida\/Cap\u00e3o Raso e Pinheirinho \/ Pra\u00e7a Rui Barbosa (Esta\u00e7\u00e3o Coronel Dulc\u00eddio) Com\u00e9rcio,\u00a0 alimenta\u00e7\u00e3o e caixas autom\u00e1ticos Crystal Plaza Shopping [&hellip;]<\/p>\n","protected":false},"author":31,"featured_media":0,"parent":0,"menu_order":0,"comment_status":"open","ping_status":"open","template":"","meta":{"_acf_changed":false,"footnotes":""},"class_list":["post-2873","page","type-page","status-publish","hentry"],"acf":[],"_links":{"self":[{"href":"https:\/\/sacod.ufpr.br\/artes\/wp-json\/wp\/v2\/pages\/2873","targetHints":{"allow":["GET"]}}],"collection":[{"href":"https:\/\/sacod.ufpr.br\/artes\/wp-json\/wp\/v2\/pages"}],"about":[{"href":"https:\/\/sacod.ufpr.br\/artes\/wp-json\/wp\/v2\/types\/page"}],"author":[{"embeddable":true,"href":"https:\/\/sacod.ufpr.br\/artes\/wp-json\/wp\/v2\/users\/31"}],"replies":[{"embeddable":true,"href":"https:\/\/sacod.ufpr.br\/artes\/wp-json\/wp\/v2\/comments?post=2873"}],"version-history":[{"count":9,"href":"https:\/\/sacod.ufpr.br\/artes\/wp-json\/wp\/v2\/pages\/2873\/revisions"}],"predecessor-version":[{"id":2882,"href":"https:\/\/sacod.ufpr.br\/artes\/wp-json\/wp\/v2\/pages\/2873\/revisions\/2882"}],"wp:attachment":[{"href":"https:\/\/sacod.ufpr.br\/artes\/wp-json\/wp\/v2\/media?parent=2873"}],"curies":[{"name":"wp","href":"https:\/\/api.w.org\/{rel}","templated":true}]}}